{"id":24683,"date":"2022-04-04T10:51:30","date_gmt":"2022-04-04T09:51:30","guid":{"rendered":"https:\/\/www.funeraillesbrainoises.be\/uitvaart-regelen-met-logghe\/"},"modified":"2024-08-07T11:14:39","modified_gmt":"2024-08-07T10:14:39","slug":"organiser-des-funerailles","status":"publish","type":"page","link":"https:\/\/www.funeraillesbrainoises.be\/fr\/organiser-des-funerailles\/","title":{"rendered":"Organiser des fun\u00e9railles"},"content":{"rendered":"\n<div id=\"block-main-banner-block_f68d248e20e9ee1c4f6c0d1c6f349d08\" class=\"block-main-banner\">\n    <div class=\"container\">\n        <div class=\"banner-wrap layout2 content_right content_top\">\n            <div class=\"banner-image\">\n                                                            <img loading=\"lazy\" decoding=\"async\" width=\"968\" height=\"1440\" src=\"https:\/\/www.touche.be\/app\/uploads\/sites\/78\/2024\/08\/CMS_organiser_funerailles-968x1440.jpg\" class=\"attachment-full-stretched size-full-stretched\" alt=\"Organiser des fun\u00e9railles\" srcset=\"https:\/\/www.touche.be\/app\/uploads\/sites\/78\/2024\/08\/CMS_organiser_funerailles-968x1440.jpg 968w, https:\/\/www.touche.be\/app\/uploads\/sites\/78\/2024\/08\/CMS_organiser_funerailles-202x300.jpg 202w, https:\/\/www.touche.be\/app\/uploads\/sites\/78\/2024\/08\/CMS_organiser_funerailles-688x1024.jpg 688w, https:\/\/www.touche.be\/app\/uploads\/sites\/78\/2024\/08\/CMS_organiser_funerailles-768x1143.jpg 768w, https:\/\/www.touche.be\/app\/uploads\/sites\/78\/2024\/08\/CMS_organiser_funerailles-1032x1536.jpg 1032w, https:\/\/www.touche.be\/app\/uploads\/sites\/78\/2024\/08\/CMS_organiser_funerailles-873x1300.jpg 873w, https:\/\/www.touche.be\/app\/uploads\/sites\/78\/2024\/08\/CMS_organiser_funerailles.jpg 1200w\" sizes=\"auto, (max-width: 968px) 100vw, 968px\" title=\"Organiser des fun\u00e9railles\" \/>                                                <\/div>\n\n                            <div class=\"banner-content\">\n                    <div class=\"inner\">\n                        <h2>Que faire en cas de d\u00e9c\u00e8s?<\/h2>\n<p><a class=\"btn btn-primary\" href=\"https:\/\/www.funeraillesbrainoises.be\/fr\/contact\/\">Signaler un d\u00e9c\u00e8s<\/a><\/p>\n<ol>\n<li>En cas de d\u00e9c\u00e8s \u00e0 domicile, informer le m\u00e9decin g\u00e9n\u00e9raliste. Il devra constater officiellement le d\u00e9c\u00e8s et r\u00e9diger un certificat de d\u00e9c\u00e8s et si cela est votre choix, compl\u00e9ter un formulaire de demande d\u2019incin\u00e9ration.<\/li>\n<li>Informer votre famille proche et vos amis qui pourraient vouloir venir dire au revoir au d\u00e9funt.<\/li>\n<li>Contacter Fun\u00e9railles <strong>Brainoises<\/strong>\u00a0qui coordonne tout le c\u00f4t\u00e9 pratique. Le transfert du d\u00e9funt vers le fun\u00e9rarium o\u00f9 les soins lui seront prodigu\u00e9s.<\/li>\n<li>De plus, nous vous guidons dans les choix fun\u00e9raires, le choix de l\u2019inhumation ou de la cr\u00e9mation, l\u2019achat ou pas d\u2019une concession. Nous organisons ensemble les obs\u00e8ques. Nous vous assistons tout au long du processus et rendons le c\u00f4t\u00e9 pratique aussi simple que possible. De cette fa\u00e7on, nous vous laissons l\u2019espace pour vous concentrer sur ce qui compte vraiment : le processus de deuil.<\/li>\n<li>Nous vous accompagnons pleinement sur le plan administratif et fiscal. Fun\u00e9railles <strong>Brainoises<\/strong> vous assistent tout au long du processus, y compris apr\u00e8s les fun\u00e9railles. Vous pouvez \u00e9galement nous contacter pour \u00eatre \u00e9paul\u00e9 dans le cheminement de votre deuil ainsi qu\u2019en cas de questions pratiques apr\u00e8s les fun\u00e9railles elles-m\u00eames.<\/li>\n<\/ol>\n                    <\/div>\n                <\/div>\n                    <\/div>\n    <\/div>\n<\/div>\n\n\n\n<div id=\"block-main-banner-block_2b8510200c454cfd90cef123badf75df\" class=\"block-main-banner\">\n    <div class=\"container\">\n        <div class=\"banner-wrap layout2 content_left content_top\">\n            <div class=\"banner-image\">\n                                                            <img loading=\"lazy\" decoding=\"async\" width=\"961\" height=\"1440\" src=\"https:\/\/www.touche.be\/app\/uploads\/sites\/78\/2024\/08\/CMS_Brainoises_Cerceuil-961x1440.jpg\" class=\"attachment-full-stretched size-full-stretched\" alt=\"Organiser des fun\u00e9railles\" srcset=\"https:\/\/www.touche.be\/app\/uploads\/sites\/78\/2024\/08\/CMS_Brainoises_Cerceuil-961x1440.jpg 961w, https:\/\/www.touche.be\/app\/uploads\/sites\/78\/2024\/08\/CMS_Brainoises_Cerceuil-200x300.jpg 200w, https:\/\/www.touche.be\/app\/uploads\/sites\/78\/2024\/08\/CMS_Brainoises_Cerceuil-683x1024.jpg 683w, https:\/\/www.touche.be\/app\/uploads\/sites\/78\/2024\/08\/CMS_Brainoises_Cerceuil-768x1151.jpg 768w, https:\/\/www.touche.be\/app\/uploads\/sites\/78\/2024\/08\/CMS_Brainoises_Cerceuil-1025x1536.jpg 1025w, https:\/\/www.touche.be\/app\/uploads\/sites\/78\/2024\/08\/CMS_Brainoises_Cerceuil-867x1300.jpg 867w, https:\/\/www.touche.be\/app\/uploads\/sites\/78\/2024\/08\/CMS_Brainoises_Cerceuil.jpg 1201w\" sizes=\"auto, (max-width: 961px) 100vw, 961px\" title=\"Organiser des fun\u00e9railles\" \/>                                                <\/div>\n\n                            <div class=\"banner-content\">\n                    <div class=\"inner\">\n                        <p><span style=\"font-family: 'Domaine Text', sans-serif;font-size: 38px;letter-spacing: 0px\">Que font les Fun\u00e9railles Brainoises pour vous ?<\/span><\/p>\n<ol>\n<li>Le soutien administratif.<\/li>\n<li>D\u00e8s que nous sommes en possession du certificat de d\u00e9c\u00e8s, du formulaire de demande d\u2019incin\u00e9ration (si n\u00e9cessaire) et de la carte d\u2019identit\u00e9, nous pouvons transf\u00e9rer le corps du d\u00e9funt dans notre fun\u00e9rarium, en prendre soin et d\u00e9clarer le d\u00e9c\u00e8s \u00e0 la maison communale afin d&#8217;obtenir une copie de l\u2019acte de d\u00e9c\u00e8s et les autorisations d\u2019inhumation ou incin\u00e9ration.<\/li>\n<li>Nous planifions les visites au fun\u00e9rarium, le jour et l\u2019heure des obs\u00e8ques et la r\u00e9ception apr\u00e8s fun\u00e9railles selon vos souhaits.<\/li>\n<li>Nous voyons ave vous point par point et dans les d\u00e9tails toutes les \u00e9tapes de l\u2019organisation des fun\u00e9railles.<\/li>\n<\/ol>\n                    <\/div>\n                <\/div>\n                    <\/div>\n    <\/div>\n<\/div>\n\n\n<div id=\"block-variable-content-list-block_8979ca5052eb06dd968a5002d5d69470\" class=\"block-variable-content-list default\">\n    <div class=\"container\">\n        <div class=\"widget-wrap per_row_2\">\n                            <div class=\"block-heading\">\n                    <span class=\"heading\">Aide pendant et apr\u00e8s les fun\u00e9railles<\/span>\n                <\/div>\n                        <div class=\"block-content\">\n                                                                                    <div class=\"element\">\n                                                            \n                                                                    <div class=\"image-wrap\">\n                                                                                    <img loading=\"lazy\" decoding=\"async\" width=\"1024\" height=\"683\" src=\"https:\/\/www.touche.be\/app\/uploads\/sites\/78\/2024\/01\/CMS_Admin-1024x683.png\" class=\"attachment-large size-large\" alt=\"Organiser des fun\u00e9railles\" srcset=\"https:\/\/www.touche.be\/app\/uploads\/sites\/78\/2024\/01\/CMS_Admin-1024x683.png 1024w, https:\/\/www.touche.be\/app\/uploads\/sites\/78\/2024\/01\/CMS_Admin-300x200.png 300w, https:\/\/www.touche.be\/app\/uploads\/sites\/78\/2024\/01\/CMS_Admin-768x512.png 768w, https:\/\/www.touche.be\/app\/uploads\/sites\/78\/2024\/01\/CMS_Admin-1536x1024.png 1536w, https:\/\/www.touche.be\/app\/uploads\/sites\/78\/2024\/01\/CMS_Admin-450x300.png 450w, https:\/\/www.touche.be\/app\/uploads\/sites\/78\/2024\/01\/CMS_Admin-1300x867.png 1300w, https:\/\/www.touche.be\/app\/uploads\/sites\/78\/2024\/01\/CMS_Admin-1440x960.png 1440w, https:\/\/www.touche.be\/app\/uploads\/sites\/78\/2024\/01\/CMS_Admin-600x400.png 600w, https:\/\/www.touche.be\/app\/uploads\/sites\/78\/2024\/01\/CMS_Admin.png 1800w\" sizes=\"auto, (max-width: 1024px) 100vw, 1024px\" title=\"Organiser des fun\u00e9railles\" \/>                                                                            <\/div>\n                                \n                                                                    <div class=\"content-wrap\">\n                                        <h4>Soutien Administratif<\/h4>\n<p>Fun\u00e9railles<strong> Brainoises<\/strong> est l\u00e0 pour \u00e9changer, r\u00e9pondre \u00e0 vos questions et vous assister si n\u00e9cessaire. Egalement pour toutes t\u00e2ches administratives et fiscales. Vous choisissez comment, ensemble nous examinons en d\u00e9tail les progr\u00e8s futurs.<\/p>\n<p><a class=\"btn btn-primary\" href=\"https:\/\/www.funeraillesbrainoises.be\/fr\/organiser-des-funerailles\/aide-administrative\/\">Aide administratrive<\/a><\/p>\n                                    <\/div>\n                                                                                    <\/div>\n                                                                    <div class=\"element\">\n                                                            \n                                                                    <div class=\"image-wrap\">\n                                                                                    <img loading=\"lazy\" decoding=\"async\" width=\"1024\" height=\"683\" src=\"https:\/\/www.touche.be\/app\/uploads\/sites\/78\/2024\/01\/CMS_Vergeet_Mij_nietje-1024x683.png\" class=\"attachment-large size-large\" alt=\"Organiser des fun\u00e9railles\" srcset=\"https:\/\/www.touche.be\/app\/uploads\/sites\/78\/2024\/01\/CMS_Vergeet_Mij_nietje-1024x683.png 1024w, https:\/\/www.touche.be\/app\/uploads\/sites\/78\/2024\/01\/CMS_Vergeet_Mij_nietje-300x200.png 300w, https:\/\/www.touche.be\/app\/uploads\/sites\/78\/2024\/01\/CMS_Vergeet_Mij_nietje-768x512.png 768w, https:\/\/www.touche.be\/app\/uploads\/sites\/78\/2024\/01\/CMS_Vergeet_Mij_nietje-1536x1024.png 1536w, https:\/\/www.touche.be\/app\/uploads\/sites\/78\/2024\/01\/CMS_Vergeet_Mij_nietje-450x300.png 450w, https:\/\/www.touche.be\/app\/uploads\/sites\/78\/2024\/01\/CMS_Vergeet_Mij_nietje-1300x867.png 1300w, https:\/\/www.touche.be\/app\/uploads\/sites\/78\/2024\/01\/CMS_Vergeet_Mij_nietje-1440x960.png 1440w, https:\/\/www.touche.be\/app\/uploads\/sites\/78\/2024\/01\/CMS_Vergeet_Mij_nietje-600x400.png 600w, https:\/\/www.touche.be\/app\/uploads\/sites\/78\/2024\/01\/CMS_Vergeet_Mij_nietje.png 1800w\" sizes=\"auto, (max-width: 1024px) 100vw, 1024px\" title=\"Organiser des fun\u00e9railles\" \/>                                                                            <\/div>\n                                \n                                                                    <div class=\"content-wrap\">\n                                        <h4>Aide aux personnes endeuill\u00e9es<\/h4>\n<p>Laissez l&#8217;un de nos psychologues professionnels vous guider dans le processus de deuil. Il n&#8217;y a pas de manuel pour faire son deuil. Vous choisissez ce qui vous convient le mieux.<\/p>\n<p><a class=\"btn btn-primary\" href=\"https:\/\/www.funeraillesbrainoises.be\/fr\/organiser-des-funerailles\/aide-psychologie\/\">Aide aux personnes endeuill\u00e9es<\/a><\/p>\n                                    <\/div>\n                                                                                    <\/div>\n                                                <\/div>\n        <\/div>\n    <\/div>\n<\/div>\n","protected":false},"excerpt":{"rendered":"","protected":false},"author":1,"featured_media":63132,"parent":0,"menu_order":0,"comment_status":"closed","ping_status":"closed","template":"","meta":{"_acf_changed":false,"footnotes":""},"class_list":["post-24683","page","type-page","status-publish","has-post-thumbnail","hentry"],"acf":[],"yoast_head":"<!-- This site is optimized with the Yoast SEO plugin v25.8 - https:\/\/yoast.com\/wordpress\/plugins\/seo\/ -->\n<title>Organiser des fun\u00e9railles - Les Fun\u00e9railles Brainoises<\/title>\n<meta name=\"description\" content=\"L&#039;organisation de vos fun\u00e9railles avec Brainoises se fait enti\u00e8rement selon vos souhaits. Nous vous guidons de A \u00e0 Z. Contactez-nous d\u00e8s maintenant.\" \/>\n<meta name=\"robots\" content=\"index, follow, max-snippet:-1, max-image-preview:large, max-video-preview:-1\" \/>\n<link rel=\"canonical\" href=\"https:\/\/www.funeraillesbrainoises.be\/fr\/organiser-des-funerailles\/\" \/>\n<meta property=\"og:locale\" content=\"fr_FR\" \/>\n<meta property=\"og:type\" content=\"article\" \/>\n<meta property=\"og:title\" content=\"Organiser des fun\u00e9railles - Les Fun\u00e9railles Brainoises\" \/>\n<meta property=\"og:description\" content=\"L&#039;organisation de vos fun\u00e9railles avec Brainoises se fait enti\u00e8rement selon vos souhaits. Nous vous guidons de A \u00e0 Z. Contactez-nous d\u00e8s maintenant.\" \/>\n<meta property=\"og:url\" content=\"https:\/\/www.funeraillesbrainoises.be\/fr\/organiser-des-funerailles\/\" \/>\n<meta property=\"og:site_name\" content=\"Les Fun\u00e9railles Brainoises\" \/>\n<meta property=\"article:modified_time\" content=\"2024-08-07T10:14:39+00:00\" \/>\n<meta property=\"og:image\" content=\"https:\/\/www.touche.be\/app\/uploads\/sites\/78\/2022\/11\/httpsshop.sereni.beappuploads202109CMS_WatBijOverlijden_Sereni-1-1024x678.jpg\" \/>\n\t<meta property=\"og:image:width\" content=\"1024\" \/>\n\t<meta property=\"og:image:height\" content=\"678\" \/>\n\t<meta property=\"og:image:type\" content=\"image\/jpeg\" \/>\n<meta name=\"twitter:card\" content=\"summary_large_image\" \/>\n<meta name=\"twitter:label1\" content=\"Est. reading time\" \/>\n\t<meta name=\"twitter:data1\" content=\"3 minutes\" \/>\n<script type=\"application\/ld+json\" class=\"yoast-schema-graph\">{\"@context\":\"https:\/\/schema.org\",\"@graph\":[{\"@type\":[\"WebPage\",\"FAQPage\"],\"@id\":\"https:\/\/www.funeraillesbrainoises.be\/fr\/organiser-des-funerailles\/\",\"url\":\"https:\/\/www.funeraillesbrainoises.be\/fr\/organiser-des-funerailles\/\",\"name\":\"Organiser des fun\u00e9railles - Les Fun\u00e9railles Brainoises\",\"isPartOf\":{\"@id\":\"https:\/\/www.funeraillesbrainoises.be\/fr\/#website\"},\"primaryImageOfPage\":{\"@id\":\"https:\/\/www.funeraillesbrainoises.be\/fr\/organiser-des-funerailles\/#primaryimage\"},\"image\":{\"@id\":\"https:\/\/www.funeraillesbrainoises.be\/fr\/organiser-des-funerailles\/#primaryimage\"},\"thumbnailUrl\":\"https:\/\/www.touche.be\/app\/uploads\/sites\/78\/2022\/11\/httpsshop.sereni.beappuploads202109CMS_WatBijOverlijden_Sereni-1.jpg\",\"datePublished\":\"2022-04-04T09:51:30+00:00\",\"dateModified\":\"2024-08-07T10:14:39+00:00\",\"description\":\"L'organisation de vos fun\u00e9railles avec Brainoises se fait enti\u00e8rement selon vos souhaits. Nous vous guidons de A \u00e0 Z. Contactez-nous d\u00e8s maintenant.\",\"inLanguage\":\"fr-FR\",\"potentialAction\":[{\"@type\":\"ReadAction\",\"target\":[\"https:\/\/www.funeraillesbrainoises.be\/fr\/organiser-des-funerailles\/\"]}]},{\"@type\":\"ImageObject\",\"inLanguage\":\"fr-FR\",\"@id\":\"https:\/\/www.funeraillesbrainoises.be\/fr\/organiser-des-funerailles\/#primaryimage\",\"url\":\"https:\/\/www.touche.be\/app\/uploads\/sites\/78\/2022\/11\/httpsshop.sereni.beappuploads202109CMS_WatBijOverlijden_Sereni-1.jpg\",\"contentUrl\":\"https:\/\/www.touche.be\/app\/uploads\/sites\/78\/2022\/11\/httpsshop.sereni.beappuploads202109CMS_WatBijOverlijden_Sereni-1.jpg\",\"width\":2480,\"height\":1643},{\"@type\":\"WebSite\",\"@id\":\"https:\/\/www.funeraillesbrainoises.be\/fr\/#website\",\"url\":\"https:\/\/www.funeraillesbrainoises.be\/fr\/\",\"name\":\"Les Fun\u00e8railles Brainoises\",\"description\":\"Just another Sereni site\",\"potentialAction\":[{\"@type\":\"SearchAction\",\"target\":{\"@type\":\"EntryPoint\",\"urlTemplate\":\"https:\/\/www.funeraillesbrainoises.be\/fr\/?s={search_term_string}\"},\"query-input\":{\"@type\":\"PropertyValueSpecification\",\"valueRequired\":true,\"valueName\":\"search_term_string\"}}],\"inLanguage\":\"fr-FR\"}]}<\/script>\n<!-- \/ Yoast SEO plugin. -->","yoast_head_json":{"title":"Organiser des fun\u00e9railles - Les Fun\u00e9railles Brainoises","description":"L'organisation de vos fun\u00e9railles avec Brainoises se fait enti\u00e8rement selon vos souhaits. Nous vous guidons de A \u00e0 Z. Contactez-nous d\u00e8s maintenant.","robots":{"index":"index","follow":"follow","max-snippet":"max-snippet:-1","max-image-preview":"max-image-preview:large","max-video-preview":"max-video-preview:-1"},"canonical":"https:\/\/www.funeraillesbrainoises.be\/fr\/organiser-des-funerailles\/","og_locale":"fr_FR","og_type":"article","og_title":"Organiser des fun\u00e9railles - Les Fun\u00e9railles Brainoises","og_description":"L'organisation de vos fun\u00e9railles avec Brainoises se fait enti\u00e8rement selon vos souhaits. Nous vous guidons de A \u00e0 Z. Contactez-nous d\u00e8s maintenant.","og_url":"https:\/\/www.funeraillesbrainoises.be\/fr\/organiser-des-funerailles\/","og_site_name":"Les Fun\u00e9railles Brainoises","article_modified_time":"2024-08-07T10:14:39+00:00","og_image":[{"width":1024,"height":678,"url":"https:\/\/www.touche.be\/app\/uploads\/sites\/78\/2022\/11\/httpsshop.sereni.beappuploads202109CMS_WatBijOverlijden_Sereni-1-1024x678.jpg","type":"image\/jpeg"}],"twitter_card":"summary_large_image","twitter_misc":{"Est. reading time":"3 minutes"},"schema":{"@context":"https:\/\/schema.org","@graph":[{"@type":["WebPage","FAQPage"],"@id":"https:\/\/www.funeraillesbrainoises.be\/fr\/organiser-des-funerailles\/","url":"https:\/\/www.funeraillesbrainoises.be\/fr\/organiser-des-funerailles\/","name":"Organiser des fun\u00e9railles - Les Fun\u00e9railles Brainoises","isPartOf":{"@id":"https:\/\/www.funeraillesbrainoises.be\/fr\/#website"},"primaryImageOfPage":{"@id":"https:\/\/www.funeraillesbrainoises.be\/fr\/organiser-des-funerailles\/#primaryimage"},"image":{"@id":"https:\/\/www.funeraillesbrainoises.be\/fr\/organiser-des-funerailles\/#primaryimage"},"thumbnailUrl":"https:\/\/www.touche.be\/app\/uploads\/sites\/78\/2022\/11\/httpsshop.sereni.beappuploads202109CMS_WatBijOverlijden_Sereni-1.jpg","datePublished":"2022-04-04T09:51:30+00:00","dateModified":"2024-08-07T10:14:39+00:00","description":"L'organisation de vos fun\u00e9railles avec Brainoises se fait enti\u00e8rement selon vos souhaits. Nous vous guidons de A \u00e0 Z. Contactez-nous d\u00e8s maintenant.","inLanguage":"fr-FR","potentialAction":[{"@type":"ReadAction","target":["https:\/\/www.funeraillesbrainoises.be\/fr\/organiser-des-funerailles\/"]}]},{"@type":"ImageObject","inLanguage":"fr-FR","@id":"https:\/\/www.funeraillesbrainoises.be\/fr\/organiser-des-funerailles\/#primaryimage","url":"https:\/\/www.touche.be\/app\/uploads\/sites\/78\/2022\/11\/httpsshop.sereni.beappuploads202109CMS_WatBijOverlijden_Sereni-1.jpg","contentUrl":"https:\/\/www.touche.be\/app\/uploads\/sites\/78\/2022\/11\/httpsshop.sereni.beappuploads202109CMS_WatBijOverlijden_Sereni-1.jpg","width":2480,"height":1643},{"@type":"WebSite","@id":"https:\/\/www.funeraillesbrainoises.be\/fr\/#website","url":"https:\/\/www.funeraillesbrainoises.be\/fr\/","name":"Les Fun\u00e8railles Brainoises","description":"Just another Sereni site","potentialAction":[{"@type":"SearchAction","target":{"@type":"EntryPoint","urlTemplate":"https:\/\/www.funeraillesbrainoises.be\/fr\/?s={search_term_string}"},"query-input":{"@type":"PropertyValueSpecification","valueRequired":true,"valueName":"search_term_string"}}],"inLanguage":"fr-FR"}]}},"_links":{"self":[{"href":"https:\/\/www.funeraillesbrainoises.be\/fr\/wp-json\/wp\/v2\/pages\/24683","targetHints":{"allow":["GET"]}}],"collection":[{"href":"https:\/\/www.funeraillesbrainoises.be\/fr\/wp-json\/wp\/v2\/pages"}],"about":[{"href":"https:\/\/www.funeraillesbrainoises.be\/fr\/wp-json\/wp\/v2\/types\/page"}],"author":[{"embeddable":true,"href":"https:\/\/www.funeraillesbrainoises.be\/fr\/wp-json\/wp\/v2\/users\/1"}],"replies":[{"embeddable":true,"href":"https:\/\/www.funeraillesbrainoises.be\/fr\/wp-json\/wp\/v2\/comments?post=24683"}],"version-history":[{"count":0,"href":"https:\/\/www.funeraillesbrainoises.be\/fr\/wp-json\/wp\/v2\/pages\/24683\/revisions"}],"wp:featuredmedia":[{"embeddable":true,"href":"https:\/\/www.funeraillesbrainoises.be\/fr\/wp-json\/wp\/v2\/media\/63132"}],"wp:attachment":[{"href":"https:\/\/www.funeraillesbrainoises.be\/fr\/wp-json\/wp\/v2\/media?parent=24683"}],"curies":[{"name":"wp","href":"https:\/\/api.w.org\/{rel}","templated":true}]}}