{"id":24680,"date":"2021-07-08T08:06:17","date_gmt":"2021-07-08T08:06:17","guid":{"rendered":"https:\/\/www.funeraillesbrainoises.be\/privacybeleid\/"},"modified":"2025-06-04T14:22:02","modified_gmt":"2025-06-04T13:22:02","slug":"politique-de-confidialite","status":"publish","type":"page","link":"https:\/\/www.funeraillesbrainoises.be\/fr\/politique-de-confidialite\/","title":{"rendered":"Politique de confidialit\u00e9"},"content":{"rendered":"\n<div id=\"block-main-banner-block_47a511fb2f38693f98eb6f8de4a5e4ea\" class=\"block-main-banner\">\n    <div class=\"container\">\n        <div class=\"banner-wrap layout2 content_left content_bottom\">\n            <div class=\"banner-image\">\n                                                            <img loading=\"lazy\" decoding=\"async\" width=\"1238\" height=\"825\" src=\"https:\/\/www.touche.be\/app\/uploads\/sites\/78\/2025\/06\/Privacybeleid.jpg\" class=\"attachment-full-stretched size-full-stretched\" alt=\"Politique de confidialit\u00e9\" srcset=\"https:\/\/www.touche.be\/app\/uploads\/sites\/78\/2025\/06\/Privacybeleid.jpg 1238w, https:\/\/www.touche.be\/app\/uploads\/sites\/78\/2025\/06\/Privacybeleid-300x200.jpg 300w, https:\/\/www.touche.be\/app\/uploads\/sites\/78\/2025\/06\/Privacybeleid-1024x682.jpg 1024w, https:\/\/www.touche.be\/app\/uploads\/sites\/78\/2025\/06\/Privacybeleid-768x512.jpg 768w, https:\/\/www.touche.be\/app\/uploads\/sites\/78\/2025\/06\/Privacybeleid-450x300.jpg 450w\" sizes=\"auto, (max-width: 1238px) 100vw, 1238px\" title=\"Politique de confidialit\u00e9\" \/>                                                <\/div>\n\n                            <div class=\"banner-content\">\n                    <div class=\"inner\">\n                        <p>Dans notre r\u00f4le de conseiller fun\u00e9raire, nous consid\u00e9rons que votre droit \u00e0 la vie priv\u00e9e est important. Vos donn\u00e9es \u00e0 caract\u00e8re personnel sont trait\u00e9es de mani\u00e8re l\u00e9gale, \u00e9quitable et transparente. Dans cette d\u00e9claration de confidentialit\u00e9, nous expliquons comment Sereni traite vos donn\u00e9es \u00e0 caract\u00e8re personnel.<\/p>\n<p>Sereni NV<br \/>\nJan Van Gentstraat 1\/302<br \/>\n2000 Anvers 0463.338.811<br \/>\n(RPR Anvers, d\u00e9partement Anvers)<br \/>\nBTW BE0463 338 811<br \/>\nsereni@sereni.be<\/p>\n                    <\/div>\n                <\/div>\n                    <\/div>\n    <\/div>\n<\/div>\n\n\n\n<p class=\"normal\"><strong>Article 1 &#8211; Quelles donn\u00e9es nous traitons \u00e0 votre sujet<\/strong><\/p>\n\n\n\n<p class=\"normal\">1.1. Sereni NV traite vos donn\u00e9es personnelles dans le cadre de ses activit\u00e9s. Cela comprend :<\/p>\n\n\n\n<p class=\"normal\"><strong>Cat\u00e9gorie 1<\/strong>, sur la base de cookies : votre adresse IP et les d\u00e9tails de votre visite sur notre site web [et comportement de navigation ? origine ? termes de recherche ?] ;<\/p>\n\n\n\n<p class=\"normal\"><strong>Cat\u00e9gorie 2<\/strong>,lors de l&#8217;inscription ou via l&#8217;un des formulaires de notre site web : vos nom et pr\u00e9nom, \u00e9ventuellement le nom de votre soci\u00e9t\u00e9 et votre num\u00e9ro de TVA, vos coordonn\u00e9es, votre e-mail, votre t\u00e9l\u00e9phone et toute autre information que vous nous communiquez dans le champ de saisie libre ;<\/p>\n\n\n\n<p class=\"normal\"><strong>Cat\u00e9gorie 3<\/strong>, lorsque vous nous appelez ou nous envoyez un courriel : votre adresse \u00e9lectronique et\/ou votre num\u00e9ro de t\u00e9l\u00e9phone, ainsi que toute autre donn\u00e9e que vous fournissez vous-m\u00eame ;<\/p>\n\n\n\n<p class=\"normal\"><strong>Cat\u00e9gorie 4<\/strong>, lors de l&#8217;inscription \u00e0 notre newsletter : votre adresse e-mail ;<\/p>\n\n\n\n<p class=\"normal\"><strong>Cat\u00e9gorie 5<\/strong>, lors de la passation d&#8217;une commande : vos nom et pr\u00e9nom, \u00e9ventuellement le nom de votre entreprise et votre num\u00e9ro de TVA, vos coordonn\u00e9es, votre num\u00e9ro de t\u00e9l\u00e9phone et votre e-mail.<\/p>\n\n\n\n<p class=\"normal\"><strong>Article 2 &#8211; Utilisation de vos donn\u00e9es personnelles<\/strong><\/p>\n\n\n\n<p class=\"normal\">2.1. Objectifs g\u00e9n\u00e9raux :<\/p>\n\n\n\n<p class=\"normal\">Beyond Infinity nV utilisera vos donn\u00e9es personnelles exclusivement pour :<\/p>\n\n\n\n<p class=\"normal\"><strong>Cat\u00e9gorie 1 <\/strong>: maintien et am\u00e9lioration de notre site Web et inclusion des donn\u00e9es personnelles dans des statistiques anonymes, des applications de marketing \u00e0 partir desquelles l&#8217;identit\u00e9 de personnes ou de soci\u00e9t\u00e9s sp\u00e9cifiques ne peut \u00eatre d\u00e9termin\u00e9e, avec pour base juridique votre consentement explicite et pr\u00e9alable lors de votre premi\u00e8re visite sur notre site Web.<\/p>\n\n\n\n<p class=\"normal\"><strong>Cat\u00e9gories 2 et 3<\/strong> : la capacit\u00e9 de r\u00e9pondre \u00e0 la question que vous avez pos\u00e9e avec pour base juridique votre consentement explicite et pr\u00e9alable en ligne et notre int\u00e9r\u00eat l\u00e9gitime dans le contact par t\u00e9l\u00e9phone ;<\/p>\n\n\n\n<p class=\"normal\"><strong>Cat\u00e9gories 2, 3 et 4<\/strong> : marketing direct, lettres d&#8217;information, actions et promotions par Sereni NV elle-m\u00eame, la base juridique \u00e9tant notre int\u00e9r\u00eat l\u00e9gitime par rapport aux clients existants ou votre consentement explicite et pr\u00e9alable si vous n&#8217;\u00eates pas encore client de Sereni NV. Vous pouvez indiquer \u00e0 tout moment que vous ne souhaitez plus recevoir nos lettres d&#8217;information en utilisant l&#8217;option de refus figurant dans nos lettres d&#8217;information ou en nous contactant directement par e-mail ou par t\u00e9l\u00e9phone ;<\/p>\n\n\n\n<p class=\"normal\"><strong>Cat\u00e9gorie 5<\/strong> : la livraison et la facturation des produits ou services que vous avez command\u00e9s, avec pour base juridique l&#8217;ex\u00e9cution d&#8217;un accord demand\u00e9 par vous et pour lequel le traitement de vos Donn\u00e9es personnelles est n\u00e9cessaire parce qu&#8217;il est requis par la loi ou parce que Sereni NV a un int\u00e9r\u00eat l\u00e9gitime \u00e0 le faire.<\/p>\n\n\n\n<p class=\"normal\">2.2. Marketing direct :<\/p>\n\n\n\n<p class=\"normal\">Nous utilisons \u00e9galement vos donn\u00e9es personnelles \u00e0 des fins de marketing direct, mais uniquement si vous nous donnez votre consentement explicite (&#8220;opt-in&#8221;) ou si vous \u00eates l&#8217;un de nos clients existants.<\/p>\n\n\n\n<p class=\"normal\">Vous pouvez retirer votre consentement au marketing direct \u00e0 tout moment, gratuitement et sans avoir \u00e0 fournir de motif.&nbsp; Tous nos courriers \u00e9lectroniques contiennent un lien de d\u00e9sinscription en bas du courrier \u00e9lectronique sp\u00e9cialement pr\u00e9vu \u00e0 cet effet.<\/p>\n\n\n\n<p class=\"normal\">&nbsp;<strong>Article 3 &#8211; Comment nous partageons vos donn\u00e9es avec des tiers<\/strong><\/p>\n\n\n\n<p class=\"normal\">Nous ne partageons pas vos donn\u00e9es personnelles avec des tiers, sauf avec votre consentement pr\u00e9alable.<\/p>\n\n\n\n<p class=\"normal\">Si jamais nous cessons nos activit\u00e9s ou les transf\u00e9rons \u00e0 quelqu&#8217;un d&#8217;autre, par exemple parce que nous faisons faillite ou vendons notre entreprise, cela peut signifier que vos donn\u00e9es personnelles sont transf\u00e9r\u00e9es \u00e0 des tiers qui reprendront tout ou partie de nos activit\u00e9s. Dans ce cas, Sereni NV vous informera toujours \u00e0 l&#8217;avance dans la mesure du possible, mais vous comprenez que cela n&#8217;est pas techniquement ou commercialement faisable en toutes circonstances.<\/p>\n\n\n\n<p class=\"normal\">Dans de rares cas, nous pouvons \u00eatre oblig\u00e9s de divulguer des donn\u00e9es personnelles sur la base d&#8217;une d\u00e9cision de justice ou pour nous conformer \u00e0 d&#8217;autres lois ou r\u00e9glementations obligatoires. Nous nous efforcerons de vous informer \u00e0 l&#8217;avance dans la mesure de nos possibilit\u00e9s, \u00e0 moins que nous ne soyons dans l&#8217;impossibilit\u00e9 de le faire pour des raisons juridiques.<\/p>\n\n\n\n<p class=\"normal\"><strong>Article 4 &#8211; Dur\u00e9e de conservation de vos donn\u00e9es personnelles<\/strong><\/p>\n\n\n\n<p class=\"normal\">Nous conservons vos Donn\u00e9es Personnelles aussi longtemps que cela est n\u00e9cessaire par rapport aux finalit\u00e9s du traitement.&nbsp;<\/p>\n\n\n\n<p class=\"normal\">1. Donn\u00e9es pour les bulletins d&#8217;information : nous conservons vos donn\u00e9es tant que vous n&#8217;avez pas retir\u00e9 votre consentement. Si vous \u00eates un client existant, nous pouvons \u00e9galement vous envoyer notre newsletter ou notre magazine sur la base de notre activit\u00e9 l\u00e9gitime. Vous pouvez toujours vous d\u00e9sabonner. Nous conserverons vos donn\u00e9es \u00e0 cette fin pendant 10 ans apr\u00e8s votre derni\u00e8re commande.<\/p>\n\n\n\n<p class=\"normal\">2. Donn\u00e9es de facturation : en raison des obligations l\u00e9gales en mati\u00e8re de comptabilit\u00e9, nous conservons vos donn\u00e9es pendant 10 ans apr\u00e8s la date de la derni\u00e8re facture.<\/p>\n\n\n\n<p class=\"normal\"><strong>Article 5 &#8211; vos droits<\/strong><\/p>\n\n\n\n<p class=\"normal\">Vous avez le droit d&#8217;\u00eatre inform\u00e9 \u00e0 tout moment, gratuitement, de vos donn\u00e9es personnelles et de l&#8217;utilisation que nous en faisons. Vous avez le droit de nous demander de corriger, compl\u00e9ter ou supprimer vos donn\u00e9es personnelles. Vous pouvez \u00e9galement demander \u00e0 restreindre le traitement de vos donn\u00e9es personnelles dans un certain nombre de cas \u00e9num\u00e9r\u00e9s dans le GDPR. Vous avez le droit de vous opposer au traitement de vos Donn\u00e9es Personnelles si vous avez des raisons s\u00e9rieuses et l\u00e9gitimes de le faire qui d\u00e9passent notre besoin de traiter vos donn\u00e9es. Vous avez \u00e9galement le droit de vous opposer \u00e0 tout moment \u00e0 l&#8217;utilisation de vos donn\u00e9es personnelles \u00e0 des fins de marketing direct, m\u00eame sans avoir \u00e0 fournir de raison pour le faire. Vous avez le droit de demander vos donn\u00e9es personnelles sous forme num\u00e9rique et lisible et\/ou de les faire transf\u00e9rer \u00e0 un autre prestataire de services de votre choix.&nbsp; Dans la mesure o\u00f9 notre traitement est fond\u00e9 sur votre consentement pr\u00e9alable, vous avez le droit de retirer ce consentement.<\/p>\n\n\n\n<p class=\"normal\">Vous pouvez exercer vos droits par e-mail \u00e0 sereni@sereni.be, par courrier \u00e0 Jan Van Gentstraat 1 bus 302, 2000 Anvers.<\/p>\n\n\n\n<p class=\"normal\">Vous avez le droit d&#8217;introduire une plainte aupr\u00e8s de l&#8217;autorit\u00e9 belge de protection des donn\u00e9es :<\/p>\n\n\n\n<p class=\"normal\">Rue du Palais 35\u00a0<br>1000 Bruxelles\u00a0<br>T\u00e9l : +32 (0)2 274 48 00\u00a0<br>contact@apd-gba.be.\u00a0\u00a0<\/p>\n\n\n\n<p class=\"normal\">Si n\u00e9cessaire, vous pouvez \u00e9galement saisir le tribunal civil pour demander des dommages et int\u00e9r\u00eats.<\/p>\n\n\n\n<p class=\"normal\"><strong>Article 6 &#8211; Comment nous prot\u00e9geons vos donn\u00e9es personnelles<\/strong><\/p>\n\n\n\n<p class=\"normal\">Nous avons pris des mesures de s\u00e9curit\u00e9 appropri\u00e9es au niveau technique et organisationnel pour garantir la s\u00e9curit\u00e9 de vos donn\u00e9es personnelles. En aucun cas, Sereni NV ne peut \u00eatre tenue responsable de tout dommage direct ou indirect r\u00e9sultant d&#8217;une utilisation incorrecte ou ill\u00e9gale de donn\u00e9es personnelles par un tiers.<\/p>\n\n\n\n<p class=\"normal\"><strong>Article 7 &#8211; Cookies&nbsp;<\/strong><\/p>\n\n\n\n<p class=\"normal\">Notre site web utilise des cookies et des technologies similaires. Cela nous aide \u00e0 vous offrir une meilleure exp\u00e9rience utilisateur lorsque vous visitez notre site web et nous permet \u00e9galement d&#8217;optimiser notre site web. Sans votre consentement pr\u00e9alable, nous ne pla\u00e7ons que les cookies purement fonctionnels qui sont n\u00e9cessaires au bon fonctionnement de notre site web. Pour tous les autres cookies, nous demandons d&#8217;abord votre autorisation.<\/p>\n\n\n\n<p class=\"normal\">La liste de cookies suivante vous donne un aper\u00e7u des cookies que notre site web utilise.<\/p>\n\n\n\n<p class=\"normal\"><strong>Liste des cookies<\/strong><\/p>\n\n\n\n<p class=\"normal\">Un cookie est un petit fichier texte contenant des donn\u00e9es qu&#8217;un site web (lorsqu&#8217;un utilisateur le visite) souhaite stocker sur votre appareil afin de se souvenir d&#8217;informations vous concernant, telles que votre pr\u00e9f\u00e9rence linguistique ou vos informations de connexion. Ces cookies sont d\u00e9finis par nous et sont appel\u00e9s cookies internes. Nous utilisons \u00e9galement des cookies externes, qui sont des cookies provenant d&#8217;un domaine diff\u00e9rent de celui o\u00f9 vous vous trouvez. Nous utilisons des cookies et d&#8217;autres technologies de suivi aux fins suivantes :<\/p>\n\n\n\n<p class=\"normal\"><\/p>\n\n\n\n<p class=\"normal\"><strong>        <div class=\"ct-ultimate-gdpr-container\">\n            <label for=\"ct-ultimate-gdpr-party-filter\"> First or Third Party Filter<\/label>\n            <select name=\"ct-ultimate-gdpr-party-filter\" id=\"ct-ultimate-gdpr-party-filter\">\n                <option value=\"\">Tous<\/option>\n                <option value=\"Premi\u00e8re partie\">Premi\u00e8re partie<\/option>\n                <option value=\"Tierce partie\">Tierce partie<\/option>\n            <\/select>\n        <\/div>\n        <div id=\"ct-ultimate-gdpr-cookies-table\" class=\"ct-ultimate-gdpr-table-responsive table-responsive\">\n            <table>\n                <thead>\n                    <tr>\n                        <th>\n                            Cookie names                        <\/th>\n                        <th>\n                            Type of cookie                        <\/th>\n                        <th>\n                            First or Third party                        <\/th>\n                        <th>\n                            Can be blocked                        <\/th>\n                        <th>\n                            Session or Persistent                        <\/th>\n                        <th>\n                            Expiry Time                        <\/th>\n                        <th>\n                            Purpose                        <\/th>\n                    <\/tr>\n                <\/thead>\n                <tbody><\/tbody>\n            <\/table>\n        <\/div>\n\t\t<\/strong><\/p>\n\n\n\n<p class=\"normal\"><\/p>\n\n\n\n<p class=\"normal\"><strong>Cookies strictement n\u00e9cessaires<\/strong><\/p>\n\n\n\n<p class=\"normal\">Ces cookies ne stockent pas d&#8217;informations personnellement identifiables mais sont n\u00e9cessaires au fonctionnement de notre site Web et ne peuvent donc pas \u00eatre d\u00e9sactiv\u00e9s. Dans la plupart des cas, ces cookies ne sont utilis\u00e9s que lorsque vous demandez un service, par exemple pour enregistrer vos param\u00e8tres de confidentialit\u00e9, vous connecter \u00e0 notre site web ou remplir un formulaire. Vous pouvez configurer votre navigateur de mani\u00e8re \u00e0 bloquer ces cookies ou \u00e0 vous en avertir, mais certaines parties de notre site web ne fonctionneront alors pas.&nbsp;<\/p>\n\n\n\n<p class=\"normal\"><strong>Cookies de performance<\/strong><\/p>\n\n\n\n<p class=\"normal\">Ces cookies nous permettent de compter les visiteurs et leurs origines afin d&#8217;analyser et d&#8217;am\u00e9liorer les performances de notre site web. Ils nous aident \u00e0 comprendre quelles sont les pages les plus et les moins populaires et comment les visiteurs se d\u00e9placent sur le site. Toutes les informations recueillies par ces cookies sont agr\u00e9g\u00e9es et donc anonymes. Si vous n&#8217;autorisez pas ces cookies, nous ne saurons pas quand vous avez visit\u00e9 notre site.<\/p>\n\n\n\n<p class=\"normal\"><strong>Cookies fonctionnels<\/strong><\/p>\n\n\n\n<p class=\"normal\">Ces cookies permettent \u00e0 notre site Web de fournir des fonctionnalit\u00e9s suppl\u00e9mentaires et des param\u00e8tres personnalis\u00e9s. Elles peuvent \u00eatre d\u00e9finies par nous ou par des prestataires de services tiers plac\u00e9s sur nos pages. Si vous n&#8217;autorisez pas ces cookies, ce service ou certains de ces services peuvent ne pas fonctionner correctement.<\/p>\n\n\n\n<p class=\"normal\"><strong>Cookies de marketing<\/strong><\/p>\n\n\n\n<p class=\"normal\">Ces cookies peuvent \u00eatre install\u00e9s par nos annonceurs sur notre site web. Ils peuvent utiliser ces cookies pour \u00e9tablir un profil de vos int\u00e9r\u00eats et vous montrer des publicit\u00e9s pertinentes sur d&#8217;autres sites web. Ils ne stockent pas d&#8217;informations personnelles directes, mais sont bas\u00e9s sur des identifiants uniques de votre navigateur et de votre appareil internet. Si vous refusez ces cookies, vous verrez moins de publicit\u00e9s adapt\u00e9es \u00e0 votre profil.<\/p>\n\n\n\n<p class=\"normal\">Si vous constatez que d&#8217;autres cookies sont plac\u00e9s sur notre site Web, veuillez nous en informer imm\u00e9diatement afin que nous puissions apporter les modifications n\u00e9cessaires. Nous vous donnons autant d&#8217;informations que possible sur les cookies plac\u00e9s par des tiers. Toutefois, si vous souhaitez en savoir plus, nous vous renvoyons aux d\u00e9clarations de confidentialit\u00e9 de ces parties sur leurs sites web respectifs.<\/p>\n\n\n\n<p class=\"normal\">Veuillez noter que nous n&#8217;exer\u00e7ons aucune influence sur le contenu de ces d\u00e9clarations, ni sur le contenu des cookies plac\u00e9s par ces tiers. Lors de votre premi\u00e8re visite sur notre site Web, il vous sera demand\u00e9 d&#8217;accepter nos cookies. Vous pouvez ensuite g\u00e9rer vos choix \u00e0 tout moment.<\/p>\n\n\n\n<p class=\"normal\">Si vous avez d&#8217;autres questions ou commentaires sur le traitement de vos donn\u00e9es personnelles, veuillez nous contacter par e-mail \u00e0 sereni@sereni.be, par courrier \u00e0 Jan Van Gentstraat 1 bus 302, 2000 Anvers.<\/p>\n\n\n\n<p class=\"normal\">Vous trouverez \u00e9galement de plus amples informations sur les cookies \u00e0 l&#8217;adresse suivante : <a href=\"http:\/\/www.allaboutcookies.org\/\">http:\/\/www.allaboutcookies.org\/<\/a> . Vous trouverez de plus amples informations sur la publicit\u00e9 comportementale en ligne et la confidentialit\u00e9 en ligne \u00e0 l&#8217;adresse suivante : <a href=\"http:\/\/www.youronlinechoices.eu\/\">http:\/\/www.youronlinechoices.eu\/<\/a> .<\/p>\n\n\n\n<p class=\"normal\"><\/p>\n","protected":false},"excerpt":{"rendered":"<p>Article 1 &#8211; Quelles donn\u00e9es nous traitons \u00e0 votre sujet 1.1. Sereni NV traite vos donn\u00e9es personnelles dans le cadre<\/p>\n","protected":false},"author":1,"featured_media":0,"parent":0,"menu_order":0,"comment_status":"closed","ping_status":"closed","template":"","meta":{"_acf_changed":false,"footnotes":""},"class_list":["post-24680","page","type-page","status-publish","hentry"],"acf":[],"yoast_head":"<!-- This site is optimized with the Yoast SEO plugin v25.8 - https:\/\/yoast.com\/wordpress\/plugins\/seo\/ -->\n<title>Politique de confidialit\u00e9 - Les Fun\u00e9railles Brainoises<\/title>\n<meta name=\"robots\" content=\"index, follow, max-snippet:-1, max-image-preview:large, max-video-preview:-1\" \/>\n<link rel=\"canonical\" href=\"https:\/\/www.funeraillesbrainoises.be\/fr\/politique-de-confidialite\/\" \/>\n<meta property=\"og:locale\" content=\"fr_FR\" \/>\n<meta property=\"og:type\" content=\"article\" \/>\n<meta property=\"og:title\" content=\"Politique de confidialit\u00e9 - Les Fun\u00e9railles Brainoises\" \/>\n<meta property=\"og:description\" content=\"Article 1 &#8211; Quelles donn\u00e9es nous traitons \u00e0 votre sujet 1.1. Sereni NV traite vos donn\u00e9es personnelles dans le cadre\" \/>\n<meta property=\"og:url\" content=\"https:\/\/www.funeraillesbrainoises.be\/fr\/politique-de-confidialite\/\" \/>\n<meta property=\"og:site_name\" content=\"Les Fun\u00e9railles Brainoises\" \/>\n<meta property=\"article:modified_time\" content=\"2025-06-04T13:22:02+00:00\" \/>\n<meta name=\"twitter:card\" content=\"summary_large_image\" \/>\n<meta name=\"twitter:label1\" content=\"Est. reading time\" \/>\n\t<meta name=\"twitter:data1\" content=\"9 minutes\" \/>\n<script type=\"application\/ld+json\" class=\"yoast-schema-graph\">{\"@context\":\"https:\/\/schema.org\",\"@graph\":[{\"@type\":\"WebPage\",\"@id\":\"https:\/\/www.funeraillesbrainoises.be\/fr\/politique-de-confidialite\/\",\"url\":\"https:\/\/www.funeraillesbrainoises.be\/fr\/politique-de-confidialite\/\",\"name\":\"Politique de confidialit\u00e9 - Les Fun\u00e9railles Brainoises\",\"isPartOf\":{\"@id\":\"https:\/\/www.funeraillesbrainoises.be\/fr\/#website\"},\"datePublished\":\"2021-07-08T08:06:17+00:00\",\"dateModified\":\"2025-06-04T13:22:02+00:00\",\"inLanguage\":\"fr-FR\",\"potentialAction\":[{\"@type\":\"ReadAction\",\"target\":[\"https:\/\/www.funeraillesbrainoises.be\/fr\/politique-de-confidialite\/\"]}]},{\"@type\":\"WebSite\",\"@id\":\"https:\/\/www.funeraillesbrainoises.be\/fr\/#website\",\"url\":\"https:\/\/www.funeraillesbrainoises.be\/fr\/\",\"name\":\"Les Fun\u00e8railles Brainoises\",\"description\":\"Just another Sereni site\",\"potentialAction\":[{\"@type\":\"SearchAction\",\"target\":{\"@type\":\"EntryPoint\",\"urlTemplate\":\"https:\/\/www.funeraillesbrainoises.be\/fr\/?s={search_term_string}\"},\"query-input\":{\"@type\":\"PropertyValueSpecification\",\"valueRequired\":true,\"valueName\":\"search_term_string\"}}],\"inLanguage\":\"fr-FR\"}]}<\/script>\n<!-- \/ Yoast SEO plugin. -->","yoast_head_json":{"title":"Politique de confidialit\u00e9 - Les Fun\u00e9railles Brainoises","robots":{"index":"index","follow":"follow","max-snippet":"max-snippet:-1","max-image-preview":"max-image-preview:large","max-video-preview":"max-video-preview:-1"},"canonical":"https:\/\/www.funeraillesbrainoises.be\/fr\/politique-de-confidialite\/","og_locale":"fr_FR","og_type":"article","og_title":"Politique de confidialit\u00e9 - Les Fun\u00e9railles Brainoises","og_description":"Article 1 &#8211; Quelles donn\u00e9es nous traitons \u00e0 votre sujet 1.1. Sereni NV traite vos donn\u00e9es personnelles dans le cadre","og_url":"https:\/\/www.funeraillesbrainoises.be\/fr\/politique-de-confidialite\/","og_site_name":"Les Fun\u00e9railles Brainoises","article_modified_time":"2025-06-04T13:22:02+00:00","twitter_card":"summary_large_image","twitter_misc":{"Est. reading time":"9 minutes"},"schema":{"@context":"https:\/\/schema.org","@graph":[{"@type":"WebPage","@id":"https:\/\/www.funeraillesbrainoises.be\/fr\/politique-de-confidialite\/","url":"https:\/\/www.funeraillesbrainoises.be\/fr\/politique-de-confidialite\/","name":"Politique de confidialit\u00e9 - Les Fun\u00e9railles Brainoises","isPartOf":{"@id":"https:\/\/www.funeraillesbrainoises.be\/fr\/#website"},"datePublished":"2021-07-08T08:06:17+00:00","dateModified":"2025-06-04T13:22:02+00:00","inLanguage":"fr-FR","potentialAction":[{"@type":"ReadAction","target":["https:\/\/www.funeraillesbrainoises.be\/fr\/politique-de-confidialite\/"]}]},{"@type":"WebSite","@id":"https:\/\/www.funeraillesbrainoises.be\/fr\/#website","url":"https:\/\/www.funeraillesbrainoises.be\/fr\/","name":"Les Fun\u00e8railles Brainoises","description":"Just another Sereni site","potentialAction":[{"@type":"SearchAction","target":{"@type":"EntryPoint","urlTemplate":"https:\/\/www.funeraillesbrainoises.be\/fr\/?s={search_term_string}"},"query-input":{"@type":"PropertyValueSpecification","valueRequired":true,"valueName":"search_term_string"}}],"inLanguage":"fr-FR"}]}},"_links":{"self":[{"href":"https:\/\/www.funeraillesbrainoises.be\/fr\/wp-json\/wp\/v2\/pages\/24680","targetHints":{"allow":["GET"]}}],"collection":[{"href":"https:\/\/www.funeraillesbrainoises.be\/fr\/wp-json\/wp\/v2\/pages"}],"about":[{"href":"https:\/\/www.funeraillesbrainoises.be\/fr\/wp-json\/wp\/v2\/types\/page"}],"author":[{"embeddable":true,"href":"https:\/\/www.funeraillesbrainoises.be\/fr\/wp-json\/wp\/v2\/users\/1"}],"replies":[{"embeddable":true,"href":"https:\/\/www.funeraillesbrainoises.be\/fr\/wp-json\/wp\/v2\/comments?post=24680"}],"version-history":[{"count":2,"href":"https:\/\/www.funeraillesbrainoises.be\/fr\/wp-json\/wp\/v2\/pages\/24680\/revisions"}],"predecessor-version":[{"id":81479,"href":"https:\/\/www.funeraillesbrainoises.be\/fr\/wp-json\/wp\/v2\/pages\/24680\/revisions\/81479"}],"wp:attachment":[{"href":"https:\/\/www.funeraillesbrainoises.be\/fr\/wp-json\/wp\/v2\/media?parent=24680"}],"curies":[{"name":"wp","href":"https:\/\/api.w.org\/{rel}","templated":true}]}}