{"id":24679,"date":"2021-07-09T10:57:24","date_gmt":"2021-07-09T10:57:24","guid":{"rendered":"https:\/\/www.funeraillesbrainoises.be\/onze-diensten\/rouwbegeleiding\/"},"modified":"2025-12-11T18:10:25","modified_gmt":"2025-12-11T17:10:25","slug":"aide-psychologie","status":"publish","type":"page","link":"https:\/\/www.funeraillesbrainoises.be\/fr\/organiser-des-funerailles\/aide-psychologie\/","title":{"rendered":"Aide psychologie"},"content":{"rendered":"\n<div id=\"block-main-banner-block_34a0efea01ace72586823f4fc2162d9b\" class=\"block-main-banner\">\n    <div class=\"container\">\n        <div class=\"banner-wrap layout2 content_right content_top\">\n            <div class=\"banner-image\">\n                                                            <img loading=\"lazy\" decoding=\"async\" width=\"960\" height=\"1440\" src=\"https:\/\/www.touche.be\/app\/uploads\/sites\/78\/2024\/08\/CMS_plan_funeraire-960x1440.jpg\" class=\"attachment-full-stretched size-full-stretched\" alt=\"Aide psychologie\" srcset=\"https:\/\/www.touche.be\/app\/uploads\/sites\/78\/2024\/08\/CMS_plan_funeraire-960x1440.jpg 960w, https:\/\/www.touche.be\/app\/uploads\/sites\/78\/2024\/08\/CMS_plan_funeraire-200x300.jpg 200w, https:\/\/www.touche.be\/app\/uploads\/sites\/78\/2024\/08\/CMS_plan_funeraire-683x1024.jpg 683w, https:\/\/www.touche.be\/app\/uploads\/sites\/78\/2024\/08\/CMS_plan_funeraire-768x1152.jpg 768w, https:\/\/www.touche.be\/app\/uploads\/sites\/78\/2024\/08\/CMS_plan_funeraire-1024x1536.jpg 1024w, https:\/\/www.touche.be\/app\/uploads\/sites\/78\/2024\/08\/CMS_plan_funeraire-867x1300.jpg 867w, https:\/\/www.touche.be\/app\/uploads\/sites\/78\/2024\/08\/CMS_plan_funeraire.jpg 1200w\" sizes=\"auto, (max-width: 960px) 100vw, 960px\" title=\"Aide psychologie\" \/>                                                <\/div>\n\n                            <div class=\"banner-content\">\n                    <div class=\"inner\">\n                        <h2><span class=\"Y2IQFc\" lang=\"fr\">Conseil professionnel en cas de deuil<\/span><\/h2>\n<p class=\"tw-data-text tw-text-large tw-ta\" dir=\"ltr\" data-placeholder=\"Translation\"><span class=\"Y2IQFc\" lang=\"fr\">Fun\u00e9railles Brainoises travaille en collaboration avec des psychologues du deuil reconnus qui vous assistent pendant le processus d&#8217;adaptation. Il est impossible de donner un sc\u00e9nario pour le deuil. Chacun fait son deuil d&#8217;une mani\u00e8re diff\u00e9rente. Chaque processus de deuil a un d\u00e9but, un milieu et une fin, mais ces phases peuvent aussi se succ\u00e9der. Pendant et apr\u00e8s les fun\u00e9railles, vous pouvez faire appel \u00e0 l&#8217;un des conseillers en deuil de Sereni, qui vous garantit un accompagnement psychologique personnalis\u00e9. <\/span><\/p>\n<p class=\"tw-data-text tw-text-large tw-ta\" dir=\"ltr\" data-placeholder=\"Translation\"><span class=\"Y2IQFc\" lang=\"fr\"><strong>Avez-vous besoin d&#8217;une conversation avec un psychologue du deuil?<\/strong><br \/>\nVeuillez contacter\u00a0<strong>notre consultante via <a href=\"mailto:nazorg@sereni.be\">nazorg@sereni.be\u00a0<\/a><\/strong><\/span><\/p>\n                    <\/div>\n                <\/div>\n                    <\/div>\n    <\/div>\n<\/div>\n\n\n<div id=\"block-variable-content-list-block_c377d136bcb7ee0ddf2844bdbdc5f359\" class=\"block-variable-content-list default\">\n    <div class=\"container\">\n        <div class=\"widget-wrap per_row_2\">\n                        <div class=\"block-content\">\n                                                                                    <div class=\"element contact-box\">\n                                                            \n                                \n                                                                    <div class=\"content-wrap\">\n                                        <h3 id=\"tw-target-text\" class=\"tw-data-text tw-text-large tw-ta\" dir=\"ltr\" data-placeholder=\"Translation\"><span class=\"Y2IQFc\" lang=\"fr\">Qu&#8217;est-ce que le conseil de deuil aux Fun\u00e9railles Brainoises? <\/span><\/h3>\n<p class=\"tw-data-text tw-text-large tw-ta\" dir=\"ltr\" data-placeholder=\"Translation\"><span class=\"Y2IQFc\" lang=\"fr\">Connecter les gens et apporter de la clart\u00e9, c&#8217;est la force de Brainoises. Notre r\u00e9seau et nos connaissances grandissent chaque jour. Gr\u00e2ce aux exp\u00e9riences des compagnons d&#8217;infortune, nous en apprenons plus chaque jour et nous le faisons aussi ensemble. Nous veillons \u00e0 ce qu&#8217;aucune question ne reste sans r\u00e9ponse, aujourd&#8217;hui et demain. Nous aidons \u00e0 vivre le deuil et \u00e0 faire face \u00e0 la perte d&#8217;un \u00eatre cher.<\/span><\/p>\n                                    <\/div>\n                                                                                    <\/div>\n                                                                    <div class=\"element\">\n                                                            \n                                                                    <div class=\"image-wrap\">\n                                                                                    <img loading=\"lazy\" decoding=\"async\" width=\"1024\" height=\"853\" src=\"https:\/\/www.touche.be\/app\/uploads\/sites\/78\/2024\/01\/CMS_Brainoises_3-1024x853.png\" class=\"attachment-large size-large\" alt=\"Aide psychologie\" srcset=\"https:\/\/www.touche.be\/app\/uploads\/sites\/78\/2024\/01\/CMS_Brainoises_3-1024x853.png 1024w, https:\/\/www.touche.be\/app\/uploads\/sites\/78\/2024\/01\/CMS_Brainoises_3-300x250.png 300w, https:\/\/www.touche.be\/app\/uploads\/sites\/78\/2024\/01\/CMS_Brainoises_3-768x640.png 768w, https:\/\/www.touche.be\/app\/uploads\/sites\/78\/2024\/01\/CMS_Brainoises_3-1536x1280.png 1536w, https:\/\/www.touche.be\/app\/uploads\/sites\/78\/2024\/01\/CMS_Brainoises_3-360x300.png 360w, https:\/\/www.touche.be\/app\/uploads\/sites\/78\/2024\/01\/CMS_Brainoises_3-1300x1083.png 1300w, https:\/\/www.touche.be\/app\/uploads\/sites\/78\/2024\/01\/CMS_Brainoises_3-1440x1200.png 1440w, https:\/\/www.touche.be\/app\/uploads\/sites\/78\/2024\/01\/CMS_Brainoises_3-600x500.png 600w, https:\/\/www.touche.be\/app\/uploads\/sites\/78\/2024\/01\/CMS_Brainoises_3.png 1800w\" sizes=\"auto, (max-width: 1024px) 100vw, 1024px\" title=\"Aide psychologie\" \/>                                                                            <\/div>\n                                \n                                                                                    <\/div>\n                                                <\/div>\n        <\/div>\n    <\/div>\n<\/div>\n\n\n\n<div id=\"block-main-banner-block_cf6393b14ced030ffdc382325663458e\" class=\"block-main-banner\">\n    <div class=\"container\">\n        <div class=\"banner-wrap layout2 content_right content_top\">\n            <div class=\"banner-image\">\n                                                            <img loading=\"lazy\" decoding=\"async\" width=\"960\" height=\"1440\" src=\"https:\/\/www.touche.be\/app\/uploads\/sites\/78\/2024\/01\/CMS_boeket-960x1440.png\" class=\"attachment-full-stretched size-full-stretched\" alt=\"Aide psychologie\" srcset=\"https:\/\/www.touche.be\/app\/uploads\/sites\/78\/2024\/01\/CMS_boeket-960x1440.png 960w, https:\/\/www.touche.be\/app\/uploads\/sites\/78\/2024\/01\/CMS_boeket-200x300.png 200w, https:\/\/www.touche.be\/app\/uploads\/sites\/78\/2024\/01\/CMS_boeket-683x1024.png 683w, https:\/\/www.touche.be\/app\/uploads\/sites\/78\/2024\/01\/CMS_boeket-768x1152.png 768w, https:\/\/www.touche.be\/app\/uploads\/sites\/78\/2024\/01\/CMS_boeket-1024x1536.png 1024w, https:\/\/www.touche.be\/app\/uploads\/sites\/78\/2024\/01\/CMS_boeket-867x1300.png 867w, https:\/\/www.touche.be\/app\/uploads\/sites\/78\/2024\/01\/CMS_boeket-600x900.png 600w, https:\/\/www.touche.be\/app\/uploads\/sites\/78\/2024\/01\/CMS_boeket-400x600.png 400w, https:\/\/www.touche.be\/app\/uploads\/sites\/78\/2024\/01\/CMS_boeket.png 1200w\" sizes=\"auto, (max-width: 960px) 100vw, 960px\" title=\"Aide psychologie\" \/>                                                <\/div>\n\n                            <div class=\"banner-content\">\n                    <div class=\"inner\">\n                        <h2 id=\"tw-target-text\" class=\"tw-data-text tw-text-large tw-ta\" dir=\"ltr\" data-placeholder=\"Translation\"><span class=\"Y2IQFc\" lang=\"fr\">Faire le deuil n&#8217;est pas l\u00e2cher prise, faire le deuil c&#8217;est se connecter. <\/span><\/h2>\n<p class=\"tw-data-text tw-text-large tw-ta\" dir=\"ltr\" data-placeholder=\"Translation\"><span class=\"Y2IQFc\" lang=\"fr\">C&#8217;est faire de la perte d&#8217;un \u00eatre cher une partie de votre vie. Autoriser votre chagrin et remettre votre vie sur les rails en m\u00eame temps est incroyablement difficile. De bons soins appropri\u00e9s peuvent contribuer \u00e0 retrouver votre r\u00e9silience. Une conversation avec un conseiller en deuil vous aide \u00e0 cr\u00e9er de l&#8217;espace, mais aussi \u00e0 redonner une structure \u00e0 votre vie quotidienne. Alors donnez-vous une telle premi\u00e8re conversation de conseil. C&#8217;est possible via Brainoises, gr\u00e2ce au r\u00e9seau Sereni.<\/span><\/p>\n                    <\/div>\n                <\/div>\n                    <\/div>\n    <\/div>\n<\/div>\n\n\n<div id=\"block-variable-content-list-block_13ccfb886ffcf487bce70bc4b2f76be3\" class=\"block-variable-content-list default\">\n    <div class=\"container\">\n        <div class=\"widget-wrap per_row_2\">\n                        <div class=\"block-content\">\n                                                                                    <div class=\"element\">\n                                                            \n                                                                    <div class=\"image-wrap\">\n                                                                                    <img loading=\"lazy\" decoding=\"async\" width=\"944\" height=\"629\" src=\"https:\/\/www.touche.be\/app\/uploads\/sites\/78\/2025\/12\/carnet-mes-dernieres-volontes-Sereni-1.jpg\" class=\"attachment-large size-large\" alt=\"Aide psychologie\" srcset=\"https:\/\/www.touche.be\/app\/uploads\/sites\/78\/2025\/12\/carnet-mes-dernieres-volontes-Sereni-1.jpg 944w, https:\/\/www.touche.be\/app\/uploads\/sites\/78\/2025\/12\/carnet-mes-dernieres-volontes-Sereni-1-300x200.jpg 300w, https:\/\/www.touche.be\/app\/uploads\/sites\/78\/2025\/12\/carnet-mes-dernieres-volontes-Sereni-1-768x512.jpg 768w, https:\/\/www.touche.be\/app\/uploads\/sites\/78\/2025\/12\/carnet-mes-dernieres-volontes-Sereni-1-450x300.jpg 450w\" sizes=\"auto, (max-width: 944px) 100vw, 944px\" title=\"Aide psychologie\" \/>                                                                            <\/div>\n                                \n                                                                                    <\/div>\n                                                                    <div class=\"element\">\n                                                            \n                                \n                                                                    <div class=\"content-wrap\">\n                                        <h2>Mes derni\u00e8res volont\u00e9s<\/h2>\n<p>Pr\u00e9parer un d\u00e9part, c\u2019est r\u00e9fl\u00e9chir \u00e0 la vie \u2014 \u00e0 ce qui compte pour vous et \u00e0 ce que vous souhaitez laisser derri\u00e8re vous.<br \/>\nLe carnet <em>Mes Derni\u00e8res Volont\u00e9s<\/em> vous accompagne pour r\u00e9fl\u00e9chir \u00e0 :<\/p>\n<ul>\n<li><strong>Ce qui vous d\u00e9finit<\/strong><\/li>\n<li><strong>La musique ou les mots qui vous r\u00e9confortent<\/strong><\/li>\n<li><strong>Les rituels et souhaits<\/strong> qui ont une signification pour vous<\/li>\n<\/ul>\n<p>Le remplir vous apporte s\u00e9r\u00e9nit\u00e9 et facilite les \u00e9changes avec vos proches.<br \/>\nVous pouvez le compl\u00e9ter en ligne via <a class=\"text-yellow\" href=\"https:\/\/mijn.sereni.be\/fr-BE\/connexion\" target=\"_blank\" rel=\"noopener\"><strong>Mon Sereni.be<\/strong><\/a> ou demander une version papier aupr\u00e8s de <a class=\"text-yellow\" href=\"https:\/\/www.sereni.be\/fr\/branch\" target=\"_blank\" rel=\"noopener\"><strong>nos conseillers fun\u00e9raires<\/strong><\/a>.<\/p>\n<p><a class=\"btn btn-primary\" href=\"https:\/\/mijn.sereni.be\/fr-BE\/connexion\" target=\"_blank\" rel=\"noopener\">Je remplis la version digitale du carnet<\/a><\/p>\n                                    <\/div>\n                                                                                    <\/div>\n                                                <\/div>\n        <\/div>\n    <\/div>\n<\/div>\n","protected":false},"excerpt":{"rendered":"","protected":false},"author":1,"featured_media":0,"parent":24683,"menu_order":10,"comment_status":"closed","ping_status":"closed","template":"","meta":{"_acf_changed":false,"footnotes":""},"class_list":["post-24679","page","type-page","status-publish","hentry"],"acf":[],"yoast_head":"<!-- This site is optimized with the Yoast SEO plugin v25.8 - https:\/\/yoast.com\/wordpress\/plugins\/seo\/ -->\n<title>Aide psychologie - Les Fun\u00e9railles Brainoises<\/title>\n<meta name=\"description\" content=\"Fun\u00e9railles Brainoises fournit des conseils en cas de deuil. Nous collaborons avec des psychologues du deuil reconnus pour un accompagnement personnalis\u00e9.\" \/>\n<meta name=\"robots\" content=\"index, follow, max-snippet:-1, max-image-preview:large, max-video-preview:-1\" \/>\n<link rel=\"canonical\" href=\"https:\/\/www.funeraillesbrainoises.be\/fr\/organiser-des-funerailles\/aide-psychologie\/\" \/>\n<meta property=\"og:locale\" content=\"fr_FR\" \/>\n<meta property=\"og:type\" content=\"article\" \/>\n<meta property=\"og:title\" content=\"Aide psychologie - Les Fun\u00e9railles Brainoises\" \/>\n<meta property=\"og:description\" content=\"Fun\u00e9railles Brainoises fournit des conseils en cas de deuil. Nous collaborons avec des psychologues du deuil reconnus pour un accompagnement personnalis\u00e9.\" \/>\n<meta property=\"og:url\" content=\"https:\/\/www.funeraillesbrainoises.be\/fr\/organiser-des-funerailles\/aide-psychologie\/\" \/>\n<meta property=\"og:site_name\" content=\"Les Fun\u00e9railles Brainoises\" \/>\n<meta property=\"article:modified_time\" content=\"2025-12-11T17:10:25+00:00\" \/>\n<meta name=\"twitter:card\" content=\"summary_large_image\" \/>\n<meta name=\"twitter:label1\" content=\"Est. reading time\" \/>\n\t<meta name=\"twitter:data1\" content=\"3 minutes\" \/>\n<script type=\"application\/ld+json\" class=\"yoast-schema-graph\">{\"@context\":\"https:\/\/schema.org\",\"@graph\":[{\"@type\":\"WebPage\",\"@id\":\"https:\/\/www.funeraillesbrainoises.be\/fr\/organiser-des-funerailles\/aide-psychologie\/\",\"url\":\"https:\/\/www.funeraillesbrainoises.be\/fr\/organiser-des-funerailles\/aide-psychologie\/\",\"name\":\"Aide psychologie - Les Fun\u00e9railles Brainoises\",\"isPartOf\":{\"@id\":\"https:\/\/www.funeraillesbrainoises.be\/fr\/#website\"},\"datePublished\":\"2021-07-09T10:57:24+00:00\",\"dateModified\":\"2025-12-11T17:10:25+00:00\",\"description\":\"Fun\u00e9railles Brainoises fournit des conseils en cas de deuil. Nous collaborons avec des psychologues du deuil reconnus pour un accompagnement personnalis\u00e9.\",\"breadcrumb\":{\"@id\":\"https:\/\/www.funeraillesbrainoises.be\/fr\/organiser-des-funerailles\/aide-psychologie\/#breadcrumb\"},\"inLanguage\":\"fr-FR\",\"potentialAction\":[{\"@type\":\"ReadAction\",\"target\":[\"https:\/\/www.funeraillesbrainoises.be\/fr\/organiser-des-funerailles\/aide-psychologie\/\"]}]},{\"@type\":\"BreadcrumbList\",\"@id\":\"https:\/\/www.funeraillesbrainoises.be\/fr\/organiser-des-funerailles\/aide-psychologie\/#breadcrumb\",\"itemListElement\":[{\"@type\":\"ListItem\",\"position\":1,\"name\":\"Organiser des fun\u00e9railles\",\"item\":\"https:\/\/www.funeraillesbrainoises.be\/fr\/organiser-des-funerailles\/\"},{\"@type\":\"ListItem\",\"position\":2,\"name\":\"Aide psychologie\"}]},{\"@type\":\"WebSite\",\"@id\":\"https:\/\/www.funeraillesbrainoises.be\/fr\/#website\",\"url\":\"https:\/\/www.funeraillesbrainoises.be\/fr\/\",\"name\":\"Les Fun\u00e8railles Brainoises\",\"description\":\"Just another Sereni site\",\"potentialAction\":[{\"@type\":\"SearchAction\",\"target\":{\"@type\":\"EntryPoint\",\"urlTemplate\":\"https:\/\/www.funeraillesbrainoises.be\/fr\/?s={search_term_string}\"},\"query-input\":{\"@type\":\"PropertyValueSpecification\",\"valueRequired\":true,\"valueName\":\"search_term_string\"}}],\"inLanguage\":\"fr-FR\"}]}<\/script>\n<!-- \/ Yoast SEO plugin. -->","yoast_head_json":{"title":"Aide psychologie - Les Fun\u00e9railles Brainoises","description":"Fun\u00e9railles Brainoises fournit des conseils en cas de deuil. Nous collaborons avec des psychologues du deuil reconnus pour un accompagnement personnalis\u00e9.","robots":{"index":"index","follow":"follow","max-snippet":"max-snippet:-1","max-image-preview":"max-image-preview:large","max-video-preview":"max-video-preview:-1"},"canonical":"https:\/\/www.funeraillesbrainoises.be\/fr\/organiser-des-funerailles\/aide-psychologie\/","og_locale":"fr_FR","og_type":"article","og_title":"Aide psychologie - Les Fun\u00e9railles Brainoises","og_description":"Fun\u00e9railles Brainoises fournit des conseils en cas de deuil. Nous collaborons avec des psychologues du deuil reconnus pour un accompagnement personnalis\u00e9.","og_url":"https:\/\/www.funeraillesbrainoises.be\/fr\/organiser-des-funerailles\/aide-psychologie\/","og_site_name":"Les Fun\u00e9railles Brainoises","article_modified_time":"2025-12-11T17:10:25+00:00","twitter_card":"summary_large_image","twitter_misc":{"Est. reading time":"3 minutes"},"schema":{"@context":"https:\/\/schema.org","@graph":[{"@type":"WebPage","@id":"https:\/\/www.funeraillesbrainoises.be\/fr\/organiser-des-funerailles\/aide-psychologie\/","url":"https:\/\/www.funeraillesbrainoises.be\/fr\/organiser-des-funerailles\/aide-psychologie\/","name":"Aide psychologie - Les Fun\u00e9railles Brainoises","isPartOf":{"@id":"https:\/\/www.funeraillesbrainoises.be\/fr\/#website"},"datePublished":"2021-07-09T10:57:24+00:00","dateModified":"2025-12-11T17:10:25+00:00","description":"Fun\u00e9railles Brainoises fournit des conseils en cas de deuil. Nous collaborons avec des psychologues du deuil reconnus pour un accompagnement personnalis\u00e9.","breadcrumb":{"@id":"https:\/\/www.funeraillesbrainoises.be\/fr\/organiser-des-funerailles\/aide-psychologie\/#breadcrumb"},"inLanguage":"fr-FR","potentialAction":[{"@type":"ReadAction","target":["https:\/\/www.funeraillesbrainoises.be\/fr\/organiser-des-funerailles\/aide-psychologie\/"]}]},{"@type":"BreadcrumbList","@id":"https:\/\/www.funeraillesbrainoises.be\/fr\/organiser-des-funerailles\/aide-psychologie\/#breadcrumb","itemListElement":[{"@type":"ListItem","position":1,"name":"Organiser des fun\u00e9railles","item":"https:\/\/www.funeraillesbrainoises.be\/fr\/organiser-des-funerailles\/"},{"@type":"ListItem","position":2,"name":"Aide psychologie"}]},{"@type":"WebSite","@id":"https:\/\/www.funeraillesbrainoises.be\/fr\/#website","url":"https:\/\/www.funeraillesbrainoises.be\/fr\/","name":"Les Fun\u00e8railles Brainoises","description":"Just another Sereni site","potentialAction":[{"@type":"SearchAction","target":{"@type":"EntryPoint","urlTemplate":"https:\/\/www.funeraillesbrainoises.be\/fr\/?s={search_term_string}"},"query-input":{"@type":"PropertyValueSpecification","valueRequired":true,"valueName":"search_term_string"}}],"inLanguage":"fr-FR"}]}},"_links":{"self":[{"href":"https:\/\/www.funeraillesbrainoises.be\/fr\/wp-json\/wp\/v2\/pages\/24679","targetHints":{"allow":["GET"]}}],"collection":[{"href":"https:\/\/www.funeraillesbrainoises.be\/fr\/wp-json\/wp\/v2\/pages"}],"about":[{"href":"https:\/\/www.funeraillesbrainoises.be\/fr\/wp-json\/wp\/v2\/types\/page"}],"author":[{"embeddable":true,"href":"https:\/\/www.funeraillesbrainoises.be\/fr\/wp-json\/wp\/v2\/users\/1"}],"replies":[{"embeddable":true,"href":"https:\/\/www.funeraillesbrainoises.be\/fr\/wp-json\/wp\/v2\/comments?post=24679"}],"version-history":[{"count":3,"href":"https:\/\/www.funeraillesbrainoises.be\/fr\/wp-json\/wp\/v2\/pages\/24679\/revisions"}],"predecessor-version":[{"id":81528,"href":"https:\/\/www.funeraillesbrainoises.be\/fr\/wp-json\/wp\/v2\/pages\/24679\/revisions\/81528"}],"up":[{"embeddable":true,"href":"https:\/\/www.funeraillesbrainoises.be\/fr\/wp-json\/wp\/v2\/pages\/24683"}],"wp:attachment":[{"href":"https:\/\/www.funeraillesbrainoises.be\/fr\/wp-json\/wp\/v2\/media?parent=24679"}],"curies":[{"name":"wp","href":"https:\/\/api.w.org\/{rel}","templated":true}]}}