{"id":24678,"date":"2021-07-08T11:51:47","date_gmt":"2021-07-08T10:51:47","guid":{"rendered":"https:\/\/www.funeraillesbrainoises.be\/over-logghe\/"},"modified":"2024-08-19T12:23:03","modified_gmt":"2024-08-19T11:23:03","slug":"a-propos-de-nous","status":"publish","type":"page","link":"https:\/\/www.funeraillesbrainoises.be\/fr\/a-propos-de-nous\/","title":{"rendered":"\u00c0 propos de nous"},"content":{"rendered":"\n<div id=\"block-main-banner-block_80ba4faa782af8b5a95e2c53a2750b4d\" class=\"block-main-banner\">\n    <div class=\"container\">\n        <div class=\"banner-wrap layout2 content_right content_bottom\">\n            <div class=\"banner-image\">\n                                                            <img loading=\"lazy\" decoding=\"async\" width=\"1440\" height=\"960\" src=\"https:\/\/www.touche.be\/app\/uploads\/sites\/78\/2024\/08\/Ontwerp-zonder-titel-1440x960.jpg\" class=\"attachment-full-stretched size-full-stretched\" alt=\"\u00c0 propos de nous\" srcset=\"https:\/\/www.touche.be\/app\/uploads\/sites\/78\/2024\/08\/Ontwerp-zonder-titel-1440x960.jpg 1440w, https:\/\/www.touche.be\/app\/uploads\/sites\/78\/2024\/08\/Ontwerp-zonder-titel-300x200.jpg 300w, https:\/\/www.touche.be\/app\/uploads\/sites\/78\/2024\/08\/Ontwerp-zonder-titel-1024x683.jpg 1024w, https:\/\/www.touche.be\/app\/uploads\/sites\/78\/2024\/08\/Ontwerp-zonder-titel-768x512.jpg 768w, https:\/\/www.touche.be\/app\/uploads\/sites\/78\/2024\/08\/Ontwerp-zonder-titel-1536x1024.jpg 1536w, https:\/\/www.touche.be\/app\/uploads\/sites\/78\/2024\/08\/Ontwerp-zonder-titel-450x300.jpg 450w, https:\/\/www.touche.be\/app\/uploads\/sites\/78\/2024\/08\/Ontwerp-zonder-titel-1300x867.jpg 1300w, https:\/\/www.touche.be\/app\/uploads\/sites\/78\/2024\/08\/Ontwerp-zonder-titel.jpg 1800w\" sizes=\"auto, (max-width: 1440px) 100vw, 1440px\" title=\"\u00c0 propos de nous\" \/>                                                <\/div>\n\n                            <div class=\"banner-content\">\n                    <div class=\"inner\">\n                        <p>Les partenaires fun\u00e9raires de Sereni Brainoises veillent \u00e0 ce que chaque enterrement ou cr\u00e9mation soit une c\u00e9r\u00e9monie d\u2019adieu unique. En tant qu\u2019entreprise de pompes fun\u00e8bres moderne, nous disposons de salons d\u2019accueil \u00e0 Braine-le-Comte.<\/p>\n<p><a class=\"btn btn-primary\" href=\"https:\/\/www.funeraillesbrainoises.be\/fr\/contact\/\">Contactez-nous<\/a><\/p>\n                    <\/div>\n                <\/div>\n                    <\/div>\n    <\/div>\n<\/div>\n\n\n<div id=\"block-variable-content-list-block_7f4a8d520e92eb53bd806cd64507e1df\" class=\"block-variable-content-list default\">\n    <div class=\"container\">\n        <div class=\"widget-wrap per_row_4\">\n                        <div class=\"block-content\">\n                                                                                    <div class=\"element\">\n                                                            \n                                                                    <div class=\"image-wrap\">\n                                                                                    <img loading=\"lazy\" decoding=\"async\" width=\"1024\" height=\"1024\" src=\"https:\/\/www.touche.be\/app\/uploads\/sites\/78\/2024\/08\/CMS_Miguel_Granado-1024x1024.png\" class=\"attachment-large size-large\" alt=\"\u00c0 propos de nous\" srcset=\"https:\/\/www.touche.be\/app\/uploads\/sites\/78\/2024\/08\/CMS_Miguel_Granado-1024x1024.png 1024w, https:\/\/www.touche.be\/app\/uploads\/sites\/78\/2024\/08\/CMS_Miguel_Granado-300x300.png 300w, https:\/\/www.touche.be\/app\/uploads\/sites\/78\/2024\/08\/CMS_Miguel_Granado-150x150.png 150w, https:\/\/www.touche.be\/app\/uploads\/sites\/78\/2024\/08\/CMS_Miguel_Granado-768x768.png 768w, https:\/\/www.touche.be\/app\/uploads\/sites\/78\/2024\/08\/CMS_Miguel_Granado.png 1080w\" sizes=\"auto, (max-width: 1024px) 100vw, 1024px\" title=\"\u00c0 propos de nous\" \/>                                                                            <\/div>\n                                \n                                                                    <div class=\"content-wrap\">\n                                        <p style=\"text-align: center\"><strong>Miguel Granado<\/strong><br \/>\nResponsable d&#8217;agence<\/p>\n                                    <\/div>\n                                                                                    <\/div>\n                                                                    <div class=\"element\">\n                                                            \n                                                                    <div class=\"image-wrap\">\n                                                                                    <img loading=\"lazy\" decoding=\"async\" width=\"1024\" height=\"1024\" src=\"https:\/\/www.touche.be\/app\/uploads\/sites\/78\/2024\/08\/Damien-Rullaert-1024x1024.png\" class=\"attachment-large size-large\" alt=\"\u00c0 propos de nous\" srcset=\"https:\/\/www.touche.be\/app\/uploads\/sites\/78\/2024\/08\/Damien-Rullaert-1024x1024.png 1024w, https:\/\/www.touche.be\/app\/uploads\/sites\/78\/2024\/08\/Damien-Rullaert-300x300.png 300w, https:\/\/www.touche.be\/app\/uploads\/sites\/78\/2024\/08\/Damien-Rullaert-150x150.png 150w, https:\/\/www.touche.be\/app\/uploads\/sites\/78\/2024\/08\/Damien-Rullaert-768x768.png 768w, https:\/\/www.touche.be\/app\/uploads\/sites\/78\/2024\/08\/Damien-Rullaert.png 1080w\" sizes=\"auto, (max-width: 1024px) 100vw, 1024px\" title=\"\u00c0 propos de nous\" \/>                                                                            <\/div>\n                                \n                                                                    <div class=\"content-wrap\">\n                                        <p style=\"text-align: center\"><strong>Damien Rullaert<\/strong><br \/>\nConseiller fun\u00e9raire<\/p>\n                                    <\/div>\n                                                                                    <\/div>\n                                                <\/div>\n        <\/div>\n    <\/div>\n<\/div>\n\n\n\n<div id=\"block-main-banner-block_090610a8b0c04c169f93a37fe586f5a4\" class=\"block-main-banner\">\n    <div class=\"container\">\n        <div class=\"banner-wrap layout2 content_left content_bottom\">\n            <div class=\"banner-image\">\n                                                            <img loading=\"lazy\" decoding=\"async\" width=\"1440\" height=\"1200\" src=\"https:\/\/www.touche.be\/app\/uploads\/sites\/78\/2024\/01\/CMS_Braine-1440x1200.png\" class=\"attachment-full-stretched size-full-stretched\" alt=\"\u00c0 propos de nous\" srcset=\"https:\/\/www.touche.be\/app\/uploads\/sites\/78\/2024\/01\/CMS_Braine-1440x1200.png 1440w, https:\/\/www.touche.be\/app\/uploads\/sites\/78\/2024\/01\/CMS_Braine-300x250.png 300w, https:\/\/www.touche.be\/app\/uploads\/sites\/78\/2024\/01\/CMS_Braine-1024x853.png 1024w, https:\/\/www.touche.be\/app\/uploads\/sites\/78\/2024\/01\/CMS_Braine-768x640.png 768w, https:\/\/www.touche.be\/app\/uploads\/sites\/78\/2024\/01\/CMS_Braine-1536x1280.png 1536w, https:\/\/www.touche.be\/app\/uploads\/sites\/78\/2024\/01\/CMS_Braine-360x300.png 360w, https:\/\/www.touche.be\/app\/uploads\/sites\/78\/2024\/01\/CMS_Braine-1300x1083.png 1300w, https:\/\/www.touche.be\/app\/uploads\/sites\/78\/2024\/01\/CMS_Braine-600x500.png 600w, https:\/\/www.touche.be\/app\/uploads\/sites\/78\/2024\/01\/CMS_Braine.png 1800w\" sizes=\"auto, (max-width: 1440px) 100vw, 1440px\" title=\"\u00c0 propos de nous\" \/>                                                <\/div>\n\n                            <div class=\"banner-content\">\n                    <div class=\"inner\">\n                        <ul>\n<li>Une equipe exp\u00e9riment\u00e9e\u00a0au service des familles en deuil<\/li>\n<li>Les fun\u00e9railles <strong>Brainoises<\/strong> peuvent compter sur la coop\u00e9ration au sein<br \/>\ndu r\u00e9seau Sereni, caract\u00e9ris\u00e9e par un service et un support<br \/>\npersonnalis\u00e9s<\/li>\n<li>En cas de d\u00e9c\u00e8s, nous sommes<strong> joignables\u00a024h\/24 \u2013 7j\/7<\/strong><\/li>\n<li><strong>Fun\u00e9rarium lumineux<\/strong>\u00a0avec salle de c\u00e9r\u00e9monie<\/li>\n<li><strong>Innovants et progressistes<\/strong>\u00a0mais dans le respect des traditions fun\u00e9raires r\u00e9gionales<\/li>\n<li><strong>Service<\/strong>\u00a0d\u2019une grande correction \u00e0 des tarifs \u00e9quitables<\/li>\n<\/ul>\n                    <\/div>\n                <\/div>\n                    <\/div>\n    <\/div>\n<\/div>\n\n\n\n<div id=\"block-main-banner-block_77a638b10d550b3fd6242d36c6c806b6\" class=\"block-main-banner\">\n    <div class=\"container\">\n        <div class=\"banner-wrap layout2 content_right content_top\">\n            <div class=\"banner-image\">\n                                                            <img loading=\"lazy\" decoding=\"async\" width=\"960\" height=\"1440\" src=\"https:\/\/www.touche.be\/app\/uploads\/sites\/78\/2024\/01\/CMS_boeket-960x1440.png\" class=\"attachment-full-stretched size-full-stretched\" alt=\"\u00c0 propos de nous\" srcset=\"https:\/\/www.touche.be\/app\/uploads\/sites\/78\/2024\/01\/CMS_boeket-960x1440.png 960w, https:\/\/www.touche.be\/app\/uploads\/sites\/78\/2024\/01\/CMS_boeket-200x300.png 200w, https:\/\/www.touche.be\/app\/uploads\/sites\/78\/2024\/01\/CMS_boeket-683x1024.png 683w, https:\/\/www.touche.be\/app\/uploads\/sites\/78\/2024\/01\/CMS_boeket-768x1152.png 768w, https:\/\/www.touche.be\/app\/uploads\/sites\/78\/2024\/01\/CMS_boeket-1024x1536.png 1024w, https:\/\/www.touche.be\/app\/uploads\/sites\/78\/2024\/01\/CMS_boeket-867x1300.png 867w, https:\/\/www.touche.be\/app\/uploads\/sites\/78\/2024\/01\/CMS_boeket-600x900.png 600w, https:\/\/www.touche.be\/app\/uploads\/sites\/78\/2024\/01\/CMS_boeket-400x600.png 400w, https:\/\/www.touche.be\/app\/uploads\/sites\/78\/2024\/01\/CMS_boeket.png 1200w\" sizes=\"auto, (max-width: 960px) 100vw, 960px\" title=\"\u00c0 propos de nous\" \/>                                                <\/div>\n\n                            <div class=\"banner-content\">\n                    <div class=\"inner\">\n                        <p>Nous mettons un point d\u2019honneur \u00e0 traiter les familles<br \/>\nLa qualit\u00e9 des services est \u00e9lev\u00e9e gr\u00e2ce \u00e0 la collaboration, au partage des connaissances et des ressources. Nous atteignons cette qualit\u00e9 en pr\u00eatant attention \u00e0 divers points, comme:<\/p>\n<ul>\n<li>Proc\u00e9dures d\u2019identification correctes<\/li>\n<li>L\u2019attention port\u00e9e \u00e0 la famille dans l\u2019affliction, l\u2019approche personnelle, les commentaires et la mise en pratique de soins multiples.<\/li>\n<li>Assistance dans trois domaines : Pr\u00e9caution, deuil et suivi<\/li>\n<li>R\u00e9daction et mise \u00e0 jour du plan fun\u00e9raire<\/li>\n<li>Une attention particuli\u00e8re au soin du d\u00e9funt<\/li>\n<li>Appliquer des proc\u00e9dures op\u00e9rationnelles et des techniques innovantes<\/li>\n<li>Collecte et stockage corrects des donn\u00e9es<\/li>\n<li>Transparence sur les conditions et les tarifs<\/li>\n<li>La pr\u00e9vention par la formation<\/li>\n<li>Attention \u00e0 la s\u00e9curit\u00e9<\/li>\n<li>Am\u00e9lioration continue par la formation et l\u2019exp\u00e9rience pratique<\/li>\n<\/ul>\n<p><a class=\"btn btn-primary\" href=\"https:\/\/www.funeraillesbrainoises.be\/fr\/contact\/\">Contactez-nous<\/a><\/p>\n                    <\/div>\n                <\/div>\n                    <\/div>\n    <\/div>\n<\/div>\n\n\n\n<div id=\"block-gallery-block_528422a74b37d607d7a14223ae607011\" class=\"block-gallery\">\n    <div class=\"container\">\n        <div class=\"gallery-wrap\">\n            <div class=\"image-gallery\">\n                            <\/div>\n        <\/div>\n    <\/div>\n<\/div>\n","protected":false},"excerpt":{"rendered":"","protected":false},"author":1,"featured_media":0,"parent":0,"menu_order":0,"comment_status":"closed","ping_status":"closed","template":"","meta":{"_acf_changed":false,"footnotes":""},"class_list":["post-24678","page","type-page","status-publish","hentry"],"acf":[],"yoast_head":"<!-- This site is optimized with the Yoast SEO plugin v25.8 - https:\/\/yoast.com\/wordpress\/plugins\/seo\/ -->\n<title>\u00c0 propos de nous - Les Fun\u00e9railles Brainoises<\/title>\n<meta name=\"description\" content=\"Les conseillers des fun\u00e9railles Brainoises Sereni veillent \u00e0 ce que chaque enterrement ou cr\u00e9mation soit un adieu unique.\" \/>\n<meta name=\"robots\" content=\"index, follow, max-snippet:-1, max-image-preview:large, max-video-preview:-1\" \/>\n<link rel=\"canonical\" href=\"https:\/\/www.funeraillesbrainoises.be\/fr\/a-propos-de-nous\/\" \/>\n<meta property=\"og:locale\" content=\"fr_FR\" \/>\n<meta property=\"og:type\" content=\"article\" \/>\n<meta property=\"og:title\" content=\"\u00c0 propos de nous - Les Fun\u00e9railles Brainoises\" \/>\n<meta property=\"og:description\" content=\"Les conseillers des fun\u00e9railles Brainoises Sereni veillent \u00e0 ce que chaque enterrement ou cr\u00e9mation soit un adieu unique.\" \/>\n<meta property=\"og:url\" content=\"https:\/\/www.funeraillesbrainoises.be\/fr\/a-propos-de-nous\/\" \/>\n<meta property=\"og:site_name\" content=\"Les Fun\u00e9railles Brainoises\" \/>\n<meta property=\"article:modified_time\" content=\"2024-08-19T11:23:03+00:00\" \/>\n<meta name=\"twitter:card\" content=\"summary_large_image\" \/>\n<meta name=\"twitter:label1\" content=\"Est. reading time\" \/>\n\t<meta name=\"twitter:data1\" content=\"3 minutes\" \/>\n<script type=\"application\/ld+json\" class=\"yoast-schema-graph\">{\"@context\":\"https:\/\/schema.org\",\"@graph\":[{\"@type\":[\"WebPage\",\"AboutPage\"],\"@id\":\"https:\/\/www.funeraillesbrainoises.be\/fr\/a-propos-de-nous\/\",\"url\":\"https:\/\/www.funeraillesbrainoises.be\/fr\/a-propos-de-nous\/\",\"name\":\"\u00c0 propos de nous - Les Fun\u00e9railles Brainoises\",\"isPartOf\":{\"@id\":\"https:\/\/www.funeraillesbrainoises.be\/fr\/#website\"},\"datePublished\":\"2021-07-08T10:51:47+00:00\",\"dateModified\":\"2024-08-19T11:23:03+00:00\",\"description\":\"Les conseillers des fun\u00e9railles Brainoises Sereni veillent \u00e0 ce que chaque enterrement ou cr\u00e9mation soit un adieu unique.\",\"inLanguage\":\"fr-FR\",\"potentialAction\":[{\"@type\":\"ReadAction\",\"target\":[\"https:\/\/www.funeraillesbrainoises.be\/fr\/a-propos-de-nous\/\"]}]},{\"@type\":\"WebSite\",\"@id\":\"https:\/\/www.funeraillesbrainoises.be\/fr\/#website\",\"url\":\"https:\/\/www.funeraillesbrainoises.be\/fr\/\",\"name\":\"Les Fun\u00e8railles Brainoises\",\"description\":\"Just another Sereni site\",\"potentialAction\":[{\"@type\":\"SearchAction\",\"target\":{\"@type\":\"EntryPoint\",\"urlTemplate\":\"https:\/\/www.funeraillesbrainoises.be\/fr\/?s={search_term_string}\"},\"query-input\":{\"@type\":\"PropertyValueSpecification\",\"valueRequired\":true,\"valueName\":\"search_term_string\"}}],\"inLanguage\":\"fr-FR\"}]}<\/script>\n<!-- \/ Yoast SEO plugin. -->","yoast_head_json":{"title":"\u00c0 propos de nous - Les Fun\u00e9railles Brainoises","description":"Les conseillers des fun\u00e9railles Brainoises Sereni veillent \u00e0 ce que chaque enterrement ou cr\u00e9mation soit un adieu unique.","robots":{"index":"index","follow":"follow","max-snippet":"max-snippet:-1","max-image-preview":"max-image-preview:large","max-video-preview":"max-video-preview:-1"},"canonical":"https:\/\/www.funeraillesbrainoises.be\/fr\/a-propos-de-nous\/","og_locale":"fr_FR","og_type":"article","og_title":"\u00c0 propos de nous - Les Fun\u00e9railles Brainoises","og_description":"Les conseillers des fun\u00e9railles Brainoises Sereni veillent \u00e0 ce que chaque enterrement ou cr\u00e9mation soit un adieu unique.","og_url":"https:\/\/www.funeraillesbrainoises.be\/fr\/a-propos-de-nous\/","og_site_name":"Les Fun\u00e9railles Brainoises","article_modified_time":"2024-08-19T11:23:03+00:00","twitter_card":"summary_large_image","twitter_misc":{"Est. reading time":"3 minutes"},"schema":{"@context":"https:\/\/schema.org","@graph":[{"@type":["WebPage","AboutPage"],"@id":"https:\/\/www.funeraillesbrainoises.be\/fr\/a-propos-de-nous\/","url":"https:\/\/www.funeraillesbrainoises.be\/fr\/a-propos-de-nous\/","name":"\u00c0 propos de nous - Les Fun\u00e9railles Brainoises","isPartOf":{"@id":"https:\/\/www.funeraillesbrainoises.be\/fr\/#website"},"datePublished":"2021-07-08T10:51:47+00:00","dateModified":"2024-08-19T11:23:03+00:00","description":"Les conseillers des fun\u00e9railles Brainoises Sereni veillent \u00e0 ce que chaque enterrement ou cr\u00e9mation soit un adieu unique.","inLanguage":"fr-FR","potentialAction":[{"@type":"ReadAction","target":["https:\/\/www.funeraillesbrainoises.be\/fr\/a-propos-de-nous\/"]}]},{"@type":"WebSite","@id":"https:\/\/www.funeraillesbrainoises.be\/fr\/#website","url":"https:\/\/www.funeraillesbrainoises.be\/fr\/","name":"Les Fun\u00e8railles Brainoises","description":"Just another Sereni site","potentialAction":[{"@type":"SearchAction","target":{"@type":"EntryPoint","urlTemplate":"https:\/\/www.funeraillesbrainoises.be\/fr\/?s={search_term_string}"},"query-input":{"@type":"PropertyValueSpecification","valueRequired":true,"valueName":"search_term_string"}}],"inLanguage":"fr-FR"}]}},"_links":{"self":[{"href":"https:\/\/www.funeraillesbrainoises.be\/fr\/wp-json\/wp\/v2\/pages\/24678","targetHints":{"allow":["GET"]}}],"collection":[{"href":"https:\/\/www.funeraillesbrainoises.be\/fr\/wp-json\/wp\/v2\/pages"}],"about":[{"href":"https:\/\/www.funeraillesbrainoises.be\/fr\/wp-json\/wp\/v2\/types\/page"}],"author":[{"embeddable":true,"href":"https:\/\/www.funeraillesbrainoises.be\/fr\/wp-json\/wp\/v2\/users\/1"}],"replies":[{"embeddable":true,"href":"https:\/\/www.funeraillesbrainoises.be\/fr\/wp-json\/wp\/v2\/comments?post=24678"}],"version-history":[{"count":1,"href":"https:\/\/www.funeraillesbrainoises.be\/fr\/wp-json\/wp\/v2\/pages\/24678\/revisions"}],"predecessor-version":[{"id":81450,"href":"https:\/\/www.funeraillesbrainoises.be\/fr\/wp-json\/wp\/v2\/pages\/24678\/revisions\/81450"}],"wp:attachment":[{"href":"https:\/\/www.funeraillesbrainoises.be\/fr\/wp-json\/wp\/v2\/media?parent=24678"}],"curies":[{"name":"wp","href":"https:\/\/api.w.org\/{rel}","templated":true}]}}