{"id":24677,"date":"2022-04-04T13:26:47","date_gmt":"2022-04-04T12:26:47","guid":{"rendered":"https:\/\/www.funeraillesbrainoises.be\/onze-diensten\/nazorg\/"},"modified":"2024-08-07T12:16:02","modified_gmt":"2024-08-07T11:16:02","slug":"aide-administrative","status":"publish","type":"page","link":"https:\/\/www.funeraillesbrainoises.be\/fr\/organiser-des-funerailles\/aide-administrative\/","title":{"rendered":"Aide administrative"},"content":{"rendered":"\n<div id=\"block-main-banner-block_b24a743d68d364b63804af364dab87ea\" class=\"block-main-banner\">\n    <div class=\"container\">\n        <div class=\"banner-wrap layout2 content_right content_bottom\">\n            <div class=\"banner-image\">\n                                                            <img loading=\"lazy\" decoding=\"async\" width=\"968\" height=\"1440\" src=\"https:\/\/www.touche.be\/app\/uploads\/sites\/78\/2024\/08\/CMS_organiser_funerailles-968x1440.jpg\" class=\"attachment-full-stretched size-full-stretched\" alt=\"Aide administrative\" srcset=\"https:\/\/www.touche.be\/app\/uploads\/sites\/78\/2024\/08\/CMS_organiser_funerailles-968x1440.jpg 968w, https:\/\/www.touche.be\/app\/uploads\/sites\/78\/2024\/08\/CMS_organiser_funerailles-202x300.jpg 202w, https:\/\/www.touche.be\/app\/uploads\/sites\/78\/2024\/08\/CMS_organiser_funerailles-688x1024.jpg 688w, https:\/\/www.touche.be\/app\/uploads\/sites\/78\/2024\/08\/CMS_organiser_funerailles-768x1143.jpg 768w, https:\/\/www.touche.be\/app\/uploads\/sites\/78\/2024\/08\/CMS_organiser_funerailles-1032x1536.jpg 1032w, https:\/\/www.touche.be\/app\/uploads\/sites\/78\/2024\/08\/CMS_organiser_funerailles-873x1300.jpg 873w, https:\/\/www.touche.be\/app\/uploads\/sites\/78\/2024\/08\/CMS_organiser_funerailles.jpg 1200w\" sizes=\"auto, (max-width: 968px) 100vw, 968px\" title=\"Aide administrative\" \/>                                                <\/div>\n\n                            <div class=\"banner-content\">\n                    <div class=\"inner\">\n                        <p>Nous vous assistons \u00e9galement apr\u00e8s les fun\u00e9railles. Les Pompes fun\u00e8bres Brainoises sont l\u00e0 pour vous soutenir. Nous vous aidons d\u00e8s le premier jour avec une assistance administrative, fiscale et \u00e9motionnelle.<\/p>\n<h3>Assistance administrative<\/h3>\n<p>Les obligations administratives apr\u00e8s la s\u00e9paration sont in\u00e9vitables. Pour vous guider dans toutes les formalit\u00e9s administratives et fiscales, nous avons \u00e9labor\u00e9 un plan par \u00e9tapes disponible sur : mon.sereni.be<br \/>\nApr\u00e8s avoir r\u00e9pondu \u00e0 quelques questions, nous r\u00e9pertorions les t\u00e2ches \u00e0 accomplir en situation r\u00e9elle. Nous pouvons \u00e9galement vous aider dans la mise en \u0153uvre pratique de ces \u00e9tapes<\/p>\n<h3>Aide fiscale<\/h3>\n<p>La fiscalit\u00e9 est inextricablement li\u00e9e \u00e0 un d\u00e9c\u00e8s. Nous vous aidons \u00e0 demander les attestations n\u00e9cessaires pour permettre la d\u00e9claration des droits de succession. Nous vous assistons \u00e9galement dans l\u2019\u00e9laboration de votre plan de succession et nous pouvons calculer pour vous les droits y aff\u00e9rents.<\/p>\n<p><a class=\"btn btn-primary\" href=\"https:\/\/www.funeraillesbrainoises.be\/fr\/contact\/\">Contactez-nous<\/a><\/p>\n                    <\/div>\n                <\/div>\n                    <\/div>\n    <\/div>\n<\/div>\n","protected":false},"excerpt":{"rendered":"","protected":false},"author":1,"featured_media":0,"parent":24683,"menu_order":9,"comment_status":"closed","ping_status":"closed","template":"","meta":{"_acf_changed":false,"footnotes":""},"class_list":["post-24677","page","type-page","status-publish","hentry"],"acf":[],"yoast_head":"<!-- This site is optimized with the Yoast SEO plugin v25.8 - https:\/\/yoast.com\/wordpress\/plugins\/seo\/ -->\n<title>Aide administrative - Les Fun\u00e9railles Brainoises<\/title>\n<meta name=\"description\" content=\"Enterrements Brainoises propose un suivi : assistance fiscale, assistance administrative et prise en charge du deuil. Lisez tout a propos de \u00e7a ici.\" \/>\n<meta name=\"robots\" content=\"index, follow, max-snippet:-1, max-image-preview:large, max-video-preview:-1\" \/>\n<link rel=\"canonical\" href=\"https:\/\/www.funeraillesbrainoises.be\/fr\/organiser-des-funerailles\/aide-administrative\/\" \/>\n<meta property=\"og:locale\" content=\"fr_FR\" \/>\n<meta property=\"og:type\" content=\"article\" \/>\n<meta property=\"og:title\" content=\"Aide administrative - Les Fun\u00e9railles Brainoises\" \/>\n<meta property=\"og:description\" content=\"Enterrements Brainoises propose un suivi : assistance fiscale, assistance administrative et prise en charge du deuil. Lisez tout a propos de \u00e7a ici.\" \/>\n<meta property=\"og:url\" content=\"https:\/\/www.funeraillesbrainoises.be\/fr\/organiser-des-funerailles\/aide-administrative\/\" \/>\n<meta property=\"og:site_name\" content=\"Les Fun\u00e9railles Brainoises\" \/>\n<meta property=\"article:modified_time\" content=\"2024-08-07T11:16:02+00:00\" \/>\n<meta name=\"twitter:card\" content=\"summary_large_image\" \/>\n<meta name=\"twitter:label1\" content=\"Est. reading time\" \/>\n\t<meta name=\"twitter:data1\" content=\"1 minute\" \/>\n<script type=\"application\/ld+json\" class=\"yoast-schema-graph\">{\"@context\":\"https:\/\/schema.org\",\"@graph\":[{\"@type\":\"WebPage\",\"@id\":\"https:\/\/www.funeraillesbrainoises.be\/fr\/organiser-des-funerailles\/aide-administrative\/\",\"url\":\"https:\/\/www.funeraillesbrainoises.be\/fr\/organiser-des-funerailles\/aide-administrative\/\",\"name\":\"Aide administrative - Les Fun\u00e9railles Brainoises\",\"isPartOf\":{\"@id\":\"https:\/\/www.funeraillesbrainoises.be\/fr\/#website\"},\"datePublished\":\"2022-04-04T12:26:47+00:00\",\"dateModified\":\"2024-08-07T11:16:02+00:00\",\"description\":\"Enterrements Brainoises propose un suivi : assistance fiscale, assistance administrative et prise en charge du deuil. Lisez tout a propos de \u00e7a ici.\",\"breadcrumb\":{\"@id\":\"https:\/\/www.funeraillesbrainoises.be\/fr\/organiser-des-funerailles\/aide-administrative\/#breadcrumb\"},\"inLanguage\":\"fr-FR\",\"potentialAction\":[{\"@type\":\"ReadAction\",\"target\":[\"https:\/\/www.funeraillesbrainoises.be\/fr\/organiser-des-funerailles\/aide-administrative\/\"]}]},{\"@type\":\"BreadcrumbList\",\"@id\":\"https:\/\/www.funeraillesbrainoises.be\/fr\/organiser-des-funerailles\/aide-administrative\/#breadcrumb\",\"itemListElement\":[{\"@type\":\"ListItem\",\"position\":1,\"name\":\"Organiser des fun\u00e9railles\",\"item\":\"https:\/\/www.funeraillesbrainoises.be\/fr\/organiser-des-funerailles\/\"},{\"@type\":\"ListItem\",\"position\":2,\"name\":\"Aide administrative\"}]},{\"@type\":\"WebSite\",\"@id\":\"https:\/\/www.funeraillesbrainoises.be\/fr\/#website\",\"url\":\"https:\/\/www.funeraillesbrainoises.be\/fr\/\",\"name\":\"Les Fun\u00e8railles Brainoises\",\"description\":\"Just another Sereni site\",\"potentialAction\":[{\"@type\":\"SearchAction\",\"target\":{\"@type\":\"EntryPoint\",\"urlTemplate\":\"https:\/\/www.funeraillesbrainoises.be\/fr\/?s={search_term_string}\"},\"query-input\":{\"@type\":\"PropertyValueSpecification\",\"valueRequired\":true,\"valueName\":\"search_term_string\"}}],\"inLanguage\":\"fr-FR\"}]}<\/script>\n<!-- \/ Yoast SEO plugin. -->","yoast_head_json":{"title":"Aide administrative - Les Fun\u00e9railles Brainoises","description":"Enterrements Brainoises propose un suivi : assistance fiscale, assistance administrative et prise en charge du deuil. Lisez tout a propos de \u00e7a ici.","robots":{"index":"index","follow":"follow","max-snippet":"max-snippet:-1","max-image-preview":"max-image-preview:large","max-video-preview":"max-video-preview:-1"},"canonical":"https:\/\/www.funeraillesbrainoises.be\/fr\/organiser-des-funerailles\/aide-administrative\/","og_locale":"fr_FR","og_type":"article","og_title":"Aide administrative - Les Fun\u00e9railles Brainoises","og_description":"Enterrements Brainoises propose un suivi : assistance fiscale, assistance administrative et prise en charge du deuil. Lisez tout a propos de \u00e7a ici.","og_url":"https:\/\/www.funeraillesbrainoises.be\/fr\/organiser-des-funerailles\/aide-administrative\/","og_site_name":"Les Fun\u00e9railles Brainoises","article_modified_time":"2024-08-07T11:16:02+00:00","twitter_card":"summary_large_image","twitter_misc":{"Est. reading time":"1 minute"},"schema":{"@context":"https:\/\/schema.org","@graph":[{"@type":"WebPage","@id":"https:\/\/www.funeraillesbrainoises.be\/fr\/organiser-des-funerailles\/aide-administrative\/","url":"https:\/\/www.funeraillesbrainoises.be\/fr\/organiser-des-funerailles\/aide-administrative\/","name":"Aide administrative - Les Fun\u00e9railles Brainoises","isPartOf":{"@id":"https:\/\/www.funeraillesbrainoises.be\/fr\/#website"},"datePublished":"2022-04-04T12:26:47+00:00","dateModified":"2024-08-07T11:16:02+00:00","description":"Enterrements Brainoises propose un suivi : assistance fiscale, assistance administrative et prise en charge du deuil. Lisez tout a propos de \u00e7a ici.","breadcrumb":{"@id":"https:\/\/www.funeraillesbrainoises.be\/fr\/organiser-des-funerailles\/aide-administrative\/#breadcrumb"},"inLanguage":"fr-FR","potentialAction":[{"@type":"ReadAction","target":["https:\/\/www.funeraillesbrainoises.be\/fr\/organiser-des-funerailles\/aide-administrative\/"]}]},{"@type":"BreadcrumbList","@id":"https:\/\/www.funeraillesbrainoises.be\/fr\/organiser-des-funerailles\/aide-administrative\/#breadcrumb","itemListElement":[{"@type":"ListItem","position":1,"name":"Organiser des fun\u00e9railles","item":"https:\/\/www.funeraillesbrainoises.be\/fr\/organiser-des-funerailles\/"},{"@type":"ListItem","position":2,"name":"Aide administrative"}]},{"@type":"WebSite","@id":"https:\/\/www.funeraillesbrainoises.be\/fr\/#website","url":"https:\/\/www.funeraillesbrainoises.be\/fr\/","name":"Les Fun\u00e8railles Brainoises","description":"Just another Sereni site","potentialAction":[{"@type":"SearchAction","target":{"@type":"EntryPoint","urlTemplate":"https:\/\/www.funeraillesbrainoises.be\/fr\/?s={search_term_string}"},"query-input":{"@type":"PropertyValueSpecification","valueRequired":true,"valueName":"search_term_string"}}],"inLanguage":"fr-FR"}]}},"_links":{"self":[{"href":"https:\/\/www.funeraillesbrainoises.be\/fr\/wp-json\/wp\/v2\/pages\/24677","targetHints":{"allow":["GET"]}}],"collection":[{"href":"https:\/\/www.funeraillesbrainoises.be\/fr\/wp-json\/wp\/v2\/pages"}],"about":[{"href":"https:\/\/www.funeraillesbrainoises.be\/fr\/wp-json\/wp\/v2\/types\/page"}],"author":[{"embeddable":true,"href":"https:\/\/www.funeraillesbrainoises.be\/fr\/wp-json\/wp\/v2\/users\/1"}],"replies":[{"embeddable":true,"href":"https:\/\/www.funeraillesbrainoises.be\/fr\/wp-json\/wp\/v2\/comments?post=24677"}],"version-history":[{"count":0,"href":"https:\/\/www.funeraillesbrainoises.be\/fr\/wp-json\/wp\/v2\/pages\/24677\/revisions"}],"up":[{"embeddable":true,"href":"https:\/\/www.funeraillesbrainoises.be\/fr\/wp-json\/wp\/v2\/pages\/24683"}],"wp:attachment":[{"href":"https:\/\/www.funeraillesbrainoises.be\/fr\/wp-json\/wp\/v2\/media?parent=24677"}],"curies":[{"name":"wp","href":"https:\/\/api.w.org\/{rel}","templated":true}]}}