{"id":24676,"date":"2022-04-05T10:43:46","date_gmt":"2022-04-05T09:43:46","guid":{"rendered":"https:\/\/www.funeraillesbrainoises.be\/onze-diensten\/rouwdrukwerk\/"},"modified":"2022-10-25T14:57:55","modified_gmt":"2022-10-25T13:57:55","slug":"imprimes-funeraires","status":"publish","type":"page","link":"https:\/\/www.funeraillesbrainoises.be\/fr\/organiser-des-funerailles\/imprimes-funeraires\/","title":{"rendered":"Imprim\u00e9s fun\u00e9raires"},"content":{"rendered":"\n<div id=\"block-main-banner-block_624c0f207dc22\" class=\"block-main-banner\">\n    <div class=\"container\">\n        <div class=\"banner-wrap layout2 content_left content_bottom\">\n            <div class=\"banner-image\">\n                                                            <img loading=\"lazy\" decoding=\"async\" width=\"1200\" height=\"800\" src=\"https:\/\/www.touche.be\/app\/uploads\/sites\/78\/2022\/04\/CMS_BegrafenissenLogghe_Rouwkaart.jpg\" class=\"attachment-full-stretched size-full-stretched\" alt=\"Imprim\u00e9s fun\u00e9raires\" srcset=\"https:\/\/www.touche.be\/app\/uploads\/sites\/78\/2022\/04\/CMS_BegrafenissenLogghe_Rouwkaart.jpg 1200w, https:\/\/www.touche.be\/app\/uploads\/sites\/78\/2022\/04\/CMS_BegrafenissenLogghe_Rouwkaart-300x200.jpg 300w, https:\/\/www.touche.be\/app\/uploads\/sites\/78\/2022\/04\/CMS_BegrafenissenLogghe_Rouwkaart-1024x683.jpg 1024w, https:\/\/www.touche.be\/app\/uploads\/sites\/78\/2022\/04\/CMS_BegrafenissenLogghe_Rouwkaart-768x512.jpg 768w, https:\/\/www.touche.be\/app\/uploads\/sites\/78\/2022\/04\/CMS_BegrafenissenLogghe_Rouwkaart-90x60.jpg 90w, https:\/\/www.touche.be\/app\/uploads\/sites\/78\/2022\/04\/CMS_BegrafenissenLogghe_Rouwkaart-105x70.jpg 105w, https:\/\/www.touche.be\/app\/uploads\/sites\/78\/2022\/04\/CMS_BegrafenissenLogghe_Rouwkaart-450x300.jpg 450w, https:\/\/www.touche.be\/app\/uploads\/sites\/78\/2022\/04\/CMS_BegrafenissenLogghe_Rouwkaart-600x400.jpg 600w\" sizes=\"auto, (max-width: 1200px) 100vw, 1200px\" title=\"Imprim\u00e9s fun\u00e9raires\" \/>                                                <\/div>\n\n                            <div class=\"banner-content\">\n                    <div class=\"inner\">\n                        <h2 id=\"tw-target-text\" class=\"tw-data-text tw-text-large tw-ta\" dir=\"ltr\" data-placeholder=\"Translation\"><span class=\"Y2IQFc\" lang=\"fr\">Brainoises propose un travail de deuil personnel<\/span><\/h2>\n<p>La communication du deuil est quelque chose de tr\u00e8s personnel. Chaque jour, une \u00e9quipe professionnelle et cr\u00e9ative travaille avec passion sur des faire-part de deuil et des cartes comm\u00e9moratives qui vous touchent. Afin de pouvoir vous offrir un bon service, Brainoises utilise les machines d\u2019impression les plus modernes. De cette fa\u00e7on, nous pouvons livrer votre travail de deuil rapidement et efficacement, m\u00eame pendant le week-end. Bien s\u00fbr, il est \u00e9galement possible de fournir vous-m\u00eame le mat\u00e9riel pour les cartes de deuil. Dans les deux cas, vous recevrez une \u00e9preuve.<\/p>\n<p>Nous nous occupons \u00e9galement de tout ce qui a trait \u00e0 l\u2019annonce du d\u00e9c\u00e8s. Les invitations pour la r\u00e9ception apr\u00e8s fun\u00e9railles, les cartes comm\u00e9moratives, les timbres de deuil, les agrandissements de photos avec un cadre\u2026 Si vous souhaitez faire ins\u00e9rer une n\u00e9crologie dans les journaux, vous pouvez \u00e9galement nous contacter pour cela.<\/p>\n<p><a class=\"btn btn-primary\" href=\"https:\/\/www.funeraillesbrainoises.be\/fr\/contact\/\">Contactez-nous<\/a><\/p>\n                    <\/div>\n                <\/div>\n                    <\/div>\n    <\/div>\n<\/div>\n","protected":false},"excerpt":{"rendered":"","protected":false},"author":1,"featured_media":0,"parent":24683,"menu_order":8,"comment_status":"closed","ping_status":"closed","template":"","meta":{"_acf_changed":false,"footnotes":""},"class_list":["post-24676","page","type-page","status-publish","hentry"],"acf":[],"yoast_head":"<!-- This site is optimized with the Yoast SEO plugin v25.8 - https:\/\/yoast.com\/wordpress\/plugins\/seo\/ -->\n<title>Imprim\u00e9s fun\u00e9raires - Les Fun\u00e9railles Brainoises<\/title>\n<meta name=\"description\" content=\"Fun\u00e9railles Brainoises fait \u00e9galement travailler votre deuil et fournit tout ce qui concerne l&#039;annonce d&#039;un d\u00e9c\u00e8s. En savoir plus ici.\" \/>\n<meta name=\"robots\" content=\"index, follow, max-snippet:-1, max-image-preview:large, max-video-preview:-1\" \/>\n<link rel=\"canonical\" href=\"https:\/\/www.funeraillesbrainoises.be\/fr\/organiser-des-funerailles\/imprimes-funeraires\/\" \/>\n<meta property=\"og:locale\" content=\"fr_FR\" \/>\n<meta property=\"og:type\" content=\"article\" \/>\n<meta property=\"og:title\" content=\"Imprim\u00e9s fun\u00e9raires - Les Fun\u00e9railles Brainoises\" \/>\n<meta property=\"og:description\" content=\"Fun\u00e9railles Brainoises fait \u00e9galement travailler votre deuil et fournit tout ce qui concerne l&#039;annonce d&#039;un d\u00e9c\u00e8s. En savoir plus ici.\" \/>\n<meta property=\"og:url\" content=\"https:\/\/www.funeraillesbrainoises.be\/fr\/organiser-des-funerailles\/imprimes-funeraires\/\" \/>\n<meta property=\"og:site_name\" content=\"Les Fun\u00e9railles Brainoises\" \/>\n<meta property=\"article:modified_time\" content=\"2022-10-25T13:57:55+00:00\" \/>\n<meta name=\"twitter:card\" content=\"summary_large_image\" \/>\n<script type=\"application\/ld+json\" class=\"yoast-schema-graph\">{\"@context\":\"https:\/\/schema.org\",\"@graph\":[{\"@type\":\"WebPage\",\"@id\":\"https:\/\/www.funeraillesbrainoises.be\/fr\/organiser-des-funerailles\/imprimes-funeraires\/\",\"url\":\"https:\/\/www.funeraillesbrainoises.be\/fr\/organiser-des-funerailles\/imprimes-funeraires\/\",\"name\":\"Imprim\u00e9s fun\u00e9raires - Les Fun\u00e9railles Brainoises\",\"isPartOf\":{\"@id\":\"https:\/\/www.funeraillesbrainoises.be\/fr\/#website\"},\"datePublished\":\"2022-04-05T09:43:46+00:00\",\"dateModified\":\"2022-10-25T13:57:55+00:00\",\"description\":\"Fun\u00e9railles Brainoises fait \u00e9galement travailler votre deuil et fournit tout ce qui concerne l'annonce d'un d\u00e9c\u00e8s. En savoir plus ici.\",\"breadcrumb\":{\"@id\":\"https:\/\/www.funeraillesbrainoises.be\/fr\/organiser-des-funerailles\/imprimes-funeraires\/#breadcrumb\"},\"inLanguage\":\"fr-FR\",\"potentialAction\":[{\"@type\":\"ReadAction\",\"target\":[\"https:\/\/www.funeraillesbrainoises.be\/fr\/organiser-des-funerailles\/imprimes-funeraires\/\"]}]},{\"@type\":\"BreadcrumbList\",\"@id\":\"https:\/\/www.funeraillesbrainoises.be\/fr\/organiser-des-funerailles\/imprimes-funeraires\/#breadcrumb\",\"itemListElement\":[{\"@type\":\"ListItem\",\"position\":1,\"name\":\"Organiser des fun\u00e9railles\",\"item\":\"https:\/\/www.funeraillesbrainoises.be\/fr\/organiser-des-funerailles\/\"},{\"@type\":\"ListItem\",\"position\":2,\"name\":\"Imprim\u00e9s fun\u00e9raires\"}]},{\"@type\":\"WebSite\",\"@id\":\"https:\/\/www.funeraillesbrainoises.be\/fr\/#website\",\"url\":\"https:\/\/www.funeraillesbrainoises.be\/fr\/\",\"name\":\"Les Fun\u00e8railles Brainoises\",\"description\":\"Just another Sereni site\",\"potentialAction\":[{\"@type\":\"SearchAction\",\"target\":{\"@type\":\"EntryPoint\",\"urlTemplate\":\"https:\/\/www.funeraillesbrainoises.be\/fr\/?s={search_term_string}\"},\"query-input\":{\"@type\":\"PropertyValueSpecification\",\"valueRequired\":true,\"valueName\":\"search_term_string\"}}],\"inLanguage\":\"fr-FR\"}]}<\/script>\n<!-- \/ Yoast SEO plugin. -->","yoast_head_json":{"title":"Imprim\u00e9s fun\u00e9raires - Les Fun\u00e9railles Brainoises","description":"Fun\u00e9railles Brainoises fait \u00e9galement travailler votre deuil et fournit tout ce qui concerne l'annonce d'un d\u00e9c\u00e8s. En savoir plus ici.","robots":{"index":"index","follow":"follow","max-snippet":"max-snippet:-1","max-image-preview":"max-image-preview:large","max-video-preview":"max-video-preview:-1"},"canonical":"https:\/\/www.funeraillesbrainoises.be\/fr\/organiser-des-funerailles\/imprimes-funeraires\/","og_locale":"fr_FR","og_type":"article","og_title":"Imprim\u00e9s fun\u00e9raires - Les Fun\u00e9railles Brainoises","og_description":"Fun\u00e9railles Brainoises fait \u00e9galement travailler votre deuil et fournit tout ce qui concerne l'annonce d'un d\u00e9c\u00e8s. En savoir plus ici.","og_url":"https:\/\/www.funeraillesbrainoises.be\/fr\/organiser-des-funerailles\/imprimes-funeraires\/","og_site_name":"Les Fun\u00e9railles Brainoises","article_modified_time":"2022-10-25T13:57:55+00:00","twitter_card":"summary_large_image","schema":{"@context":"https:\/\/schema.org","@graph":[{"@type":"WebPage","@id":"https:\/\/www.funeraillesbrainoises.be\/fr\/organiser-des-funerailles\/imprimes-funeraires\/","url":"https:\/\/www.funeraillesbrainoises.be\/fr\/organiser-des-funerailles\/imprimes-funeraires\/","name":"Imprim\u00e9s fun\u00e9raires - Les Fun\u00e9railles Brainoises","isPartOf":{"@id":"https:\/\/www.funeraillesbrainoises.be\/fr\/#website"},"datePublished":"2022-04-05T09:43:46+00:00","dateModified":"2022-10-25T13:57:55+00:00","description":"Fun\u00e9railles Brainoises fait \u00e9galement travailler votre deuil et fournit tout ce qui concerne l'annonce d'un d\u00e9c\u00e8s. En savoir plus ici.","breadcrumb":{"@id":"https:\/\/www.funeraillesbrainoises.be\/fr\/organiser-des-funerailles\/imprimes-funeraires\/#breadcrumb"},"inLanguage":"fr-FR","potentialAction":[{"@type":"ReadAction","target":["https:\/\/www.funeraillesbrainoises.be\/fr\/organiser-des-funerailles\/imprimes-funeraires\/"]}]},{"@type":"BreadcrumbList","@id":"https:\/\/www.funeraillesbrainoises.be\/fr\/organiser-des-funerailles\/imprimes-funeraires\/#breadcrumb","itemListElement":[{"@type":"ListItem","position":1,"name":"Organiser des fun\u00e9railles","item":"https:\/\/www.funeraillesbrainoises.be\/fr\/organiser-des-funerailles\/"},{"@type":"ListItem","position":2,"name":"Imprim\u00e9s fun\u00e9raires"}]},{"@type":"WebSite","@id":"https:\/\/www.funeraillesbrainoises.be\/fr\/#website","url":"https:\/\/www.funeraillesbrainoises.be\/fr\/","name":"Les Fun\u00e8railles Brainoises","description":"Just another Sereni site","potentialAction":[{"@type":"SearchAction","target":{"@type":"EntryPoint","urlTemplate":"https:\/\/www.funeraillesbrainoises.be\/fr\/?s={search_term_string}"},"query-input":{"@type":"PropertyValueSpecification","valueRequired":true,"valueName":"search_term_string"}}],"inLanguage":"fr-FR"}]}},"_links":{"self":[{"href":"https:\/\/www.funeraillesbrainoises.be\/fr\/wp-json\/wp\/v2\/pages\/24676","targetHints":{"allow":["GET"]}}],"collection":[{"href":"https:\/\/www.funeraillesbrainoises.be\/fr\/wp-json\/wp\/v2\/pages"}],"about":[{"href":"https:\/\/www.funeraillesbrainoises.be\/fr\/wp-json\/wp\/v2\/types\/page"}],"author":[{"embeddable":true,"href":"https:\/\/www.funeraillesbrainoises.be\/fr\/wp-json\/wp\/v2\/users\/1"}],"replies":[{"embeddable":true,"href":"https:\/\/www.funeraillesbrainoises.be\/fr\/wp-json\/wp\/v2\/comments?post=24676"}],"version-history":[{"count":0,"href":"https:\/\/www.funeraillesbrainoises.be\/fr\/wp-json\/wp\/v2\/pages\/24676\/revisions"}],"up":[{"embeddable":true,"href":"https:\/\/www.funeraillesbrainoises.be\/fr\/wp-json\/wp\/v2\/pages\/24683"}],"wp:attachment":[{"href":"https:\/\/www.funeraillesbrainoises.be\/fr\/wp-json\/wp\/v2\/media?parent=24676"}],"curies":[{"name":"wp","href":"https:\/\/api.w.org\/{rel}","templated":true}]}}