{"id":24674,"date":"2022-04-04T13:55:39","date_gmt":"2022-04-04T12:55:39","guid":{"rendered":"https:\/\/www.funeraillesbrainoises.be\/onze-diensten\/vervoer-en-repatriering\/"},"modified":"2025-12-11T18:09:26","modified_gmt":"2025-12-11T17:09:26","slug":"transfert-et-rapatriement","status":"publish","type":"page","link":"https:\/\/www.funeraillesbrainoises.be\/fr\/organiser-des-funerailles\/transfert-et-rapatriement\/","title":{"rendered":"Transfer et rapatriement"},"content":{"rendered":"\n<div id=\"block-main-banner-block_1cb67071616cfbb300080d7ca85228fb\" class=\"block-main-banner\">\n    <div class=\"container\">\n        <div class=\"banner-wrap layout2 content_left content_bottom\">\n            <div class=\"banner-image\">\n                                                            <img loading=\"lazy\" decoding=\"async\" width=\"1440\" height=\"960\" src=\"https:\/\/www.touche.be\/app\/uploads\/sites\/78\/2024\/01\/CMS_Corbillard_Brainoises-1440x960.png\" class=\"attachment-full-stretched size-full-stretched\" alt=\"Transfer et rapatriement\" srcset=\"https:\/\/www.touche.be\/app\/uploads\/sites\/78\/2024\/01\/CMS_Corbillard_Brainoises-1440x960.png 1440w, https:\/\/www.touche.be\/app\/uploads\/sites\/78\/2024\/01\/CMS_Corbillard_Brainoises-300x200.png 300w, https:\/\/www.touche.be\/app\/uploads\/sites\/78\/2024\/01\/CMS_Corbillard_Brainoises-1024x683.png 1024w, https:\/\/www.touche.be\/app\/uploads\/sites\/78\/2024\/01\/CMS_Corbillard_Brainoises-768x512.png 768w, https:\/\/www.touche.be\/app\/uploads\/sites\/78\/2024\/01\/CMS_Corbillard_Brainoises-1536x1024.png 1536w, https:\/\/www.touche.be\/app\/uploads\/sites\/78\/2024\/01\/CMS_Corbillard_Brainoises-450x300.png 450w, https:\/\/www.touche.be\/app\/uploads\/sites\/78\/2024\/01\/CMS_Corbillard_Brainoises-1300x867.png 1300w, https:\/\/www.touche.be\/app\/uploads\/sites\/78\/2024\/01\/CMS_Corbillard_Brainoises-600x400.png 600w, https:\/\/www.touche.be\/app\/uploads\/sites\/78\/2024\/01\/CMS_Corbillard_Brainoises.png 1800w\" sizes=\"auto, (max-width: 1440px) 100vw, 1440px\" title=\"Transfer et rapatriement\" \/>                                                <\/div>\n\n                            <div class=\"banner-content\">\n                    <div class=\"inner\">\n                        <h2>Corbillard<\/h2>\n<p>Nous disposons de plusieurs corbillards pour transporter les d\u00e9funts de la mani\u00e8re la plus respectueuse possible, vers des lieux de c\u00e9r\u00e9monie, inhumation ou cr\u00e9mation.<\/p>\n<p><a class=\"btn btn-primary\" href=\"https:\/\/www.funeraillesbrainoises.be\/fr\/contact\/\">Contactez-nous<\/a><\/p>\n                    <\/div>\n                <\/div>\n                    <\/div>\n    <\/div>\n<\/div>\n\n\n\n<div id=\"block-main-banner-block_758f49db8dc725bb35d874dd4b7e768a\" class=\"block-main-banner\">\n    <div class=\"container\">\n        <div class=\"banner-wrap layout2 content_left content_top\">\n            <div class=\"banner-image\">\n                                                            <img loading=\"lazy\" decoding=\"async\" width=\"1080\" height=\"1080\" src=\"https:\/\/www.touche.be\/app\/uploads\/sites\/78\/2024\/01\/CMS_Repatriering_V.png\" class=\"attachment-full-stretched size-full-stretched\" alt=\"Transfer et rapatriement\" srcset=\"https:\/\/www.touche.be\/app\/uploads\/sites\/78\/2024\/01\/CMS_Repatriering_V.png 1080w, https:\/\/www.touche.be\/app\/uploads\/sites\/78\/2024\/01\/CMS_Repatriering_V-300x300.png 300w, https:\/\/www.touche.be\/app\/uploads\/sites\/78\/2024\/01\/CMS_Repatriering_V-1024x1024.png 1024w, https:\/\/www.touche.be\/app\/uploads\/sites\/78\/2024\/01\/CMS_Repatriering_V-150x150.png 150w, https:\/\/www.touche.be\/app\/uploads\/sites\/78\/2024\/01\/CMS_Repatriering_V-768x768.png 768w, https:\/\/www.touche.be\/app\/uploads\/sites\/78\/2024\/01\/CMS_Repatriering_V-600x600.png 600w, https:\/\/www.touche.be\/app\/uploads\/sites\/78\/2024\/01\/CMS_Repatriering_V-50x50.png 50w, https:\/\/www.touche.be\/app\/uploads\/sites\/78\/2024\/01\/CMS_Repatriering_V-100x100.png 100w\" sizes=\"auto, (max-width: 1080px) 100vw, 1080px\" title=\"Transfer et rapatriement\" \/>                                                <\/div>\n\n                            <div class=\"banner-content\">\n                    <div class=\"inner\">\n                        <h2>Repatriement et transfert international<\/h2>\n<p>En cas de d\u00e9c\u00e8s \u00e0 l\u2019\u00e9tranger, vous avez le choix de faire inhumer, incin\u00e9rer ou rapatrier la personne d\u00e9c\u00e9d\u00e9e dans le pays de son domicile. Cependant, ce dernier peut \u00eatre tr\u00e8s co\u00fbteux. Certaines polices d\u2019assurance (obs\u00e8ques) ou mutuelles offrent un service suppl\u00e9mentaire pour cela, mais g\u00e9n\u00e9ralement une limite y est enregistr\u00e9e. Le corps du d\u00e9funt ne peut \u00eatre transport\u00e9 en Belgique que si les autorit\u00e9s locales l\u2019ont autoris\u00e9. Pour le transport a\u00e9rien, le d\u00e9funt et les modalit\u00e9s de son transfert doivent r\u00e9pondre \u00e0 des conditions internationales strictes. Ces conditions sont diff\u00e9rentes pour chaque pays.<\/p>\n<p><a class=\"btn btn-primary\" href=\"https:\/\/www.funeraillesbrainoises.be\/fr\/contact\/\">Contactez-nous<\/a><\/p>\n                    <\/div>\n                <\/div>\n                    <\/div>\n    <\/div>\n<\/div>\n\n\n<div id=\"block-variable-content-list-block_558d2625606761cb528f9cb7cf29b507\" class=\"block-variable-content-list default\">\n    <div class=\"container\">\n        <div class=\"widget-wrap per_row_2\">\n                        <div class=\"block-content\">\n                                                                                    <div class=\"element\">\n                                                            \n                                                                    <div class=\"image-wrap\">\n                                                                                    <img loading=\"lazy\" decoding=\"async\" width=\"1024\" height=\"683\" src=\"https:\/\/www.touche.be\/app\/uploads\/sites\/78\/2025\/12\/imprimes-funeraires-1024x683.jpg\" class=\"attachment-large size-large\" alt=\"Transfer et rapatriement\" srcset=\"https:\/\/www.touche.be\/app\/uploads\/sites\/78\/2025\/12\/imprimes-funeraires-1024x683.jpg 1024w, https:\/\/www.touche.be\/app\/uploads\/sites\/78\/2025\/12\/imprimes-funeraires-300x200.jpg 300w, https:\/\/www.touche.be\/app\/uploads\/sites\/78\/2025\/12\/imprimes-funeraires-768x512.jpg 768w, https:\/\/www.touche.be\/app\/uploads\/sites\/78\/2025\/12\/imprimes-funeraires-450x300.jpg 450w, https:\/\/www.touche.be\/app\/uploads\/sites\/78\/2025\/12\/imprimes-funeraires.jpg 1200w\" sizes=\"auto, (max-width: 1024px) 100vw, 1024px\" title=\"Transfer et rapatriement\" \/>                                                                            <\/div>\n                                \n                                                                    <div class=\"content-wrap\">\n                                        <h4>Imprim\u00e9s fun\u00e9raires<\/h4>\n<p>Nous r\u00e9alisons des imprim\u00e9s personnalis\u00e9s et uniques.<\/p>\n<p><a class=\"btn btn-primary\" href=\"https:\/\/www.funeraillesbrainoises.be\/fr\/organiser-des-funerailles\/imprimes-funeraires\/\">Plus d\u2019info<\/a><\/p>\n                                    <\/div>\n                                                                                    <\/div>\n                                                                    <div class=\"element\">\n                                                            \n                                                                    <div class=\"image-wrap\">\n                                                                                    <img loading=\"lazy\" decoding=\"async\" width=\"944\" height=\"629\" src=\"https:\/\/www.touche.be\/app\/uploads\/sites\/78\/2025\/12\/Soutien-administratif-et-psychologique-Sereni-1.jpg\" class=\"attachment-large size-large\" alt=\"Transfer et rapatriement\" srcset=\"https:\/\/www.touche.be\/app\/uploads\/sites\/78\/2025\/12\/Soutien-administratif-et-psychologique-Sereni-1.jpg 944w, https:\/\/www.touche.be\/app\/uploads\/sites\/78\/2025\/12\/Soutien-administratif-et-psychologique-Sereni-1-300x200.jpg 300w, https:\/\/www.touche.be\/app\/uploads\/sites\/78\/2025\/12\/Soutien-administratif-et-psychologique-Sereni-1-768x512.jpg 768w, https:\/\/www.touche.be\/app\/uploads\/sites\/78\/2025\/12\/Soutien-administratif-et-psychologique-Sereni-1-450x300.jpg 450w\" sizes=\"auto, (max-width: 944px) 100vw, 944px\" title=\"Transfer et rapatriement\" \/>                                                                            <\/div>\n                                \n                                                                    <div class=\"content-wrap\">\n                                        <h4>Soutien administratif et psy<\/h4>\n<p>Nous vous accompagnons avant, pendant et apr\u00e8s les fun\u00e9railles.<\/p>\n<p><a class=\"btn btn-primary\" href=\"https:\/\/www.funeraillesbrainoises.be\/fr\/organiser-des-funerailles\/aide-administrative\/\">Plus d\u2019info<\/a><\/p>\n                                    <\/div>\n                                                                                    <\/div>\n                                                <\/div>\n        <\/div>\n    <\/div>\n<\/div>\n","protected":false},"excerpt":{"rendered":"","protected":false},"author":1,"featured_media":0,"parent":24683,"menu_order":6,"comment_status":"closed","ping_status":"closed","template":"","meta":{"_acf_changed":false,"footnotes":""},"class_list":["post-24674","page","type-page","status-publish","hentry"],"acf":[],"yoast_head":"<!-- This site is optimized with the Yoast SEO plugin v25.8 - https:\/\/yoast.com\/wordpress\/plugins\/seo\/ -->\n<title>Transfer et rapatriement - Les Fun\u00e9railles Brainoises<\/title>\n<meta name=\"description\" content=\"Brainoises assure le transport et le rapatriement. Nous avons des corbillards et des voitures de c\u00e9r\u00e9monie. Lisez toutes les informations ici.\" \/>\n<meta name=\"robots\" content=\"index, follow, max-snippet:-1, max-image-preview:large, max-video-preview:-1\" \/>\n<link rel=\"canonical\" href=\"https:\/\/www.funeraillesbrainoises.be\/fr\/organiser-des-funerailles\/transfert-et-rapatriement\/\" \/>\n<meta property=\"og:locale\" content=\"fr_FR\" \/>\n<meta property=\"og:type\" content=\"article\" \/>\n<meta property=\"og:title\" content=\"Transfer et rapatriement - Les Fun\u00e9railles Brainoises\" \/>\n<meta property=\"og:description\" content=\"Brainoises assure le transport et le rapatriement. Nous avons des corbillards et des voitures de c\u00e9r\u00e9monie. Lisez toutes les informations ici.\" \/>\n<meta property=\"og:url\" content=\"https:\/\/www.funeraillesbrainoises.be\/fr\/organiser-des-funerailles\/transfert-et-rapatriement\/\" \/>\n<meta property=\"og:site_name\" content=\"Les Fun\u00e9railles Brainoises\" \/>\n<meta property=\"article:modified_time\" content=\"2025-12-11T17:09:26+00:00\" \/>\n<meta name=\"twitter:card\" content=\"summary_large_image\" \/>\n<meta name=\"twitter:label1\" content=\"Est. reading time\" \/>\n\t<meta name=\"twitter:data1\" content=\"2 minutes\" \/>\n<script type=\"application\/ld+json\" class=\"yoast-schema-graph\">{\"@context\":\"https:\/\/schema.org\",\"@graph\":[{\"@type\":\"WebPage\",\"@id\":\"https:\/\/www.funeraillesbrainoises.be\/fr\/organiser-des-funerailles\/transfert-et-rapatriement\/\",\"url\":\"https:\/\/www.funeraillesbrainoises.be\/fr\/organiser-des-funerailles\/transfert-et-rapatriement\/\",\"name\":\"Transfer et rapatriement - Les Fun\u00e9railles Brainoises\",\"isPartOf\":{\"@id\":\"https:\/\/www.funeraillesbrainoises.be\/fr\/#website\"},\"datePublished\":\"2022-04-04T12:55:39+00:00\",\"dateModified\":\"2025-12-11T17:09:26+00:00\",\"description\":\"Brainoises assure le transport et le rapatriement. Nous avons des corbillards et des voitures de c\u00e9r\u00e9monie. Lisez toutes les informations ici.\",\"breadcrumb\":{\"@id\":\"https:\/\/www.funeraillesbrainoises.be\/fr\/organiser-des-funerailles\/transfert-et-rapatriement\/#breadcrumb\"},\"inLanguage\":\"fr-FR\",\"potentialAction\":[{\"@type\":\"ReadAction\",\"target\":[\"https:\/\/www.funeraillesbrainoises.be\/fr\/organiser-des-funerailles\/transfert-et-rapatriement\/\"]}]},{\"@type\":\"BreadcrumbList\",\"@id\":\"https:\/\/www.funeraillesbrainoises.be\/fr\/organiser-des-funerailles\/transfert-et-rapatriement\/#breadcrumb\",\"itemListElement\":[{\"@type\":\"ListItem\",\"position\":1,\"name\":\"Organiser des fun\u00e9railles\",\"item\":\"https:\/\/www.funeraillesbrainoises.be\/fr\/organiser-des-funerailles\/\"},{\"@type\":\"ListItem\",\"position\":2,\"name\":\"Transfer et rapatriement\"}]},{\"@type\":\"WebSite\",\"@id\":\"https:\/\/www.funeraillesbrainoises.be\/fr\/#website\",\"url\":\"https:\/\/www.funeraillesbrainoises.be\/fr\/\",\"name\":\"Les Fun\u00e8railles Brainoises\",\"description\":\"Just another Sereni site\",\"potentialAction\":[{\"@type\":\"SearchAction\",\"target\":{\"@type\":\"EntryPoint\",\"urlTemplate\":\"https:\/\/www.funeraillesbrainoises.be\/fr\/?s={search_term_string}\"},\"query-input\":{\"@type\":\"PropertyValueSpecification\",\"valueRequired\":true,\"valueName\":\"search_term_string\"}}],\"inLanguage\":\"fr-FR\"}]}<\/script>\n<!-- \/ Yoast SEO plugin. -->","yoast_head_json":{"title":"Transfer et rapatriement - Les Fun\u00e9railles Brainoises","description":"Brainoises assure le transport et le rapatriement. Nous avons des corbillards et des voitures de c\u00e9r\u00e9monie. Lisez toutes les informations ici.","robots":{"index":"index","follow":"follow","max-snippet":"max-snippet:-1","max-image-preview":"max-image-preview:large","max-video-preview":"max-video-preview:-1"},"canonical":"https:\/\/www.funeraillesbrainoises.be\/fr\/organiser-des-funerailles\/transfert-et-rapatriement\/","og_locale":"fr_FR","og_type":"article","og_title":"Transfer et rapatriement - Les Fun\u00e9railles Brainoises","og_description":"Brainoises assure le transport et le rapatriement. Nous avons des corbillards et des voitures de c\u00e9r\u00e9monie. Lisez toutes les informations ici.","og_url":"https:\/\/www.funeraillesbrainoises.be\/fr\/organiser-des-funerailles\/transfert-et-rapatriement\/","og_site_name":"Les Fun\u00e9railles Brainoises","article_modified_time":"2025-12-11T17:09:26+00:00","twitter_card":"summary_large_image","twitter_misc":{"Est. reading time":"2 minutes"},"schema":{"@context":"https:\/\/schema.org","@graph":[{"@type":"WebPage","@id":"https:\/\/www.funeraillesbrainoises.be\/fr\/organiser-des-funerailles\/transfert-et-rapatriement\/","url":"https:\/\/www.funeraillesbrainoises.be\/fr\/organiser-des-funerailles\/transfert-et-rapatriement\/","name":"Transfer et rapatriement - Les Fun\u00e9railles Brainoises","isPartOf":{"@id":"https:\/\/www.funeraillesbrainoises.be\/fr\/#website"},"datePublished":"2022-04-04T12:55:39+00:00","dateModified":"2025-12-11T17:09:26+00:00","description":"Brainoises assure le transport et le rapatriement. Nous avons des corbillards et des voitures de c\u00e9r\u00e9monie. Lisez toutes les informations ici.","breadcrumb":{"@id":"https:\/\/www.funeraillesbrainoises.be\/fr\/organiser-des-funerailles\/transfert-et-rapatriement\/#breadcrumb"},"inLanguage":"fr-FR","potentialAction":[{"@type":"ReadAction","target":["https:\/\/www.funeraillesbrainoises.be\/fr\/organiser-des-funerailles\/transfert-et-rapatriement\/"]}]},{"@type":"BreadcrumbList","@id":"https:\/\/www.funeraillesbrainoises.be\/fr\/organiser-des-funerailles\/transfert-et-rapatriement\/#breadcrumb","itemListElement":[{"@type":"ListItem","position":1,"name":"Organiser des fun\u00e9railles","item":"https:\/\/www.funeraillesbrainoises.be\/fr\/organiser-des-funerailles\/"},{"@type":"ListItem","position":2,"name":"Transfer et rapatriement"}]},{"@type":"WebSite","@id":"https:\/\/www.funeraillesbrainoises.be\/fr\/#website","url":"https:\/\/www.funeraillesbrainoises.be\/fr\/","name":"Les Fun\u00e8railles Brainoises","description":"Just another Sereni site","potentialAction":[{"@type":"SearchAction","target":{"@type":"EntryPoint","urlTemplate":"https:\/\/www.funeraillesbrainoises.be\/fr\/?s={search_term_string}"},"query-input":{"@type":"PropertyValueSpecification","valueRequired":true,"valueName":"search_term_string"}}],"inLanguage":"fr-FR"}]}},"_links":{"self":[{"href":"https:\/\/www.funeraillesbrainoises.be\/fr\/wp-json\/wp\/v2\/pages\/24674","targetHints":{"allow":["GET"]}}],"collection":[{"href":"https:\/\/www.funeraillesbrainoises.be\/fr\/wp-json\/wp\/v2\/pages"}],"about":[{"href":"https:\/\/www.funeraillesbrainoises.be\/fr\/wp-json\/wp\/v2\/types\/page"}],"author":[{"embeddable":true,"href":"https:\/\/www.funeraillesbrainoises.be\/fr\/wp-json\/wp\/v2\/users\/1"}],"replies":[{"embeddable":true,"href":"https:\/\/www.funeraillesbrainoises.be\/fr\/wp-json\/wp\/v2\/comments?post=24674"}],"version-history":[{"count":1,"href":"https:\/\/www.funeraillesbrainoises.be\/fr\/wp-json\/wp\/v2\/pages\/24674\/revisions"}],"predecessor-version":[{"id":81527,"href":"https:\/\/www.funeraillesbrainoises.be\/fr\/wp-json\/wp\/v2\/pages\/24674\/revisions\/81527"}],"up":[{"embeddable":true,"href":"https:\/\/www.funeraillesbrainoises.be\/fr\/wp-json\/wp\/v2\/pages\/24683"}],"wp:attachment":[{"href":"https:\/\/www.funeraillesbrainoises.be\/fr\/wp-json\/wp\/v2\/media?parent=24674"}],"curies":[{"name":"wp","href":"https:\/\/api.w.org\/{rel}","templated":true}]}}