{"id":24671,"date":"2022-04-05T10:32:21","date_gmt":"2022-04-05T09:32:21","guid":{"rendered":"https:\/\/www.funeraillesbrainoises.be\/onze-diensten\/afscheidsdiensten\/"},"modified":"2025-12-11T18:08:10","modified_gmt":"2025-12-11T17:08:10","slug":"services-adieu","status":"publish","type":"page","link":"https:\/\/www.funeraillesbrainoises.be\/fr\/organiser-des-funerailles\/services-adieu\/","title":{"rendered":"Services d&#8217;adieu"},"content":{"rendered":"\n<div id=\"block-main-banner-block_2f1cb3db721b5f14e0590fdd3f6cf879\" class=\"block-main-banner\">\n    <div class=\"container\">\n        <div class=\"banner-wrap layout2 content_right content_top\">\n            <div class=\"banner-image\">\n                                                            <img loading=\"lazy\" decoding=\"async\" width=\"1440\" height=\"1200\" src=\"https:\/\/www.touche.be\/app\/uploads\/sites\/78\/2024\/08\/CMS_service_dadieu_brainoises-1440x1200.jpg\" class=\"attachment-full-stretched size-full-stretched\" alt=\"Services d&#039;adieu\" srcset=\"https:\/\/www.touche.be\/app\/uploads\/sites\/78\/2024\/08\/CMS_service_dadieu_brainoises-1440x1200.jpg 1440w, https:\/\/www.touche.be\/app\/uploads\/sites\/78\/2024\/08\/CMS_service_dadieu_brainoises-300x250.jpg 300w, https:\/\/www.touche.be\/app\/uploads\/sites\/78\/2024\/08\/CMS_service_dadieu_brainoises-1024x853.jpg 1024w, https:\/\/www.touche.be\/app\/uploads\/sites\/78\/2024\/08\/CMS_service_dadieu_brainoises-768x640.jpg 768w, https:\/\/www.touche.be\/app\/uploads\/sites\/78\/2024\/08\/CMS_service_dadieu_brainoises-1536x1280.jpg 1536w, https:\/\/www.touche.be\/app\/uploads\/sites\/78\/2024\/08\/CMS_service_dadieu_brainoises-360x300.jpg 360w, https:\/\/www.touche.be\/app\/uploads\/sites\/78\/2024\/08\/CMS_service_dadieu_brainoises-1300x1083.jpg 1300w, https:\/\/www.touche.be\/app\/uploads\/sites\/78\/2024\/08\/CMS_service_dadieu_brainoises.jpg 1800w\" sizes=\"auto, (max-width: 1440px) 100vw, 1440px\" title=\"Services d&#039;adieu\" \/>                                                <\/div>\n\n                            <div class=\"banner-content\">\n                    <div class=\"inner\">\n                        <p><strong>Les pompes fun\u00e8bres Brainoises\u00a0Sereni<\/strong>\u00a0mettent tout en \u0153uvre pour organiser une c\u00e9r\u00e9monie d\u2019adieu personnelle, sereine et digne. En tant qu\u2019organisateur de fun\u00e9railles, nous vous guidons dans le processus et vous prenons par la main, \u00e9tape par \u00e9tape. Ensemble, nous donnons forme \u00e0 la c\u00e9r\u00e9monie d\u2019adieu. Nous avons d\u2019abord un entretien approfondi afin de recueillir toutes les informations n\u00e9cessaires pour organiser une c\u00e9r\u00e9monie unique et personnelle. Nous traduisons les souhaits du d\u00e9funt et de ses proches. Vous trouverez ci-dessous de plus amples informations sur les types de services fun\u00e9raires que nous proposons.<\/p>\n<p><a class=\"btn btn-primary\" href=\"https:\/\/www.funeraillesbrainoises.be\/fr\/contact\/\">Contactez-nous<\/a><\/p>\n                    <\/div>\n                <\/div>\n                    <\/div>\n    <\/div>\n<\/div>\n\n\n\n<div id=\"block-main-banner-block_e901dea5dfa6e56fed079a894b4b711e\" class=\"block-main-banner\">\n    <div class=\"container\">\n        <div class=\"banner-wrap layout2 content_left content_top\">\n            <div class=\"banner-image\">\n                                                            <img loading=\"lazy\" decoding=\"async\" width=\"1440\" height=\"1200\" src=\"https:\/\/www.touche.be\/app\/uploads\/sites\/78\/2024\/08\/CMS_Brainoises_V-1440x1200.jpg\" class=\"attachment-full-stretched size-full-stretched\" alt=\"Services d&#039;adieu\" srcset=\"https:\/\/www.touche.be\/app\/uploads\/sites\/78\/2024\/08\/CMS_Brainoises_V-1440x1200.jpg 1440w, https:\/\/www.touche.be\/app\/uploads\/sites\/78\/2024\/08\/CMS_Brainoises_V-300x250.jpg 300w, https:\/\/www.touche.be\/app\/uploads\/sites\/78\/2024\/08\/CMS_Brainoises_V-1024x853.jpg 1024w, https:\/\/www.touche.be\/app\/uploads\/sites\/78\/2024\/08\/CMS_Brainoises_V-768x640.jpg 768w, https:\/\/www.touche.be\/app\/uploads\/sites\/78\/2024\/08\/CMS_Brainoises_V-1536x1280.jpg 1536w, https:\/\/www.touche.be\/app\/uploads\/sites\/78\/2024\/08\/CMS_Brainoises_V-360x300.jpg 360w, https:\/\/www.touche.be\/app\/uploads\/sites\/78\/2024\/08\/CMS_Brainoises_V-1300x1083.jpg 1300w, https:\/\/www.touche.be\/app\/uploads\/sites\/78\/2024\/08\/CMS_Brainoises_V.jpg 1800w\" sizes=\"auto, (max-width: 1440px) 100vw, 1440px\" title=\"Services d&#039;adieu\" \/>                                                <\/div>\n\n                            <div class=\"banner-content\">\n                    <div class=\"inner\">\n                        <h2>Types de c\u00e9r\u00e9monies<\/h2>\n<ol>\n<li><strong>Service religieux<\/strong><br \/>\nBrainoises s\u2019adapte \u00e0 toutes les croyances religieuses et prend contact avec les pr\u00eatres, diacres, pasteurs, \u2026 pour la coordination des fun\u00e9railles.<\/li>\n<li><strong>C\u00e9r\u00e9monie civile<\/strong><br \/>\nUne c\u00e9r\u00e9monie civile peut \u00eatre pens\u00e9e, personnalis\u00e9e par la famille du d\u00e9funt et supervis\u00e9e par un officiant de Sereni. Si vous souhaitez l\u2019\u00e9toffer de musiques, de t\u00e9moignages, de chants, de photos ou films, notre \u00e9quipe est pr\u00e9sente pour tout coordonner et cr\u00e9er un hommage \u00e0 la hauteur de la vie de votre d\u00e9funt.<\/li>\n<\/ol>\n                    <\/div>\n                <\/div>\n                    <\/div>\n    <\/div>\n<\/div>\n\n\n\n<div id=\"block-main-banner-block_0722d207bcefe4ddaf1d1ec587e82ff2\" class=\"block-main-banner\">\n    <div class=\"container\">\n        <div class=\"banner-wrap layout2 content_right content_top\">\n            <div class=\"banner-image\">\n                                                            <img loading=\"lazy\" decoding=\"async\" width=\"960\" height=\"1440\" src=\"https:\/\/www.touche.be\/app\/uploads\/sites\/78\/2024\/01\/CMS_Piano_2-960x1440.png\" class=\"attachment-full-stretched size-full-stretched\" alt=\"Services d&#039;adieu\" srcset=\"https:\/\/www.touche.be\/app\/uploads\/sites\/78\/2024\/01\/CMS_Piano_2-960x1440.png 960w, https:\/\/www.touche.be\/app\/uploads\/sites\/78\/2024\/01\/CMS_Piano_2-200x300.png 200w, https:\/\/www.touche.be\/app\/uploads\/sites\/78\/2024\/01\/CMS_Piano_2-683x1024.png 683w, https:\/\/www.touche.be\/app\/uploads\/sites\/78\/2024\/01\/CMS_Piano_2-768x1152.png 768w, https:\/\/www.touche.be\/app\/uploads\/sites\/78\/2024\/01\/CMS_Piano_2-1024x1536.png 1024w, https:\/\/www.touche.be\/app\/uploads\/sites\/78\/2024\/01\/CMS_Piano_2-867x1300.png 867w, https:\/\/www.touche.be\/app\/uploads\/sites\/78\/2024\/01\/CMS_Piano_2-600x900.png 600w, https:\/\/www.touche.be\/app\/uploads\/sites\/78\/2024\/01\/CMS_Piano_2-400x600.png 400w, https:\/\/www.touche.be\/app\/uploads\/sites\/78\/2024\/01\/CMS_Piano_2.png 1200w\" sizes=\"auto, (max-width: 960px) 100vw, 960px\" title=\"Services d&#039;adieu\" \/>                                                <\/div>\n\n                            <div class=\"banner-content\">\n                    <div class=\"inner\">\n                        <h2>Audio et images<\/h2>\n<p>Lors d\u2019une c\u00e9r\u00e9monie d\u2019adieu, la musique et les images peuvent parfois parler mieux que des mots. Elles offrent espoir, soutien et r\u00e9confort. Les pompes fun\u00e8bres Brainoises Sereni, construisent la c\u00e9r\u00e9monie d\u2019adieu avec la musique, les photos et les intervenants choisis par les proches du d\u00e9funt ou lui-m\u00eame (si cela est pr\u00e9vu dans un testament). Les pompes fun\u00e8bres Brainoises peuvent vous aider en vous proposant des suggestions pour trouver la musique appropri\u00e9e.<\/p>\n<p>Elles sont en \u00e9troite collaboration avec des musiciens, chanteurs, \u2026 qui peuvent donner une dimension suppl\u00e9mentaire \u00e0 la c\u00e9r\u00e9monie en direct. En outre, elles peuvent vous proposer de magnifiques reportages photos \u2026. De plus en plus de membres de famille vivent \u00e0 l\u2019\u00e9tranger ou rencontrent des soucis de sant\u00e9 ne leur permettant pas de se d\u00e9placer aux fun\u00e9railles. Les Pompes Fun\u00e8bres Brainoises Sereni organisent des retransmissions en direct (streaming) et \/ou enregistrements de la c\u00e9r\u00e9monie pour pouvoir suivre l\u2019hommage \u00e0 distance.<\/p>\n                    <\/div>\n                <\/div>\n                    <\/div>\n    <\/div>\n<\/div>\n\n\n<div id=\"block-variable-content-list-block_8902a9525c7352b38a62ca8aad3561f4\" class=\"block-variable-content-list default\">\n    <div class=\"container\">\n        <div class=\"widget-wrap per_row_4\">\n                        <div class=\"block-content\">\n                                                                                    <div class=\"element\">\n                                                            \n                                                                    <div class=\"image-wrap\">\n                                                                                    <img loading=\"lazy\" decoding=\"async\" width=\"944\" height=\"629\" src=\"https:\/\/www.touche.be\/app\/uploads\/sites\/78\/2025\/12\/vos-condoleances-en-ligne-Sereni.jpg\" class=\"attachment-large size-large\" alt=\"Services d&#039;adieu\" srcset=\"https:\/\/www.touche.be\/app\/uploads\/sites\/78\/2025\/12\/vos-condoleances-en-ligne-Sereni.jpg 944w, https:\/\/www.touche.be\/app\/uploads\/sites\/78\/2025\/12\/vos-condoleances-en-ligne-Sereni-300x200.jpg 300w, https:\/\/www.touche.be\/app\/uploads\/sites\/78\/2025\/12\/vos-condoleances-en-ligne-Sereni-768x512.jpg 768w, https:\/\/www.touche.be\/app\/uploads\/sites\/78\/2025\/12\/vos-condoleances-en-ligne-Sereni-450x300.jpg 450w\" sizes=\"auto, (max-width: 944px) 100vw, 944px\" title=\"Services d&#039;adieu\" \/>                                                                            <\/div>\n                                \n                                                                    <div class=\"content-wrap\">\n                                        <h4>Vos condol\u00e9ances en ligne<\/h4>\n<p>Envoyez un message, une carte ou des fleurs en quelques clics.<\/p>\n<p><a class=\"btn btn-primary\" href=\"https:\/\/www.funeraillesbrainoises.be\/fr\/condoleances-brainoises\/\">Plus d\u2019info<\/a><\/p>\n                                    <\/div>\n                                                                                    <\/div>\n                                                                    <div class=\"element\">\n                                                            \n                                                                    <div class=\"image-wrap\">\n                                                                                    <img loading=\"lazy\" decoding=\"async\" width=\"944\" height=\"629\" src=\"https:\/\/www.touche.be\/app\/uploads\/sites\/78\/2025\/12\/Mon-sereni-votre-plateforme-en-ligne-securise.jpg\" class=\"attachment-large size-large\" alt=\"Services d&#039;adieu\" srcset=\"https:\/\/www.touche.be\/app\/uploads\/sites\/78\/2025\/12\/Mon-sereni-votre-plateforme-en-ligne-securise.jpg 944w, https:\/\/www.touche.be\/app\/uploads\/sites\/78\/2025\/12\/Mon-sereni-votre-plateforme-en-ligne-securise-300x200.jpg 300w, https:\/\/www.touche.be\/app\/uploads\/sites\/78\/2025\/12\/Mon-sereni-votre-plateforme-en-ligne-securise-768x512.jpg 768w, https:\/\/www.touche.be\/app\/uploads\/sites\/78\/2025\/12\/Mon-sereni-votre-plateforme-en-ligne-securise-450x300.jpg 450w\" sizes=\"auto, (max-width: 944px) 100vw, 944px\" title=\"Services d&#039;adieu\" \/>                                                                            <\/div>\n                                \n                                                                    <div class=\"content-wrap\">\n                                        <h4>Mon Sereni<\/h4>\n<p>Retrouvez tous vos documents et souhaits au m\u00eame endroit.<\/p>\n<p><a class=\"btn btn-primary\" href=\"https:\/\/mijn.sereni.be\/fr-BE\/connexion?lang=fr\" target=\"_blank\" rel=\"noopener\">Plus d\u2019info<\/a><\/p>\n                                    <\/div>\n                                                                                    <\/div>\n                                                                    <div class=\"element\">\n                                                            \n                                                                    <div class=\"image-wrap\">\n                                                                                    <img loading=\"lazy\" decoding=\"async\" width=\"944\" height=\"629\" src=\"https:\/\/www.touche.be\/app\/uploads\/sites\/78\/2025\/12\/carnet-mes-dernieres-volontes-Sereni-1.jpg\" class=\"attachment-large size-large\" alt=\"Services d&#039;adieu\" srcset=\"https:\/\/www.touche.be\/app\/uploads\/sites\/78\/2025\/12\/carnet-mes-dernieres-volontes-Sereni-1.jpg 944w, https:\/\/www.touche.be\/app\/uploads\/sites\/78\/2025\/12\/carnet-mes-dernieres-volontes-Sereni-1-300x200.jpg 300w, https:\/\/www.touche.be\/app\/uploads\/sites\/78\/2025\/12\/carnet-mes-dernieres-volontes-Sereni-1-768x512.jpg 768w, https:\/\/www.touche.be\/app\/uploads\/sites\/78\/2025\/12\/carnet-mes-dernieres-volontes-Sereni-1-450x300.jpg 450w\" sizes=\"auto, (max-width: 944px) 100vw, 944px\" title=\"Services d&#039;adieu\" \/>                                                                            <\/div>\n                                \n                                                                    <div class=\"content-wrap\">\n                                        <h4>Mes derni\u00e8res volont\u00e9s<\/h4>\n<p>R\u00e9fl\u00e9chissez \u00e0 la fa\u00e7on dont vous voulez qu&#8217;on se souvienne de vous.<\/p>\n<p><a class=\"btn btn-primary\" href=\"https:\/\/sereni.be\/fr\/article\/nouveau-le-carnet-mes-derniers-souhaits-vous-aide-a-reflechir-sur-ce-qui-est-important-dans-la-vie\" target=\"_blank\" rel=\"noopener\">Plus d&#8217;info<\/a><\/p>\n                                    <\/div>\n                                                                                    <\/div>\n                                                                    <div class=\"element\">\n                                                            \n                                                                    <div class=\"image-wrap\">\n                                                                                    <img loading=\"lazy\" decoding=\"async\" width=\"944\" height=\"629\" src=\"https:\/\/www.touche.be\/app\/uploads\/sites\/78\/2025\/12\/Soutien-administratif-et-psychologique-Sereni-1.jpg\" class=\"attachment-large size-large\" alt=\"Services d&#039;adieu\" srcset=\"https:\/\/www.touche.be\/app\/uploads\/sites\/78\/2025\/12\/Soutien-administratif-et-psychologique-Sereni-1.jpg 944w, https:\/\/www.touche.be\/app\/uploads\/sites\/78\/2025\/12\/Soutien-administratif-et-psychologique-Sereni-1-300x200.jpg 300w, https:\/\/www.touche.be\/app\/uploads\/sites\/78\/2025\/12\/Soutien-administratif-et-psychologique-Sereni-1-768x512.jpg 768w, https:\/\/www.touche.be\/app\/uploads\/sites\/78\/2025\/12\/Soutien-administratif-et-psychologique-Sereni-1-450x300.jpg 450w\" sizes=\"auto, (max-width: 944px) 100vw, 944px\" title=\"Services d&#039;adieu\" \/>                                                                            <\/div>\n                                \n                                                                    <div class=\"content-wrap\">\n                                        <h4>Soutien administratif et psy<\/h4>\n<p>Nous vous accompagnons avant, pendant et apr\u00e8s les fun\u00e9railles.<\/p>\n<p><a class=\"btn btn-primary\" href=\"https:\/\/www.funeraillesbrainoises.be\/fr\/organiser-des-funerailles\/aide-administrative\/\">Plus d\u2019info<\/a><\/p>\n                                    <\/div>\n                                                                                    <\/div>\n                                                <\/div>\n        <\/div>\n    <\/div>\n<\/div>\n","protected":false},"excerpt":{"rendered":"","protected":false},"author":1,"featured_media":0,"parent":24683,"menu_order":3,"comment_status":"closed","ping_status":"closed","template":"","meta":{"_acf_changed":false,"footnotes":""},"class_list":["post-24671","page","type-page","status-publish","hentry"],"acf":[],"yoast_head":"<!-- This site is optimized with the Yoast SEO plugin v25.8 - https:\/\/yoast.com\/wordpress\/plugins\/seo\/ -->\n<title>Services d&#039;adieu - Les Fun\u00e9railles Brainoises<\/title>\n<meta name=\"description\" content=\"L&#039;organisateur de pompes fun\u00e8bres Brainoises propose divers services fun\u00e9raires. Fun\u00e9railles eccl\u00e9siastiques et civiles. Contactez-nous.\" \/>\n<meta name=\"robots\" content=\"index, follow, max-snippet:-1, max-image-preview:large, max-video-preview:-1\" \/>\n<link rel=\"canonical\" href=\"https:\/\/www.funeraillesbrainoises.be\/fr\/organiser-des-funerailles\/services-adieu\/\" \/>\n<meta property=\"og:locale\" content=\"fr_FR\" \/>\n<meta property=\"og:type\" content=\"article\" \/>\n<meta property=\"og:title\" content=\"Services d&#039;adieu - Les Fun\u00e9railles Brainoises\" \/>\n<meta property=\"og:description\" content=\"L&#039;organisateur de pompes fun\u00e8bres Brainoises propose divers services fun\u00e9raires. Fun\u00e9railles eccl\u00e9siastiques et civiles. Contactez-nous.\" \/>\n<meta property=\"og:url\" content=\"https:\/\/www.funeraillesbrainoises.be\/fr\/organiser-des-funerailles\/services-adieu\/\" \/>\n<meta property=\"og:site_name\" content=\"Les Fun\u00e9railles Brainoises\" \/>\n<meta property=\"article:modified_time\" content=\"2025-12-11T17:08:10+00:00\" \/>\n<meta name=\"twitter:card\" content=\"summary_large_image\" \/>\n<meta name=\"twitter:label1\" content=\"Est. reading time\" \/>\n\t<meta name=\"twitter:data1\" content=\"4 minutes\" \/>\n<script type=\"application\/ld+json\" class=\"yoast-schema-graph\">{\"@context\":\"https:\/\/schema.org\",\"@graph\":[{\"@type\":\"WebPage\",\"@id\":\"https:\/\/www.funeraillesbrainoises.be\/fr\/organiser-des-funerailles\/services-adieu\/\",\"url\":\"https:\/\/www.funeraillesbrainoises.be\/fr\/organiser-des-funerailles\/services-adieu\/\",\"name\":\"Services d'adieu - Les Fun\u00e9railles Brainoises\",\"isPartOf\":{\"@id\":\"https:\/\/www.funeraillesbrainoises.be\/fr\/#website\"},\"datePublished\":\"2022-04-05T09:32:21+00:00\",\"dateModified\":\"2025-12-11T17:08:10+00:00\",\"description\":\"L'organisateur de pompes fun\u00e8bres Brainoises propose divers services fun\u00e9raires. Fun\u00e9railles eccl\u00e9siastiques et civiles. Contactez-nous.\",\"breadcrumb\":{\"@id\":\"https:\/\/www.funeraillesbrainoises.be\/fr\/organiser-des-funerailles\/services-adieu\/#breadcrumb\"},\"inLanguage\":\"fr-FR\",\"potentialAction\":[{\"@type\":\"ReadAction\",\"target\":[\"https:\/\/www.funeraillesbrainoises.be\/fr\/organiser-des-funerailles\/services-adieu\/\"]}]},{\"@type\":\"BreadcrumbList\",\"@id\":\"https:\/\/www.funeraillesbrainoises.be\/fr\/organiser-des-funerailles\/services-adieu\/#breadcrumb\",\"itemListElement\":[{\"@type\":\"ListItem\",\"position\":1,\"name\":\"Organiser des fun\u00e9railles\",\"item\":\"https:\/\/www.funeraillesbrainoises.be\/fr\/organiser-des-funerailles\/\"},{\"@type\":\"ListItem\",\"position\":2,\"name\":\"Services d&#8217;adieu\"}]},{\"@type\":\"WebSite\",\"@id\":\"https:\/\/www.funeraillesbrainoises.be\/fr\/#website\",\"url\":\"https:\/\/www.funeraillesbrainoises.be\/fr\/\",\"name\":\"Les Fun\u00e8railles Brainoises\",\"description\":\"Just another Sereni site\",\"potentialAction\":[{\"@type\":\"SearchAction\",\"target\":{\"@type\":\"EntryPoint\",\"urlTemplate\":\"https:\/\/www.funeraillesbrainoises.be\/fr\/?s={search_term_string}\"},\"query-input\":{\"@type\":\"PropertyValueSpecification\",\"valueRequired\":true,\"valueName\":\"search_term_string\"}}],\"inLanguage\":\"fr-FR\"}]}<\/script>\n<!-- \/ Yoast SEO plugin. -->","yoast_head_json":{"title":"Services d'adieu - Les Fun\u00e9railles Brainoises","description":"L'organisateur de pompes fun\u00e8bres Brainoises propose divers services fun\u00e9raires. Fun\u00e9railles eccl\u00e9siastiques et civiles. Contactez-nous.","robots":{"index":"index","follow":"follow","max-snippet":"max-snippet:-1","max-image-preview":"max-image-preview:large","max-video-preview":"max-video-preview:-1"},"canonical":"https:\/\/www.funeraillesbrainoises.be\/fr\/organiser-des-funerailles\/services-adieu\/","og_locale":"fr_FR","og_type":"article","og_title":"Services d'adieu - Les Fun\u00e9railles Brainoises","og_description":"L'organisateur de pompes fun\u00e8bres Brainoises propose divers services fun\u00e9raires. Fun\u00e9railles eccl\u00e9siastiques et civiles. Contactez-nous.","og_url":"https:\/\/www.funeraillesbrainoises.be\/fr\/organiser-des-funerailles\/services-adieu\/","og_site_name":"Les Fun\u00e9railles Brainoises","article_modified_time":"2025-12-11T17:08:10+00:00","twitter_card":"summary_large_image","twitter_misc":{"Est. reading time":"4 minutes"},"schema":{"@context":"https:\/\/schema.org","@graph":[{"@type":"WebPage","@id":"https:\/\/www.funeraillesbrainoises.be\/fr\/organiser-des-funerailles\/services-adieu\/","url":"https:\/\/www.funeraillesbrainoises.be\/fr\/organiser-des-funerailles\/services-adieu\/","name":"Services d'adieu - Les Fun\u00e9railles Brainoises","isPartOf":{"@id":"https:\/\/www.funeraillesbrainoises.be\/fr\/#website"},"datePublished":"2022-04-05T09:32:21+00:00","dateModified":"2025-12-11T17:08:10+00:00","description":"L'organisateur de pompes fun\u00e8bres Brainoises propose divers services fun\u00e9raires. Fun\u00e9railles eccl\u00e9siastiques et civiles. Contactez-nous.","breadcrumb":{"@id":"https:\/\/www.funeraillesbrainoises.be\/fr\/organiser-des-funerailles\/services-adieu\/#breadcrumb"},"inLanguage":"fr-FR","potentialAction":[{"@type":"ReadAction","target":["https:\/\/www.funeraillesbrainoises.be\/fr\/organiser-des-funerailles\/services-adieu\/"]}]},{"@type":"BreadcrumbList","@id":"https:\/\/www.funeraillesbrainoises.be\/fr\/organiser-des-funerailles\/services-adieu\/#breadcrumb","itemListElement":[{"@type":"ListItem","position":1,"name":"Organiser des fun\u00e9railles","item":"https:\/\/www.funeraillesbrainoises.be\/fr\/organiser-des-funerailles\/"},{"@type":"ListItem","position":2,"name":"Services d&#8217;adieu"}]},{"@type":"WebSite","@id":"https:\/\/www.funeraillesbrainoises.be\/fr\/#website","url":"https:\/\/www.funeraillesbrainoises.be\/fr\/","name":"Les Fun\u00e8railles Brainoises","description":"Just another Sereni site","potentialAction":[{"@type":"SearchAction","target":{"@type":"EntryPoint","urlTemplate":"https:\/\/www.funeraillesbrainoises.be\/fr\/?s={search_term_string}"},"query-input":{"@type":"PropertyValueSpecification","valueRequired":true,"valueName":"search_term_string"}}],"inLanguage":"fr-FR"}]}},"_links":{"self":[{"href":"https:\/\/www.funeraillesbrainoises.be\/fr\/wp-json\/wp\/v2\/pages\/24671","targetHints":{"allow":["GET"]}}],"collection":[{"href":"https:\/\/www.funeraillesbrainoises.be\/fr\/wp-json\/wp\/v2\/pages"}],"about":[{"href":"https:\/\/www.funeraillesbrainoises.be\/fr\/wp-json\/wp\/v2\/types\/page"}],"author":[{"embeddable":true,"href":"https:\/\/www.funeraillesbrainoises.be\/fr\/wp-json\/wp\/v2\/users\/1"}],"replies":[{"embeddable":true,"href":"https:\/\/www.funeraillesbrainoises.be\/fr\/wp-json\/wp\/v2\/comments?post=24671"}],"version-history":[{"count":3,"href":"https:\/\/www.funeraillesbrainoises.be\/fr\/wp-json\/wp\/v2\/pages\/24671\/revisions"}],"predecessor-version":[{"id":81526,"href":"https:\/\/www.funeraillesbrainoises.be\/fr\/wp-json\/wp\/v2\/pages\/24671\/revisions\/81526"}],"up":[{"embeddable":true,"href":"https:\/\/www.funeraillesbrainoises.be\/fr\/wp-json\/wp\/v2\/pages\/24683"}],"wp:attachment":[{"href":"https:\/\/www.funeraillesbrainoises.be\/fr\/wp-json\/wp\/v2\/media?parent=24671"}],"curies":[{"name":"wp","href":"https:\/\/api.w.org\/{rel}","templated":true}]}}