{"id":24670,"date":"2022-04-04T12:15:39","date_gmt":"2022-04-04T11:15:39","guid":{"rendered":"https:\/\/www.funeraillesbrainoises.be\/onze-diensten\/crematie\/"},"modified":"2025-12-11T18:05:55","modified_gmt":"2025-12-11T17:05:55","slug":"cremation","status":"publish","type":"page","link":"https:\/\/www.funeraillesbrainoises.be\/fr\/organiser-des-funerailles\/cremation\/","title":{"rendered":"Cr\u00e9mation"},"content":{"rendered":"\n<div id=\"block-main-banner-block_d46f6cf641449a412c6ba7ecab8e62bc\" class=\"block-main-banner\">\n    <div class=\"container\">\n        <div class=\"banner-wrap layout2 content_right content_top\">\n            <div class=\"banner-image\">\n                                                            <img loading=\"lazy\" decoding=\"async\" width=\"961\" height=\"1440\" src=\"https:\/\/www.touche.be\/app\/uploads\/sites\/78\/2024\/08\/CMS_cremation-961x1440.jpg\" class=\"attachment-full-stretched size-full-stretched\" alt=\"Cr\u00e9mation\" srcset=\"https:\/\/www.touche.be\/app\/uploads\/sites\/78\/2024\/08\/CMS_cremation-961x1440.jpg 961w, https:\/\/www.touche.be\/app\/uploads\/sites\/78\/2024\/08\/CMS_cremation-200x300.jpg 200w, https:\/\/www.touche.be\/app\/uploads\/sites\/78\/2024\/08\/CMS_cremation-683x1024.jpg 683w, https:\/\/www.touche.be\/app\/uploads\/sites\/78\/2024\/08\/CMS_cremation-768x1151.jpg 768w, https:\/\/www.touche.be\/app\/uploads\/sites\/78\/2024\/08\/CMS_cremation-1025x1536.jpg 1025w, https:\/\/www.touche.be\/app\/uploads\/sites\/78\/2024\/08\/CMS_cremation-867x1300.jpg 867w, https:\/\/www.touche.be\/app\/uploads\/sites\/78\/2024\/08\/CMS_cremation.jpg 1201w\" sizes=\"auto, (max-width: 961px) 100vw, 961px\" title=\"Cr\u00e9mation\" \/>                                                <\/div>\n\n                            <div class=\"banner-content\">\n                    <div class=\"inner\">\n                        <h2>Cr\u00e9mation avec les Fun\u00e9railles Brainoises<\/h2>\n<p>Lors de la cr\u00e9mation, le corps du d\u00e9funt est incin\u00e9r\u00e9. Les cendres sont soit conserv\u00e9es dans une urne, soit dispers\u00e9es. Cela peut se faire dans des endroits sp\u00e9cifiques, \u00e0 la maison, dans un cimeti\u00e8re ou en mer territoriale belge. Le choix de la cr\u00e9mation ou de l\u2019inhumation peut d\u00e9j\u00e0 avoir \u00e9t\u00e9 d\u00e9fini par le d\u00e9funt dans un testament. Si ce n\u2019est pas le cas, la personne responsable de l\u2019organisation des fun\u00e9railles d\u00e9cidera. Le conseiller fun\u00e9raire fournira les papiers n\u00e9cessaires, demandera la cr\u00e9mation et discutera des options pour une \u00e9ventuelle concession.<\/p>\n<p>La cr\u00e9mation peut avoir lieu avant ou apr\u00e8s la c\u00e9r\u00e9monie de fun\u00e9railles. Les cendres peuvent \u00eatre d\u00e9pos\u00e9es dans un columbarium ou une cavurne, dispers\u00e9es ou m\u00eame conserv\u00e9es dans votre maison. Une quantit\u00e9 symbolique de cendres peut \u00e9galement \u00eatre conserv\u00e9e pour les proches, dans un cadre ou un bijou. En fonction de l\u2019option choisie, nous fournissons les bons formulaires de demande.<\/p>\n<p><a class=\"btn btn-primary\" href=\"https:\/\/www.funeraillesbrainoises.be\/fr\/contact\/\">Contactez-nous<\/a><\/p>\n                    <\/div>\n                <\/div>\n                    <\/div>\n    <\/div>\n<\/div>\n\n\n\n<div id=\"block-main-banner-block_ea9dc632b466d5e0a465f7516896d72f\" class=\"block-main-banner\">\n    <div class=\"container\">\n        <div class=\"banner-wrap layout2 content_left content_top\">\n            <div class=\"banner-image\">\n                                                            <img loading=\"lazy\" decoding=\"async\" width=\"1440\" height=\"1200\" src=\"https:\/\/www.touche.be\/app\/uploads\/sites\/78\/2024\/01\/CMS_Braine-1440x1200.png\" class=\"attachment-full-stretched size-full-stretched\" alt=\"Cr\u00e9mation\" srcset=\"https:\/\/www.touche.be\/app\/uploads\/sites\/78\/2024\/01\/CMS_Braine-1440x1200.png 1440w, https:\/\/www.touche.be\/app\/uploads\/sites\/78\/2024\/01\/CMS_Braine-300x250.png 300w, https:\/\/www.touche.be\/app\/uploads\/sites\/78\/2024\/01\/CMS_Braine-1024x853.png 1024w, https:\/\/www.touche.be\/app\/uploads\/sites\/78\/2024\/01\/CMS_Braine-768x640.png 768w, https:\/\/www.touche.be\/app\/uploads\/sites\/78\/2024\/01\/CMS_Braine-1536x1280.png 1536w, https:\/\/www.touche.be\/app\/uploads\/sites\/78\/2024\/01\/CMS_Braine-360x300.png 360w, https:\/\/www.touche.be\/app\/uploads\/sites\/78\/2024\/01\/CMS_Braine-1300x1083.png 1300w, https:\/\/www.touche.be\/app\/uploads\/sites\/78\/2024\/01\/CMS_Braine-600x500.png 600w, https:\/\/www.touche.be\/app\/uploads\/sites\/78\/2024\/01\/CMS_Braine.png 1800w\" sizes=\"auto, (max-width: 1440px) 100vw, 1440px\" title=\"Cr\u00e9mation\" \/>                                                <\/div>\n\n                            <div class=\"banner-content\">\n                    <div class=\"inner\">\n                        <h2>Combien co\u00fbte un enterrement avec cr\u00e9mation ?<\/h2>\n<p>Des fun\u00e9railles avec cr\u00e9mation co\u00fbte en moyenne 550 euros plus cher qu\u2019un enterrement. Pour avoir une id\u00e9e du co\u00fbt des fun\u00e9railles, Sereni dispose d\u2019un outil en ligne o\u00f9 vous pouvez faire une simulation de vos souhaits. Vous pouvez aussi prendre contact avec nous pour un devis sur mesure.<\/p>\n<p><a class=\"btn btn-primary\" href=\"https:\/\/mijnuitvaartplan.be\/fr\" target=\"_blank\" rel=\"noopener\">Organiser des fun\u00e9railles en ligne<\/a><\/p>\n                    <\/div>\n                <\/div>\n                    <\/div>\n    <\/div>\n<\/div>\n\n\n<div id=\"block-variable-content-list-block_bd3b666ff7556af78681277d39486198\" class=\"block-variable-content-list default\">\n    <div class=\"container\">\n        <div class=\"widget-wrap per_row_4\">\n                        <div class=\"block-content\">\n                                                                                    <div class=\"element\">\n                                                            \n                                                                    <div class=\"image-wrap\">\n                                                                                    <img loading=\"lazy\" decoding=\"async\" width=\"944\" height=\"629\" src=\"https:\/\/www.touche.be\/app\/uploads\/sites\/78\/2025\/12\/Mon-sereni-votre-plateforme-en-ligne-securise.jpg\" class=\"attachment-large size-large\" alt=\"Cr\u00e9mation\" srcset=\"https:\/\/www.touche.be\/app\/uploads\/sites\/78\/2025\/12\/Mon-sereni-votre-plateforme-en-ligne-securise.jpg 944w, https:\/\/www.touche.be\/app\/uploads\/sites\/78\/2025\/12\/Mon-sereni-votre-plateforme-en-ligne-securise-300x200.jpg 300w, https:\/\/www.touche.be\/app\/uploads\/sites\/78\/2025\/12\/Mon-sereni-votre-plateforme-en-ligne-securise-768x512.jpg 768w, https:\/\/www.touche.be\/app\/uploads\/sites\/78\/2025\/12\/Mon-sereni-votre-plateforme-en-ligne-securise-450x300.jpg 450w\" sizes=\"auto, (max-width: 944px) 100vw, 944px\" title=\"Cr\u00e9mation\" \/>                                                                            <\/div>\n                                \n                                                                    <div class=\"content-wrap\">\n                                        <h4>Mon Sereni<\/h4>\n<p>Retrouvez tous vos documents et souhaits au m\u00eame endroit.<\/p>\n<p><a class=\"btn btn-primary\" href=\"https:\/\/mijn.sereni.be\/fr-BE\/connexion?lang=fr\" target=\"_blank\" rel=\"noopener\">Plus d\u2019info<\/a><\/p>\n                                    <\/div>\n                                                                                    <\/div>\n                                                                    <div class=\"element\">\n                                                            \n                                                                    <div class=\"image-wrap\">\n                                                                                    <img loading=\"lazy\" decoding=\"async\" width=\"944\" height=\"629\" src=\"https:\/\/www.touche.be\/app\/uploads\/sites\/78\/2025\/12\/carnet-mes-dernieres-volontes-Sereni-1.jpg\" class=\"attachment-large size-large\" alt=\"Cr\u00e9mation\" srcset=\"https:\/\/www.touche.be\/app\/uploads\/sites\/78\/2025\/12\/carnet-mes-dernieres-volontes-Sereni-1.jpg 944w, https:\/\/www.touche.be\/app\/uploads\/sites\/78\/2025\/12\/carnet-mes-dernieres-volontes-Sereni-1-300x200.jpg 300w, https:\/\/www.touche.be\/app\/uploads\/sites\/78\/2025\/12\/carnet-mes-dernieres-volontes-Sereni-1-768x512.jpg 768w, https:\/\/www.touche.be\/app\/uploads\/sites\/78\/2025\/12\/carnet-mes-dernieres-volontes-Sereni-1-450x300.jpg 450w\" sizes=\"auto, (max-width: 944px) 100vw, 944px\" title=\"Cr\u00e9mation\" \/>                                                                            <\/div>\n                                \n                                                                    <div class=\"content-wrap\">\n                                        <h4>Mes derni\u00e8res volont\u00e9s<\/h4>\n<p>R\u00e9fl\u00e9chissez \u00e0 la fa\u00e7on dont vous voulez qu&#8217;on se souvienne de vous.<\/p>\n<p><a class=\"btn btn-primary\" href=\"https:\/\/sereni.be\/fr\/article\/nouveau-le-carnet-mes-derniers-souhaits-vous-aide-a-reflechir-sur-ce-qui-est-important-dans-la-vie\" target=\"_blank\" rel=\"noopener\">Plus d&#8217;info<\/a><\/p>\n                                    <\/div>\n                                                                                    <\/div>\n                                                                    <div class=\"element\">\n                                                            \n                                                                    <div class=\"image-wrap\">\n                                                                                    <img loading=\"lazy\" decoding=\"async\" width=\"1024\" height=\"683\" src=\"https:\/\/www.touche.be\/app\/uploads\/sites\/78\/2025\/12\/imprimes-funeraires-1024x683.jpg\" class=\"attachment-large size-large\" alt=\"Cr\u00e9mation\" srcset=\"https:\/\/www.touche.be\/app\/uploads\/sites\/78\/2025\/12\/imprimes-funeraires-1024x683.jpg 1024w, https:\/\/www.touche.be\/app\/uploads\/sites\/78\/2025\/12\/imprimes-funeraires-300x200.jpg 300w, https:\/\/www.touche.be\/app\/uploads\/sites\/78\/2025\/12\/imprimes-funeraires-768x512.jpg 768w, https:\/\/www.touche.be\/app\/uploads\/sites\/78\/2025\/12\/imprimes-funeraires-450x300.jpg 450w, https:\/\/www.touche.be\/app\/uploads\/sites\/78\/2025\/12\/imprimes-funeraires.jpg 1200w\" sizes=\"auto, (max-width: 1024px) 100vw, 1024px\" title=\"Cr\u00e9mation\" \/>                                                                            <\/div>\n                                \n                                                                    <div class=\"content-wrap\">\n                                        <h4>Imprim\u00e9s fun\u00e9raires<\/h4>\n<p>Nous r\u00e9alisons des imprim\u00e9s personnalis\u00e9s et uniques.<\/p>\n<p><a class=\"btn btn-primary\" href=\"https:\/\/www.funeraillesbrainoises.be\/fr\/organiser-des-funerailles\/imprimes-funeraires\/\">Plus d\u2019info<\/a><\/p>\n                                    <\/div>\n                                                                                    <\/div>\n                                                                    <div class=\"element\">\n                                                            \n                                                                    <div class=\"image-wrap\">\n                                                                                    <img loading=\"lazy\" decoding=\"async\" width=\"944\" height=\"629\" src=\"https:\/\/www.touche.be\/app\/uploads\/sites\/78\/2025\/12\/Soutien-administratif-et-psychologique-Sereni-1.jpg\" class=\"attachment-large size-large\" alt=\"Cr\u00e9mation\" srcset=\"https:\/\/www.touche.be\/app\/uploads\/sites\/78\/2025\/12\/Soutien-administratif-et-psychologique-Sereni-1.jpg 944w, https:\/\/www.touche.be\/app\/uploads\/sites\/78\/2025\/12\/Soutien-administratif-et-psychologique-Sereni-1-300x200.jpg 300w, https:\/\/www.touche.be\/app\/uploads\/sites\/78\/2025\/12\/Soutien-administratif-et-psychologique-Sereni-1-768x512.jpg 768w, https:\/\/www.touche.be\/app\/uploads\/sites\/78\/2025\/12\/Soutien-administratif-et-psychologique-Sereni-1-450x300.jpg 450w\" sizes=\"auto, (max-width: 944px) 100vw, 944px\" title=\"Cr\u00e9mation\" \/>                                                                            <\/div>\n                                \n                                                                    <div class=\"content-wrap\">\n                                        <h4>Soutien administratif et psy<\/h4>\n<p>Nous vous accompagnons avant, pendant et apr\u00e8s les fun\u00e9railles.<\/p>\n<p><a class=\"btn btn-primary\" href=\"https:\/\/www.funeraillesbrainoises.be\/fr\/organiser-des-funerailles\/aide-administrative\/\">Plus d\u2019info<\/a><\/p>\n                                    <\/div>\n                                                                                    <\/div>\n                                                <\/div>\n        <\/div>\n    <\/div>\n<\/div>\n","protected":false},"excerpt":{"rendered":"","protected":false},"author":1,"featured_media":0,"parent":24683,"menu_order":2,"comment_status":"closed","ping_status":"closed","template":"","meta":{"_acf_changed":false,"footnotes":""},"class_list":["post-24670","page","type-page","status-publish","hentry"],"acf":[],"yoast_head":"<!-- This site is optimized with the Yoast SEO plugin v25.8 - https:\/\/yoast.com\/wordpress\/plugins\/seo\/ -->\n<title>Cr\u00e9mation - Les Fun\u00e9railles Brainoises<\/title>\n<meta name=\"description\" content=\"Le planificateur fun\u00e9raire Brainoises fournit tout pour la cr\u00e9mation du d\u00e9funt. Tant le c\u00f4t\u00e9 pratique que le service d&#039;adieu.\" \/>\n<meta name=\"robots\" content=\"index, follow, max-snippet:-1, max-image-preview:large, max-video-preview:-1\" \/>\n<link rel=\"canonical\" href=\"https:\/\/www.funeraillesbrainoises.be\/fr\/organiser-des-funerailles\/cremation\/\" \/>\n<meta property=\"og:locale\" content=\"fr_FR\" \/>\n<meta property=\"og:type\" content=\"article\" \/>\n<meta property=\"og:title\" content=\"Cr\u00e9mation - Les Fun\u00e9railles Brainoises\" \/>\n<meta property=\"og:description\" content=\"Le planificateur fun\u00e9raire Brainoises fournit tout pour la cr\u00e9mation du d\u00e9funt. Tant le c\u00f4t\u00e9 pratique que le service d&#039;adieu.\" \/>\n<meta property=\"og:url\" content=\"https:\/\/www.funeraillesbrainoises.be\/fr\/organiser-des-funerailles\/cremation\/\" \/>\n<meta property=\"og:site_name\" content=\"Les Fun\u00e9railles Brainoises\" \/>\n<meta property=\"article:modified_time\" content=\"2025-12-11T17:05:55+00:00\" \/>\n<meta name=\"twitter:card\" content=\"summary_large_image\" \/>\n<meta name=\"twitter:label1\" content=\"Est. reading time\" \/>\n\t<meta name=\"twitter:data1\" content=\"3 minutes\" \/>\n<script type=\"application\/ld+json\" class=\"yoast-schema-graph\">{\"@context\":\"https:\/\/schema.org\",\"@graph\":[{\"@type\":\"WebPage\",\"@id\":\"https:\/\/www.funeraillesbrainoises.be\/fr\/organiser-des-funerailles\/cremation\/\",\"url\":\"https:\/\/www.funeraillesbrainoises.be\/fr\/organiser-des-funerailles\/cremation\/\",\"name\":\"Cr\u00e9mation - Les Fun\u00e9railles Brainoises\",\"isPartOf\":{\"@id\":\"https:\/\/www.funeraillesbrainoises.be\/fr\/#website\"},\"datePublished\":\"2022-04-04T11:15:39+00:00\",\"dateModified\":\"2025-12-11T17:05:55+00:00\",\"description\":\"Le planificateur fun\u00e9raire Brainoises fournit tout pour la cr\u00e9mation du d\u00e9funt. Tant le c\u00f4t\u00e9 pratique que le service d'adieu.\",\"breadcrumb\":{\"@id\":\"https:\/\/www.funeraillesbrainoises.be\/fr\/organiser-des-funerailles\/cremation\/#breadcrumb\"},\"inLanguage\":\"fr-FR\",\"potentialAction\":[{\"@type\":\"ReadAction\",\"target\":[\"https:\/\/www.funeraillesbrainoises.be\/fr\/organiser-des-funerailles\/cremation\/\"]}]},{\"@type\":\"BreadcrumbList\",\"@id\":\"https:\/\/www.funeraillesbrainoises.be\/fr\/organiser-des-funerailles\/cremation\/#breadcrumb\",\"itemListElement\":[{\"@type\":\"ListItem\",\"position\":1,\"name\":\"Organiser des fun\u00e9railles\",\"item\":\"https:\/\/www.funeraillesbrainoises.be\/fr\/organiser-des-funerailles\/\"},{\"@type\":\"ListItem\",\"position\":2,\"name\":\"Cr\u00e9mation\"}]},{\"@type\":\"WebSite\",\"@id\":\"https:\/\/www.funeraillesbrainoises.be\/fr\/#website\",\"url\":\"https:\/\/www.funeraillesbrainoises.be\/fr\/\",\"name\":\"Les Fun\u00e8railles Brainoises\",\"description\":\"Just another Sereni site\",\"potentialAction\":[{\"@type\":\"SearchAction\",\"target\":{\"@type\":\"EntryPoint\",\"urlTemplate\":\"https:\/\/www.funeraillesbrainoises.be\/fr\/?s={search_term_string}\"},\"query-input\":{\"@type\":\"PropertyValueSpecification\",\"valueRequired\":true,\"valueName\":\"search_term_string\"}}],\"inLanguage\":\"fr-FR\"}]}<\/script>\n<!-- \/ Yoast SEO plugin. -->","yoast_head_json":{"title":"Cr\u00e9mation - Les Fun\u00e9railles Brainoises","description":"Le planificateur fun\u00e9raire Brainoises fournit tout pour la cr\u00e9mation du d\u00e9funt. Tant le c\u00f4t\u00e9 pratique que le service d'adieu.","robots":{"index":"index","follow":"follow","max-snippet":"max-snippet:-1","max-image-preview":"max-image-preview:large","max-video-preview":"max-video-preview:-1"},"canonical":"https:\/\/www.funeraillesbrainoises.be\/fr\/organiser-des-funerailles\/cremation\/","og_locale":"fr_FR","og_type":"article","og_title":"Cr\u00e9mation - Les Fun\u00e9railles Brainoises","og_description":"Le planificateur fun\u00e9raire Brainoises fournit tout pour la cr\u00e9mation du d\u00e9funt. Tant le c\u00f4t\u00e9 pratique que le service d'adieu.","og_url":"https:\/\/www.funeraillesbrainoises.be\/fr\/organiser-des-funerailles\/cremation\/","og_site_name":"Les Fun\u00e9railles Brainoises","article_modified_time":"2025-12-11T17:05:55+00:00","twitter_card":"summary_large_image","twitter_misc":{"Est. reading time":"3 minutes"},"schema":{"@context":"https:\/\/schema.org","@graph":[{"@type":"WebPage","@id":"https:\/\/www.funeraillesbrainoises.be\/fr\/organiser-des-funerailles\/cremation\/","url":"https:\/\/www.funeraillesbrainoises.be\/fr\/organiser-des-funerailles\/cremation\/","name":"Cr\u00e9mation - Les Fun\u00e9railles Brainoises","isPartOf":{"@id":"https:\/\/www.funeraillesbrainoises.be\/fr\/#website"},"datePublished":"2022-04-04T11:15:39+00:00","dateModified":"2025-12-11T17:05:55+00:00","description":"Le planificateur fun\u00e9raire Brainoises fournit tout pour la cr\u00e9mation du d\u00e9funt. Tant le c\u00f4t\u00e9 pratique que le service d'adieu.","breadcrumb":{"@id":"https:\/\/www.funeraillesbrainoises.be\/fr\/organiser-des-funerailles\/cremation\/#breadcrumb"},"inLanguage":"fr-FR","potentialAction":[{"@type":"ReadAction","target":["https:\/\/www.funeraillesbrainoises.be\/fr\/organiser-des-funerailles\/cremation\/"]}]},{"@type":"BreadcrumbList","@id":"https:\/\/www.funeraillesbrainoises.be\/fr\/organiser-des-funerailles\/cremation\/#breadcrumb","itemListElement":[{"@type":"ListItem","position":1,"name":"Organiser des fun\u00e9railles","item":"https:\/\/www.funeraillesbrainoises.be\/fr\/organiser-des-funerailles\/"},{"@type":"ListItem","position":2,"name":"Cr\u00e9mation"}]},{"@type":"WebSite","@id":"https:\/\/www.funeraillesbrainoises.be\/fr\/#website","url":"https:\/\/www.funeraillesbrainoises.be\/fr\/","name":"Les Fun\u00e8railles Brainoises","description":"Just another Sereni site","potentialAction":[{"@type":"SearchAction","target":{"@type":"EntryPoint","urlTemplate":"https:\/\/www.funeraillesbrainoises.be\/fr\/?s={search_term_string}"},"query-input":{"@type":"PropertyValueSpecification","valueRequired":true,"valueName":"search_term_string"}}],"inLanguage":"fr-FR"}]}},"_links":{"self":[{"href":"https:\/\/www.funeraillesbrainoises.be\/fr\/wp-json\/wp\/v2\/pages\/24670","targetHints":{"allow":["GET"]}}],"collection":[{"href":"https:\/\/www.funeraillesbrainoises.be\/fr\/wp-json\/wp\/v2\/pages"}],"about":[{"href":"https:\/\/www.funeraillesbrainoises.be\/fr\/wp-json\/wp\/v2\/types\/page"}],"author":[{"embeddable":true,"href":"https:\/\/www.funeraillesbrainoises.be\/fr\/wp-json\/wp\/v2\/users\/1"}],"replies":[{"embeddable":true,"href":"https:\/\/www.funeraillesbrainoises.be\/fr\/wp-json\/wp\/v2\/comments?post=24670"}],"version-history":[{"count":3,"href":"https:\/\/www.funeraillesbrainoises.be\/fr\/wp-json\/wp\/v2\/pages\/24670\/revisions"}],"predecessor-version":[{"id":81525,"href":"https:\/\/www.funeraillesbrainoises.be\/fr\/wp-json\/wp\/v2\/pages\/24670\/revisions\/81525"}],"up":[{"embeddable":true,"href":"https:\/\/www.funeraillesbrainoises.be\/fr\/wp-json\/wp\/v2\/pages\/24683"}],"wp:attachment":[{"href":"https:\/\/www.funeraillesbrainoises.be\/fr\/wp-json\/wp\/v2\/media?parent=24670"}],"curies":[{"name":"wp","href":"https:\/\/api.w.org\/{rel}","templated":true}]}}