{"id":24668,"date":"2022-04-04T15:02:50","date_gmt":"2022-04-04T14:02:50","guid":{"rendered":"https:\/\/www.funeraillesbrainoises.be\/onze-diensten\/"},"modified":"2024-08-07T10:53:54","modified_gmt":"2024-08-07T09:53:54","slug":"anticiper-et-prevoir","status":"publish","type":"page","link":"https:\/\/www.funeraillesbrainoises.be\/fr\/anticiper-et-prevoir\/","title":{"rendered":"Anticiper et pr\u00e9voir"},"content":{"rendered":"<div id=\"block-variable-content-list-block_b4b41a3ad2315387801a383e0403b5a8\" class=\"block-variable-content-list default\">\n    <div class=\"container\">\n        <div class=\"widget-wrap per_row_2\">\n                        <div class=\"block-content\">\n                                                                                    <div class=\"element\">\n                                                            \n                                                                    <div class=\"image-wrap\">\n                                                                                    <a href=\"https:\/\/www.funeraillesbrainoises.be\/fr\/anticiper-et-prevoir\/plan-funeraire\/\">\n                                                                                    <img loading=\"lazy\" decoding=\"async\" width=\"1024\" height=\"683\" src=\"https:\/\/www.touche.be\/app\/uploads\/sites\/78\/2024\/01\/CMS_Brainoises-1-1024x683.png\" class=\"attachment-large size-large\" alt=\"Anticiper et pr\u00e9voir\" srcset=\"https:\/\/www.touche.be\/app\/uploads\/sites\/78\/2024\/01\/CMS_Brainoises-1-1024x683.png 1024w, https:\/\/www.touche.be\/app\/uploads\/sites\/78\/2024\/01\/CMS_Brainoises-1-300x200.png 300w, https:\/\/www.touche.be\/app\/uploads\/sites\/78\/2024\/01\/CMS_Brainoises-1-768x512.png 768w, https:\/\/www.touche.be\/app\/uploads\/sites\/78\/2024\/01\/CMS_Brainoises-1-1536x1024.png 1536w, https:\/\/www.touche.be\/app\/uploads\/sites\/78\/2024\/01\/CMS_Brainoises-1-450x300.png 450w, https:\/\/www.touche.be\/app\/uploads\/sites\/78\/2024\/01\/CMS_Brainoises-1-1300x867.png 1300w, https:\/\/www.touche.be\/app\/uploads\/sites\/78\/2024\/01\/CMS_Brainoises-1-1440x960.png 1440w, https:\/\/www.touche.be\/app\/uploads\/sites\/78\/2024\/01\/CMS_Brainoises-1-600x400.png 600w, https:\/\/www.touche.be\/app\/uploads\/sites\/78\/2024\/01\/CMS_Brainoises-1.png 1800w\" sizes=\"auto, (max-width: 1024px) 100vw, 1024px\" title=\"Anticiper et pr\u00e9voir\" \/>                                                                                    <\/a>\n                                                                            <\/div>\n                                \n                                                                    <div class=\"content-wrap\">\n                                        <h4 style=\"text-align: center\"><a class=\"btn btn-primary\" href=\"https:\/\/www.funeraillesbrainoises.be\/fr\/anticiper-et-prevoir\/plan-funeraire\/\">Plan fun\u00e9raire<\/a><\/h4>\n<p style=\"text-align: center\">De plus en plus de personnes veulent avoir leur mot \u00e0 dire concernant leurs obs\u00e8ques, tant sur le fond que sur le plan financier. Les souhaits sp\u00e9cifiques sont tous consign\u00e9s dans un plan fun\u00e9raire. Nous enregistrons ensuite les modalit\u00e9s financi\u00e8res dans une police d\u2019assurance obs\u00e8ques.<\/p>\n                                    <\/div>\n                                                                                    <\/div>\n                                                                    <div class=\"element\">\n                                                            \n                                                                    <div class=\"image-wrap\">\n                                                                                    <a href=\"https:\/\/www.funeraillesbrainoises.be\/fr\/anticiper-et-prevoir\/assurance-obseques\/\">\n                                                                                    <img loading=\"lazy\" decoding=\"async\" width=\"1024\" height=\"683\" src=\"https:\/\/www.touche.be\/app\/uploads\/sites\/78\/2024\/07\/CMS_Verzekering-1024x683.jpg\" class=\"attachment-large size-large\" alt=\"Anticiper et pr\u00e9voir\" srcset=\"https:\/\/www.touche.be\/app\/uploads\/sites\/78\/2024\/07\/CMS_Verzekering-1024x683.jpg 1024w, https:\/\/www.touche.be\/app\/uploads\/sites\/78\/2024\/07\/CMS_Verzekering-300x200.jpg 300w, https:\/\/www.touche.be\/app\/uploads\/sites\/78\/2024\/07\/CMS_Verzekering-768x512.jpg 768w, https:\/\/www.touche.be\/app\/uploads\/sites\/78\/2024\/07\/CMS_Verzekering-1536x1024.jpg 1536w, https:\/\/www.touche.be\/app\/uploads\/sites\/78\/2024\/07\/CMS_Verzekering-450x300.jpg 450w, https:\/\/www.touche.be\/app\/uploads\/sites\/78\/2024\/07\/CMS_Verzekering-1300x867.jpg 1300w, https:\/\/www.touche.be\/app\/uploads\/sites\/78\/2024\/07\/CMS_Verzekering-1440x960.jpg 1440w, https:\/\/www.touche.be\/app\/uploads\/sites\/78\/2024\/07\/CMS_Verzekering-600x400.jpg 600w, https:\/\/www.touche.be\/app\/uploads\/sites\/78\/2024\/07\/CMS_Verzekering.jpg 1800w\" sizes=\"auto, (max-width: 1024px) 100vw, 1024px\" title=\"Anticiper et pr\u00e9voir\" \/>                                                                                    <\/a>\n                                                                            <\/div>\n                                \n                                                                    <div class=\"content-wrap\">\n                                        <h4 style=\"text-align: center\"><a class=\"btn btn-primary\" href=\"https:\/\/www.funeraillesbrainoises.be\/fr\/anticiper-et-prevoir\/assurance-obseques\/\">L\u2019Assurance obs\u00e8ques<\/a><\/h4>\n<p style=\"text-align: center\">L\u2019assurance obs\u00e8ques est une police d\u2019assurance dans laquelle vous pouvez d\u00e9cider vous-m\u00eame du montant que vous souhaitez assurer en cas de d\u00e9c\u00e8s. Vous \u00e9conomisez donc \u00e0 l\u2019avance pour vos propres fun\u00e9railles. Avec l\u2019assurance obs\u00e8ques vous soulager et soulager vos proches.<\/p>\n                                    <\/div>\n                                                                                    <\/div>\n                                                <\/div>\n        <\/div>\n    <\/div>\n<\/div>\n","protected":false},"excerpt":{"rendered":"","protected":false},"author":1,"featured_media":0,"parent":0,"menu_order":0,"comment_status":"closed","ping_status":"closed","template":"","meta":{"_acf_changed":false,"footnotes":""},"class_list":["post-24668","page","type-page","status-publish","hentry"],"acf":[],"yoast_head":"<!-- This site is optimized with the Yoast SEO plugin v25.8 - https:\/\/yoast.com\/wordpress\/plugins\/seo\/ -->\n<title>Anticiper et pr\u00e9voir - Les Fun\u00e9railles Brainoises<\/title>\n<meta name=\"description\" content=\"Anticiper et pr\u00e9voir par une assurance obs\u00e8ques aux soins de deuil et un plan fun\u00e9raire. Tout pour les fun\u00e9railles.\" \/>\n<meta name=\"robots\" content=\"index, follow, max-snippet:-1, max-image-preview:large, max-video-preview:-1\" \/>\n<link rel=\"canonical\" href=\"https:\/\/www.funeraillesbrainoises.be\/fr\/anticiper-et-prevoir\/\" \/>\n<meta property=\"og:locale\" content=\"fr_FR\" \/>\n<meta property=\"og:type\" content=\"article\" \/>\n<meta property=\"og:title\" content=\"Anticiper et pr\u00e9voir - Les Fun\u00e9railles Brainoises\" \/>\n<meta property=\"og:description\" content=\"Anticiper et pr\u00e9voir par une assurance obs\u00e8ques aux soins de deuil et un plan fun\u00e9raire. Tout pour les fun\u00e9railles.\" \/>\n<meta property=\"og:url\" content=\"https:\/\/www.funeraillesbrainoises.be\/fr\/anticiper-et-prevoir\/\" \/>\n<meta property=\"og:site_name\" content=\"Les Fun\u00e9railles Brainoises\" \/>\n<meta property=\"article:modified_time\" content=\"2024-08-07T09:53:54+00:00\" \/>\n<meta name=\"twitter:card\" content=\"summary_large_image\" \/>\n<meta name=\"twitter:label1\" content=\"Est. reading time\" \/>\n\t<meta name=\"twitter:data1\" content=\"1 minute\" \/>\n<script type=\"application\/ld+json\" class=\"yoast-schema-graph\">{\"@context\":\"https:\/\/schema.org\",\"@graph\":[{\"@type\":\"WebPage\",\"@id\":\"https:\/\/www.funeraillesbrainoises.be\/fr\/anticiper-et-prevoir\/\",\"url\":\"https:\/\/www.funeraillesbrainoises.be\/fr\/anticiper-et-prevoir\/\",\"name\":\"Anticiper et pr\u00e9voir - Les Fun\u00e9railles Brainoises\",\"isPartOf\":{\"@id\":\"https:\/\/www.funeraillesbrainoises.be\/fr\/#website\"},\"datePublished\":\"2022-04-04T14:02:50+00:00\",\"dateModified\":\"2024-08-07T09:53:54+00:00\",\"description\":\"Anticiper et pr\u00e9voir par une assurance obs\u00e8ques aux soins de deuil et un plan fun\u00e9raire. Tout pour les fun\u00e9railles.\",\"inLanguage\":\"fr-FR\",\"potentialAction\":[{\"@type\":\"ReadAction\",\"target\":[\"https:\/\/www.funeraillesbrainoises.be\/fr\/anticiper-et-prevoir\/\"]}]},{\"@type\":\"WebSite\",\"@id\":\"https:\/\/www.funeraillesbrainoises.be\/fr\/#website\",\"url\":\"https:\/\/www.funeraillesbrainoises.be\/fr\/\",\"name\":\"Les Fun\u00e8railles Brainoises\",\"description\":\"Just another Sereni site\",\"potentialAction\":[{\"@type\":\"SearchAction\",\"target\":{\"@type\":\"EntryPoint\",\"urlTemplate\":\"https:\/\/www.funeraillesbrainoises.be\/fr\/?s={search_term_string}\"},\"query-input\":{\"@type\":\"PropertyValueSpecification\",\"valueRequired\":true,\"valueName\":\"search_term_string\"}}],\"inLanguage\":\"fr-FR\"}]}<\/script>\n<!-- \/ Yoast SEO plugin. -->","yoast_head_json":{"title":"Anticiper et pr\u00e9voir - Les Fun\u00e9railles Brainoises","description":"Anticiper et pr\u00e9voir par une assurance obs\u00e8ques aux soins de deuil et un plan fun\u00e9raire. Tout pour les fun\u00e9railles.","robots":{"index":"index","follow":"follow","max-snippet":"max-snippet:-1","max-image-preview":"max-image-preview:large","max-video-preview":"max-video-preview:-1"},"canonical":"https:\/\/www.funeraillesbrainoises.be\/fr\/anticiper-et-prevoir\/","og_locale":"fr_FR","og_type":"article","og_title":"Anticiper et pr\u00e9voir - Les Fun\u00e9railles Brainoises","og_description":"Anticiper et pr\u00e9voir par une assurance obs\u00e8ques aux soins de deuil et un plan fun\u00e9raire. Tout pour les fun\u00e9railles.","og_url":"https:\/\/www.funeraillesbrainoises.be\/fr\/anticiper-et-prevoir\/","og_site_name":"Les Fun\u00e9railles Brainoises","article_modified_time":"2024-08-07T09:53:54+00:00","twitter_card":"summary_large_image","twitter_misc":{"Est. reading time":"1 minute"},"schema":{"@context":"https:\/\/schema.org","@graph":[{"@type":"WebPage","@id":"https:\/\/www.funeraillesbrainoises.be\/fr\/anticiper-et-prevoir\/","url":"https:\/\/www.funeraillesbrainoises.be\/fr\/anticiper-et-prevoir\/","name":"Anticiper et pr\u00e9voir - Les Fun\u00e9railles Brainoises","isPartOf":{"@id":"https:\/\/www.funeraillesbrainoises.be\/fr\/#website"},"datePublished":"2022-04-04T14:02:50+00:00","dateModified":"2024-08-07T09:53:54+00:00","description":"Anticiper et pr\u00e9voir par une assurance obs\u00e8ques aux soins de deuil et un plan fun\u00e9raire. Tout pour les fun\u00e9railles.","inLanguage":"fr-FR","potentialAction":[{"@type":"ReadAction","target":["https:\/\/www.funeraillesbrainoises.be\/fr\/anticiper-et-prevoir\/"]}]},{"@type":"WebSite","@id":"https:\/\/www.funeraillesbrainoises.be\/fr\/#website","url":"https:\/\/www.funeraillesbrainoises.be\/fr\/","name":"Les Fun\u00e8railles Brainoises","description":"Just another Sereni site","potentialAction":[{"@type":"SearchAction","target":{"@type":"EntryPoint","urlTemplate":"https:\/\/www.funeraillesbrainoises.be\/fr\/?s={search_term_string}"},"query-input":{"@type":"PropertyValueSpecification","valueRequired":true,"valueName":"search_term_string"}}],"inLanguage":"fr-FR"}]}},"_links":{"self":[{"href":"https:\/\/www.funeraillesbrainoises.be\/fr\/wp-json\/wp\/v2\/pages\/24668","targetHints":{"allow":["GET"]}}],"collection":[{"href":"https:\/\/www.funeraillesbrainoises.be\/fr\/wp-json\/wp\/v2\/pages"}],"about":[{"href":"https:\/\/www.funeraillesbrainoises.be\/fr\/wp-json\/wp\/v2\/types\/page"}],"author":[{"embeddable":true,"href":"https:\/\/www.funeraillesbrainoises.be\/fr\/wp-json\/wp\/v2\/users\/1"}],"replies":[{"embeddable":true,"href":"https:\/\/www.funeraillesbrainoises.be\/fr\/wp-json\/wp\/v2\/comments?post=24668"}],"version-history":[{"count":0,"href":"https:\/\/www.funeraillesbrainoises.be\/fr\/wp-json\/wp\/v2\/pages\/24668\/revisions"}],"wp:attachment":[{"href":"https:\/\/www.funeraillesbrainoises.be\/fr\/wp-json\/wp\/v2\/media?parent=24668"}],"curies":[{"name":"wp","href":"https:\/\/api.w.org\/{rel}","templated":true}]}}