{"id":24662,"date":"2021-07-01T08:09:11","date_gmt":"2021-07-01T07:09:11","guid":{"rendered":"https:\/\/www.funeraillesbrainoises.be\/uitvaartplanner-logghe\/"},"modified":"2025-12-11T17:56:20","modified_gmt":"2025-12-11T16:56:20","slug":"pompes-funebres-brainoises","status":"publish","type":"page","link":"https:\/\/www.funeraillesbrainoises.be\/fr\/","title":{"rendered":"Home"},"content":{"rendered":"\n<div id=\"block-main-banner-block_b45eb02c84fde92b9a26dc3d148a012a\" class=\"block-main-banner\">\n    <div class=\"container\">\n        <div class=\"banner-wrap layout4 content_right content_bottom\">\n            <div class=\"banner-image\">\n                                                        <div style=\"width: 1920px;\" class=\"wp-video\"><!--[if lt IE 9]><script>document.createElement('video');<\/script><![endif]-->\n<video class=\"wp-video-shortcode\" id=\"video-24662-1\" width=\"1920\" height=\"0\" loop=\"1\" autoplay=\"1\" muted=\"1\" preload=\"metadata\" playsinline=\"\" controls=\"controls\"><source type=\"video\/mp4\" src=\"https:\/\/www.touche.be\/app\/uploads\/sites\/78\/2024\/01\/CMS_Brianoises.mp4?_=1\" \/><a href=\"https:\/\/www.touche.be\/app\/uploads\/sites\/78\/2024\/01\/CMS_Brianoises.mp4\">https:\/\/www.touche.be\/app\/uploads\/sites\/78\/2024\/01\/CMS_Brianoises.mp4<\/a><\/video><\/div>                            <\/div>\n\n                            <div class=\"banner-content\">\n                    <div class=\"inner\">\n                        <p><a class=\"btn btn-primary\" href=\"https:\/\/www.funeraillesbrainoises.be\/fr\/condoleances-brainoises\/\">Condol\u00e9ances<\/a> <a class=\"btn btn-primary\" href=\"https:\/\/www.funeraillesbrainoises.be\/fr\/organiser-des-funerailles\/services-adieu\/\">Assistance suite \u00e0 un d\u00e9c\u00e8s<\/a><\/p>\n<h2>Nous prenons le temps qu\u2019il faut pour organiser des fun\u00e9railles personnalis\u00e9es<\/h2>\n<p>Lorsque vous devez faire vos adieux \u00e0 un \u00eatre cher, vous souhaitez vous rem\u00e9morer les beaux moments et en conserver le souvenir le plus longtemps possible. Des\u00a0<strong>fun\u00e9railles<\/strong>\u00a0<strong>personnalis\u00e9es<\/strong>\u00a0vous permettront de trouver du r\u00e9confort.<\/p>\n                    <\/div>\n                <\/div>\n                    <\/div>\n    <\/div>\n<\/div>\n\n\n\n<div id=\"block-main-banner-block_8b7ed6b614ee2b054755a36a6e3a6d78\" class=\"block-main-banner\">\n    <div class=\"container\">\n        <div class=\"banner-wrap layout2 content_left content_top\">\n            <div class=\"banner-image\">\n                                                            <img loading=\"lazy\" decoding=\"async\" width=\"1440\" height=\"1200\" src=\"https:\/\/www.touche.be\/app\/uploads\/sites\/78\/2024\/08\/CMS_Brainoises_V-1440x1200.jpg\" class=\"attachment-full-stretched size-full-stretched\" alt=\"Home\" srcset=\"https:\/\/www.touche.be\/app\/uploads\/sites\/78\/2024\/08\/CMS_Brainoises_V-1440x1200.jpg 1440w, https:\/\/www.touche.be\/app\/uploads\/sites\/78\/2024\/08\/CMS_Brainoises_V-300x250.jpg 300w, https:\/\/www.touche.be\/app\/uploads\/sites\/78\/2024\/08\/CMS_Brainoises_V-1024x853.jpg 1024w, https:\/\/www.touche.be\/app\/uploads\/sites\/78\/2024\/08\/CMS_Brainoises_V-768x640.jpg 768w, https:\/\/www.touche.be\/app\/uploads\/sites\/78\/2024\/08\/CMS_Brainoises_V-1536x1280.jpg 1536w, https:\/\/www.touche.be\/app\/uploads\/sites\/78\/2024\/08\/CMS_Brainoises_V-360x300.jpg 360w, https:\/\/www.touche.be\/app\/uploads\/sites\/78\/2024\/08\/CMS_Brainoises_V-1300x1083.jpg 1300w, https:\/\/www.touche.be\/app\/uploads\/sites\/78\/2024\/08\/CMS_Brainoises_V.jpg 1800w\" sizes=\"auto, (max-width: 1440px) 100vw, 1440px\" title=\"Home\" \/>                                                <\/div>\n\n                            <div class=\"banner-content\">\n                    <div class=\"inner\">\n                        <h2>Vivre son deuil n\u2019est pas l\u00e2cher prise, c\u2019est se connecter<\/h2>\n<p>Depuis la nuit des temps, les philosophes dissertent sur la temp\u00eate que provoque la mort dans nos corps et \u00e2mes.<br \/>\nQuelles que soient vos convictions philosophiques, votre demande toute particuli\u00e8re, notre \u00e9quipe Fun\u00e9railles Brainsoises est l\u00e0, bienveillante, pour vous aider au mieux en toute discr\u00e9tion et dans le respect des volont\u00e9s du d\u00e9funt dans l\u2019avant, le pendant et l\u2019apr\u00e8s d\u00e9c\u00e8s.<\/p>\n<p><a class=\"btn-secondary btn btn-primary\" href=\"https:\/\/www.funeraillesbrainoises.be\/fr\/contact\/\">Contactez-nous<\/a><\/p>\n                    <\/div>\n                <\/div>\n                    <\/div>\n    <\/div>\n<\/div>\n\n\n<div id=\"block-variable-content-list-block_fcf05a98e9e7b3bb47f032562022181e\" class=\"block-variable-content-list alt_1\">\n    <div class=\"container\">\n        <div class=\"widget-wrap per_row_2\">\n                        <div class=\"block-content\">\n                                                                                    <div class=\"element\">\n                                                            \n                                                                    <div class=\"image-wrap\">\n                                                                                    <img loading=\"lazy\" decoding=\"async\" width=\"944\" height=\"629\" src=\"https:\/\/www.touche.be\/app\/uploads\/sites\/78\/2025\/12\/carnet-mes-dernieres-volontes-Sereni-1.jpg\" class=\"attachment-large size-large\" alt=\"Home\" srcset=\"https:\/\/www.touche.be\/app\/uploads\/sites\/78\/2025\/12\/carnet-mes-dernieres-volontes-Sereni-1.jpg 944w, https:\/\/www.touche.be\/app\/uploads\/sites\/78\/2025\/12\/carnet-mes-dernieres-volontes-Sereni-1-300x200.jpg 300w, https:\/\/www.touche.be\/app\/uploads\/sites\/78\/2025\/12\/carnet-mes-dernieres-volontes-Sereni-1-768x512.jpg 768w, https:\/\/www.touche.be\/app\/uploads\/sites\/78\/2025\/12\/carnet-mes-dernieres-volontes-Sereni-1-450x300.jpg 450w\" sizes=\"auto, (max-width: 944px) 100vw, 944px\" title=\"Home\" \/>                                                                            <\/div>\n                                \n                                                                                    <\/div>\n                                                                    <div class=\"element\">\n                                                            \n                                \n                                                                    <div class=\"content-wrap\">\n                                        <h2>Mes derni\u00e8res volont\u00e9s<\/h2>\n<p>Pr\u00e9parer un d\u00e9part, c\u2019est r\u00e9fl\u00e9chir \u00e0 la vie \u2014 \u00e0 ce qui compte pour vous et \u00e0 ce que vous souhaitez laisser derri\u00e8re vous.<br \/>\nLe carnet <em>Mes Derni\u00e8res Volont\u00e9s<\/em> vous accompagne pour r\u00e9fl\u00e9chir \u00e0 :<\/p>\n<ul>\n<li><strong>Ce qui vous d\u00e9finit<\/strong><\/li>\n<li><strong>La musique ou les mots qui vous r\u00e9confortent<\/strong><\/li>\n<li><strong>Les rituels et souhaits<\/strong> qui ont une signification pour vous<\/li>\n<\/ul>\n<p>Le remplir vous apporte s\u00e9r\u00e9nit\u00e9 et facilite les \u00e9changes avec vos proches.<br \/>\nVous pouvez le compl\u00e9ter en ligne via <a class=\"text-yellow\" href=\"https:\/\/mijn.sereni.be\/fr-BE\/connexion\" target=\"_blank\" rel=\"noopener\"><strong>Mon Sereni.be<\/strong><\/a> ou demander une version papier aupr\u00e8s de <a class=\"text-yellow\" href=\"https:\/\/www.sereni.be\/fr\/branch\" target=\"_blank\" rel=\"noopener\"><strong>nos conseillers fun\u00e9raires<\/strong><\/a>.<\/p>\n<p><a class=\"btn btn-primary\" href=\"https:\/\/mijn.sereni.be\/fr-BE\/connexion\" target=\"_blank\" rel=\"noopener\">Je remplis la version digitale du carnet<\/a><\/p>\n                                    <\/div>\n                                                                                    <\/div>\n                                                <\/div>\n        <\/div>\n    <\/div>\n<\/div>\n","protected":false},"excerpt":{"rendered":"","protected":false},"author":1,"featured_media":0,"parent":0,"menu_order":0,"comment_status":"closed","ping_status":"closed","template":"views\/template-homepage.blade.php","meta":{"_acf_changed":false,"footnotes":""},"class_list":["post-24662","page","type-page","status-publish","hentry"],"acf":[],"yoast_head":"<!-- This site is optimized with the Yoast SEO plugin v25.8 - https:\/\/yoast.com\/wordpress\/plugins\/seo\/ -->\n<title>Les fun\u00e9railles Brainoises - Des obs\u00e8ques uniques et personnalis\u00e9es<\/title>\n<meta name=\"description\" content=\"Les Pompes Fun\u00e8bres Brainsoises proposent des fun\u00e9railles uniques. Service d&#039;adieu, n\u00e9crologie, reliquaires, ... . Contactez-nous.\" \/>\n<meta name=\"robots\" content=\"index, follow, max-snippet:-1, max-image-preview:large, max-video-preview:-1\" \/>\n<link rel=\"canonical\" href=\"https:\/\/www.funeraillesbrainoises.be\/fr\/\" \/>\n<meta property=\"og:locale\" content=\"fr_FR\" \/>\n<meta property=\"og:type\" content=\"article\" \/>\n<meta property=\"og:title\" content=\"Les fun\u00e9railles Brainoises - Des obs\u00e8ques uniques et personnalis\u00e9es\" \/>\n<meta property=\"og:description\" content=\"Les Pompes Fun\u00e8bres Brainsoises proposent des fun\u00e9railles uniques. Service d&#039;adieu, n\u00e9crologie, reliquaires, ... . Contactez-nous.\" \/>\n<meta property=\"og:url\" content=\"https:\/\/www.funeraillesbrainoises.be\/fr\/\" \/>\n<meta property=\"og:site_name\" content=\"Les Fun\u00e9railles Brainoises\" \/>\n<meta property=\"article:modified_time\" content=\"2025-12-11T16:56:20+00:00\" \/>\n<meta name=\"twitter:card\" content=\"summary_large_image\" \/>\n<meta name=\"twitter:label1\" content=\"Est. reading time\" \/>\n\t<meta name=\"twitter:data1\" content=\"2 minutes\" \/>\n<script type=\"application\/ld+json\" class=\"yoast-schema-graph\">{\"@context\":\"https:\/\/schema.org\",\"@graph\":[{\"@type\":\"WebPage\",\"@id\":\"https:\/\/www.funeraillesbrainoises.be\/fr\/\",\"url\":\"https:\/\/www.funeraillesbrainoises.be\/fr\/\",\"name\":\"Les fun\u00e9railles Brainoises - Des obs\u00e8ques uniques et personnalis\u00e9es\",\"isPartOf\":{\"@id\":\"https:\/\/www.funeraillesbrainoises.be\/fr\/#website\"},\"datePublished\":\"2021-07-01T07:09:11+00:00\",\"dateModified\":\"2025-12-11T16:56:20+00:00\",\"description\":\"Les Pompes Fun\u00e8bres Brainsoises proposent des fun\u00e9railles uniques. Service d'adieu, n\u00e9crologie, reliquaires, ... . Contactez-nous.\",\"inLanguage\":\"fr-FR\",\"potentialAction\":[{\"@type\":\"ReadAction\",\"target\":[\"https:\/\/www.funeraillesbrainoises.be\/fr\/\"]}]},{\"@type\":\"WebSite\",\"@id\":\"https:\/\/www.funeraillesbrainoises.be\/fr\/#website\",\"url\":\"https:\/\/www.funeraillesbrainoises.be\/fr\/\",\"name\":\"Les Fun\u00e8railles Brainoises\",\"description\":\"Just another Sereni site\",\"potentialAction\":[{\"@type\":\"SearchAction\",\"target\":{\"@type\":\"EntryPoint\",\"urlTemplate\":\"https:\/\/www.funeraillesbrainoises.be\/fr\/?s={search_term_string}\"},\"query-input\":{\"@type\":\"PropertyValueSpecification\",\"valueRequired\":true,\"valueName\":\"search_term_string\"}}],\"inLanguage\":\"fr-FR\"}]}<\/script>\n<!-- \/ Yoast SEO plugin. -->","yoast_head_json":{"title":"Les fun\u00e9railles Brainoises - Des obs\u00e8ques uniques et personnalis\u00e9es","description":"Les Pompes Fun\u00e8bres Brainsoises proposent des fun\u00e9railles uniques. Service d'adieu, n\u00e9crologie, reliquaires, ... . Contactez-nous.","robots":{"index":"index","follow":"follow","max-snippet":"max-snippet:-1","max-image-preview":"max-image-preview:large","max-video-preview":"max-video-preview:-1"},"canonical":"https:\/\/www.funeraillesbrainoises.be\/fr\/","og_locale":"fr_FR","og_type":"article","og_title":"Les fun\u00e9railles Brainoises - Des obs\u00e8ques uniques et personnalis\u00e9es","og_description":"Les Pompes Fun\u00e8bres Brainsoises proposent des fun\u00e9railles uniques. Service d'adieu, n\u00e9crologie, reliquaires, ... . Contactez-nous.","og_url":"https:\/\/www.funeraillesbrainoises.be\/fr\/","og_site_name":"Les Fun\u00e9railles Brainoises","article_modified_time":"2025-12-11T16:56:20+00:00","twitter_card":"summary_large_image","twitter_misc":{"Est. reading time":"2 minutes"},"schema":{"@context":"https:\/\/schema.org","@graph":[{"@type":"WebPage","@id":"https:\/\/www.funeraillesbrainoises.be\/fr\/","url":"https:\/\/www.funeraillesbrainoises.be\/fr\/","name":"Les fun\u00e9railles Brainoises - Des obs\u00e8ques uniques et personnalis\u00e9es","isPartOf":{"@id":"https:\/\/www.funeraillesbrainoises.be\/fr\/#website"},"datePublished":"2021-07-01T07:09:11+00:00","dateModified":"2025-12-11T16:56:20+00:00","description":"Les Pompes Fun\u00e8bres Brainsoises proposent des fun\u00e9railles uniques. Service d'adieu, n\u00e9crologie, reliquaires, ... . Contactez-nous.","inLanguage":"fr-FR","potentialAction":[{"@type":"ReadAction","target":["https:\/\/www.funeraillesbrainoises.be\/fr\/"]}]},{"@type":"WebSite","@id":"https:\/\/www.funeraillesbrainoises.be\/fr\/#website","url":"https:\/\/www.funeraillesbrainoises.be\/fr\/","name":"Les Fun\u00e8railles Brainoises","description":"Just another Sereni site","potentialAction":[{"@type":"SearchAction","target":{"@type":"EntryPoint","urlTemplate":"https:\/\/www.funeraillesbrainoises.be\/fr\/?s={search_term_string}"},"query-input":{"@type":"PropertyValueSpecification","valueRequired":true,"valueName":"search_term_string"}}],"inLanguage":"fr-FR"}]}},"_links":{"self":[{"href":"https:\/\/www.funeraillesbrainoises.be\/fr\/wp-json\/wp\/v2\/pages\/24662","targetHints":{"allow":["GET"]}}],"collection":[{"href":"https:\/\/www.funeraillesbrainoises.be\/fr\/wp-json\/wp\/v2\/pages"}],"about":[{"href":"https:\/\/www.funeraillesbrainoises.be\/fr\/wp-json\/wp\/v2\/types\/page"}],"author":[{"embeddable":true,"href":"https:\/\/www.funeraillesbrainoises.be\/fr\/wp-json\/wp\/v2\/users\/1"}],"replies":[{"embeddable":true,"href":"https:\/\/www.funeraillesbrainoises.be\/fr\/wp-json\/wp\/v2\/comments?post=24662"}],"version-history":[{"count":2,"href":"https:\/\/www.funeraillesbrainoises.be\/fr\/wp-json\/wp\/v2\/pages\/24662\/revisions"}],"predecessor-version":[{"id":81503,"href":"https:\/\/www.funeraillesbrainoises.be\/fr\/wp-json\/wp\/v2\/pages\/24662\/revisions\/81503"}],"wp:attachment":[{"href":"https:\/\/www.funeraillesbrainoises.be\/fr\/wp-json\/wp\/v2\/media?parent=24662"}],"curies":[{"name":"wp","href":"https:\/\/api.w.org\/{rel}","templated":true}]}}